{"id":10876,"date":"2021-04-05T11:22:42","date_gmt":"2021-04-05T11:22:42","guid":{"rendered":"https:\/\/hekes.ee\/toode\/series-mfp2\/"},"modified":"2021-04-05T11:22:42","modified_gmt":"2021-04-05T11:22:42","slug":"series-mfp2","status":"publish","type":"product","link":"https:\/\/hekes.ee\/ru\/toode\/series-mfp2\/","title":{"rendered":"Series MFP2"},"content":{"rendered":"<div class=\"kenmerken-uitleg\">\n<p>MFP2 seeria Packo pumpasid kasutatakse k\u00f5ige n\u00f5udlikumates h\u00fcgieenilistes rakendustes peaaegu k\u00f5igis t\u00f6\u00f6stusharudes, nagu meiereid, \u00f5lletehaseid, joogit\u00f6\u00f6stust, piiritusetehaseid jne. Nendel tugevatel pumpadel on valatud pumba korpused 316L ja avatud v\u00f5i avatud poolavatud valatud tiivikud 316L v\u00f5i dupleksmaterjalist. T\u00e4nu t\u00fchimikuteta disainile ja elektropoleerimisele on MFP2 seeria pumbad teie tootmisprotsessi usaldusv\u00e4\u00e4rne komponent.<\/p>\n<p>Need t\u00e4ielikult puhastatavad protsessipumbad on ideaalne lahendus nii filtreerimisel, past\u00f6riseerimisel, aurustuss\u00fcsteemidel, p\u00e4rmi paljundamisel kui ka CIP-puhastuss\u00fcsteemides. T\u00fc\u00fcpilised rakendused h\u00f5lmavad \u00f5lle, veini ja puuviljamahla filtreerimist ning p\u00e4rmi, vadaku ja kohupiima pumpamist.<\/p>\n<\/div>\n<p><img decoding=\"async\" src=\"https:\/\/www.packopumps.com\/website\/var\/tmp\/image-thumbnails\/0\/7027\/thumb__auto_499317a4cfa638f966e46415b5739936\/MFP2_render%20aangeduid.png\" \/><\/p>\n<div class=\"kenmerken\">\n<ol>\n<li>Elektropoleeritud, h\u00f5lpsasti puhastatav konstruktsioon, ei teki bakteril\u00f5kse, kuna o-r\u00f5ngaste \u00fcmber ei teki v\u00e4ikseid t\u00fchimikke<\/li>\n<li>K\u00fclmvaltsitud roostevabast terasest plaat 2B kvaliteediga, eriti sile<\/li>\n<li>Suur tihendikamber tihendi t\u00e4iuslikuks puhastamiseks<\/li>\n<li>Monobloki versioon standardsete IEC mootoritega<\/li>\n<\/ol>\n<p><a href=\"https:\/\/www.packopumps.com\/en\/products\/centrifugal\/mfp2\" target=\"_blank\" rel=\"noopener\">https:\/\/www.packopumps.com\/en\/products\/centrifugal\/mfp2<\/a><\/p>\n<\/div>\n","protected":false},"excerpt":{"rendered":"<p><span style=\"color: #282828;\">Energias\u00e4\u00e4stlik t\u00e4nu optimaalsele pumba h\u00fcdraulikale<\/span><\/p>\n<table>\n<tbody>\n<tr>\n<td>Maks.\u00a0vooluhulk<\/td>\n<td>120 m\u00b3 \/ h<\/td>\n<\/tr>\n<tr>\n<td>Maks.\u00a0tarnepea<\/td>\n<td>65 m<\/td>\n<\/tr>\n<tr>\n<td>Maks.\u00a0toote viskoossus<\/td>\n<td>1000 cP<\/td>\n<\/tr>\n<tr>\n<td>max mootori v\u00f5imsus<\/td>\n<td>22 kW<\/td>\n<\/tr>\n<\/tbody>\n<\/table>\n<p>&nbsp;<\/p>\n","protected":false},"featured_media":7437,"comment_status":"closed","ping_status":"closed","template":"","meta":[],"product_brand":[],"product_cat":[270,272],"product_tag":[],"class_list":{"0":"post-10876","1":"product","2":"type-product","3":"status-publish","4":"has-post-thumbnail","6":"product_cat-packo-ru","7":"product_cat-272","9":"first","10":"instock","11":"taxable","12":"shipping-taxable","13":"product-type-simple"},"_links":{"self":[{"href":"https:\/\/hekes.ee\/ru\/wp-json\/wp\/v2\/product\/10876","targetHints":{"allow":["GET"]}}],"collection":[{"href":"https:\/\/hekes.ee\/ru\/wp-json\/wp\/v2\/product"}],"about":[{"href":"https:\/\/hekes.ee\/ru\/wp-json\/wp\/v2\/types\/product"}],"replies":[{"embeddable":true,"href":"https:\/\/hekes.ee\/ru\/wp-json\/wp\/v2\/comments?post=10876"}],"wp:featuredmedia":[{"embeddable":true,"href":"https:\/\/hekes.ee\/ru\/wp-json\/wp\/v2\/media\/7437"}],"wp:attachment":[{"href":"https:\/\/hekes.ee\/ru\/wp-json\/wp\/v2\/media?parent=10876"}],"wp:term":[{"taxonomy":"product_brand","embeddable":true,"href":"https:\/\/hekes.ee\/ru\/wp-json\/wp\/v2\/product_brand?post=10876"},{"taxonomy":"product_cat","embeddable":true,"href":"https:\/\/hekes.ee\/ru\/wp-json\/wp\/v2\/product_cat?post=10876"},{"taxonomy":"product_tag","embeddable":true,"href":"https:\/\/hekes.ee\/ru\/wp-json\/wp\/v2\/product_tag?post=10876"}],"curies":[{"name":"wp","href":"https:\/\/api.w.org\/{rel}","templated":true}]}}