{"id":10874,"date":"2021-04-05T11:24:52","date_gmt":"2021-04-05T11:24:52","guid":{"rendered":"https:\/\/hekes.ee\/toode\/series-mscp\/"},"modified":"2021-04-05T11:24:52","modified_gmt":"2021-04-05T11:24:52","slug":"series-mscp","status":"publish","type":"product","link":"https:\/\/hekes.ee\/ru\/toode\/series-mscp\/","title":{"rendered":"Series MSCP"},"content":{"rendered":"<div class=\"kenmerken-uitleg\">\n<p>Selle iseimeva pumba korpus, tiivikud ja laternaosa koos kanduriga koosnevad roostevabast terasest 316L elektrol\u00fc\u00fctiliselt poleeritud t\u00e4ppisvalust. Selle tulemuseks on vastupidav ja usaldusv\u00e4\u00e4rne v\u00e4ga peene pinnakonstruktsiooniga pump.<\/p>\n<p>Seda iseimevat k\u00fclgkanali pumpa kasutatakse mitmesugustes rakendustes, kus \u00f5hk tuleb v\u00e4ljalasketorus oleva k\u00f5rge vastur\u00f5hu t\u00f5ttu l\u00e4bi pumbata. MSCP-l on erakordne imemisv\u00f5imsus ja \u00f5hut\u00f6\u00f6tlusv\u00f5ime.\u00a0See v\u00f5imaldab imin\u00f6\u00f6ri t\u00e4ielikult t\u00fchjendada isegi vahutavate ja veidi viskoossemate vedelike korral. Seda kasutatakse sageli veoautode mahalaadimiseks ja k\u00f5rgete silode pumpamiseks.<\/p>\n<\/div>\n<p><img decoding=\"async\" src=\"https:\/\/www.packopumps.com\/website\/var\/tmp\/image-thumbnails\/0\/7129\/thumb__auto_499317a4cfa638f966e46415b5739936\/MSCP_render%20aangeduid.png\" \/><\/p>\n<div class=\"kenmerken\">\n<ol>\n<li>Monobloki versioon standardsete IEC mootoritega (4-pooluselised)<\/li>\n<li>Pumba v\u00e4ljalaskeava tihendikambris.\u00a0Vedelik peseb mehaanilise tihendi \u00fcmber ja seega on tihendikambri p\u00f5hjalik puhastatavus tagatud.<\/li>\n<li>T\u00f6\u00f6ratta kinnituskruvi \u00fcmber pole t\u00fchja ruumi.<\/li>\n<li>Peatumisel j\u00e4\u00e4b pumba taask\u00e4ivitamiseks\u00a0piisavalt vedelikku\u00a0.<\/li>\n<li>\u00dchendusr\u00f5ngas labade v\u00e4lisk\u00fcljel. Pumba korpust puhastatakse paremini kui v\u00e4ljastpoolt suletud\u00a0tiiviku puhul, kuid siiski pole labade resonantsi nagu avatud tiivikute puhul.<\/li>\n<li>Profiilitud tiivik (valikuline) annab erakordse imemisv\u00f5imsuse ja \u00f5hut\u00f6\u00f6tlusv\u00f5ime ning madala NPSH.<\/li>\n<\/ol>\n<p><a href=\"https:\/\/www.packopumps.com\/en\/products\/centrifugal\/mscp\" target=\"_blank\" rel=\"noopener\">https:\/\/www.packopumps.com\/en\/products\/centrifugal\/mscp<\/a><\/p>\n<\/div>\n","protected":false},"excerpt":{"rendered":"<p><span style=\"color: #282828;\">Iseimev k\u00fclgkanali pump<\/span><\/p>\n<table>\n<tbody>\n<tr>\n<td>Maks.\u00a0vooluhulk<\/td>\n<td>40 m\u00b3 \/ h<\/td>\n<\/tr>\n<tr>\n<td>Maks.\u00a0s\u00fcnnituspea<\/td>\n<td>75 m<\/td>\n<\/tr>\n<tr>\n<td>Maks.\u00a0toote viskoossus<\/td>\n<td>300 cP<\/td>\n<\/tr>\n<tr>\n<td>max mootori v\u00f5imsus<\/td>\n<td>15 kW<\/td>\n<\/tr>\n<\/tbody>\n<\/table>\n<p>&nbsp;<\/p>\n","protected":false},"featured_media":7880,"comment_status":"closed","ping_status":"closed","template":"","meta":[],"product_brand":[],"product_cat":[270,272],"product_tag":[],"class_list":{"0":"post-10874","1":"product","2":"type-product","3":"status-publish","4":"has-post-thumbnail","6":"product_cat-packo-ru","7":"product_cat-272","9":"first","10":"instock","11":"taxable","12":"shipping-taxable","13":"product-type-simple"},"_links":{"self":[{"href":"https:\/\/hekes.ee\/ru\/wp-json\/wp\/v2\/product\/10874","targetHints":{"allow":["GET"]}}],"collection":[{"href":"https:\/\/hekes.ee\/ru\/wp-json\/wp\/v2\/product"}],"about":[{"href":"https:\/\/hekes.ee\/ru\/wp-json\/wp\/v2\/types\/product"}],"replies":[{"embeddable":true,"href":"https:\/\/hekes.ee\/ru\/wp-json\/wp\/v2\/comments?post=10874"}],"wp:featuredmedia":[{"embeddable":true,"href":"https:\/\/hekes.ee\/ru\/wp-json\/wp\/v2\/media\/7880"}],"wp:attachment":[{"href":"https:\/\/hekes.ee\/ru\/wp-json\/wp\/v2\/media?parent=10874"}],"wp:term":[{"taxonomy":"product_brand","embeddable":true,"href":"https:\/\/hekes.ee\/ru\/wp-json\/wp\/v2\/product_brand?post=10874"},{"taxonomy":"product_cat","embeddable":true,"href":"https:\/\/hekes.ee\/ru\/wp-json\/wp\/v2\/product_cat?post=10874"},{"taxonomy":"product_tag","embeddable":true,"href":"https:\/\/hekes.ee\/ru\/wp-json\/wp\/v2\/product_tag?post=10874"}],"curies":[{"name":"wp","href":"https:\/\/api.w.org\/{rel}","templated":true}]}}