{"id":10872,"date":"2021-04-05T11:27:12","date_gmt":"2021-04-05T11:27:12","guid":{"rendered":"https:\/\/hekes.ee\/toode\/series-msp2\/"},"modified":"2021-04-05T11:27:12","modified_gmt":"2021-04-05T11:27:12","slug":"series-msp2","status":"publish","type":"product","link":"https:\/\/hekes.ee\/ru\/toode\/series-msp2\/","title":{"rendered":"Series MSP2"},"content":{"rendered":"<div class=\"kenmerken-uitleg\">\n<p>Nendel vastupidavatel pumpadel on valatud roostevabast terasest korpused ja avatud tiivikud. T\u00e4nu kindlale konstruktsioonile ja elektropoleeritud disainile on need pumbad teie tootmisprotsessi usaldusv\u00e4\u00e4rne osa.\u00a0Need pumbad suudavad vedelikku madalamalt pumpa viia.<\/p>\n<p>Neid iseimevaid pumbasid kasutatakse sageli puhaste ja kergelt saastunud vedelike pumpamiseks. Neid kasutatakse sageli nii veoautode mahalaadimisel kui ka CIP-i tagastamisel jne. MSP2 seeria Packo pumbad on iseimevad pumbad, mida kasutatakse paljudes t\u00f6\u00f6stusharudes.<\/p>\n<\/div>\n<p>&nbsp;<\/p>\n<p><img decoding=\"async\" src=\"https:\/\/www.packopumps.com\/website\/var\/tmp\/image-thumbnails\/0\/6994\/thumb__auto_499317a4cfa638f966e46415b5739936\/MSP2_render%20aangeduid.png\" alt=\"MSP2 omadused\" \/><\/p>\n<div class=\"kenmerken\">\n<ol>\n<li>Tugev disain t\u00e4nu vormitud pumba korpusele ja tiivikutele<\/li>\n<li>Suur tihendikamber vedeliku ringluse tagamiseks tihendi \u00fcmber<\/li>\n<li>Monobloki versioon standardsete IEC mootoritega<\/li>\n<\/ol>\n<p><a href=\"https:\/\/www.packopumps.com\/en\/products\/centrifugal\/msp2\" target=\"_blank\" rel=\"noopener\">https:\/\/www.packopumps.com\/en\/products\/centrifugal\/msp2<\/a><\/p>\n<\/div>\n","protected":false},"excerpt":{"rendered":"<p><span style=\"color: #282828;\">Iseimev pump<\/span><\/p>\n<table>\n<tbody>\n<tr>\n<td>Maks.\u00a0vooluhulk<\/td>\n<td>70 m\u00b3 \/ h<\/td>\n<\/tr>\n<tr>\n<td>Maks.\u00a0s\u00fcnnituspea<\/td>\n<td>43 m<\/td>\n<\/tr>\n<tr>\n<td>Maks.\u00a0toote viskoossus<\/td>\n<td>10 cP<\/td>\n<\/tr>\n<tr>\n<td>max mootori v\u00f5imsus<\/td>\n<td>11 kW<\/td>\n<\/tr>\n<\/tbody>\n<\/table>\n<p>&nbsp;<\/p>\n","protected":false},"featured_media":7885,"comment_status":"closed","ping_status":"closed","template":"","meta":[],"product_brand":[],"product_cat":[270,272],"product_tag":[],"class_list":{"0":"post-10872","1":"product","2":"type-product","3":"status-publish","4":"has-post-thumbnail","6":"product_cat-packo-ru","7":"product_cat-272","9":"first","10":"instock","11":"taxable","12":"shipping-taxable","13":"product-type-simple"},"_links":{"self":[{"href":"https:\/\/hekes.ee\/ru\/wp-json\/wp\/v2\/product\/10872","targetHints":{"allow":["GET"]}}],"collection":[{"href":"https:\/\/hekes.ee\/ru\/wp-json\/wp\/v2\/product"}],"about":[{"href":"https:\/\/hekes.ee\/ru\/wp-json\/wp\/v2\/types\/product"}],"replies":[{"embeddable":true,"href":"https:\/\/hekes.ee\/ru\/wp-json\/wp\/v2\/comments?post=10872"}],"wp:featuredmedia":[{"embeddable":true,"href":"https:\/\/hekes.ee\/ru\/wp-json\/wp\/v2\/media\/7885"}],"wp:attachment":[{"href":"https:\/\/hekes.ee\/ru\/wp-json\/wp\/v2\/media?parent=10872"}],"wp:term":[{"taxonomy":"product_brand","embeddable":true,"href":"https:\/\/hekes.ee\/ru\/wp-json\/wp\/v2\/product_brand?post=10872"},{"taxonomy":"product_cat","embeddable":true,"href":"https:\/\/hekes.ee\/ru\/wp-json\/wp\/v2\/product_cat?post=10872"},{"taxonomy":"product_tag","embeddable":true,"href":"https:\/\/hekes.ee\/ru\/wp-json\/wp\/v2\/product_tag?post=10872"}],"curies":[{"name":"wp","href":"https:\/\/api.w.org\/{rel}","templated":true}]}}