{"id":10871,"date":"2021-04-05T11:28:01","date_gmt":"2021-04-05T11:28:01","guid":{"rendered":"https:\/\/hekes.ee\/toode\/series-nms\/"},"modified":"2021-04-05T11:28:01","modified_gmt":"2021-04-05T11:28:01","slug":"series-nms","status":"publish","type":"product","link":"https:\/\/hekes.ee\/ru\/toode\/series-nms\/","title":{"rendered":"Series NMS"},"content":{"rendered":"<div class=\"kenmerken-uitleg\">NMS-seeria mitmeastmelised Packo pumbad on varustatud avatud t\u00f6\u00f6ratastega ja hajutitega. Need sobivad kasutamiseks m\u00f5\u00f5duka voolukiiruse ja k\u00f5rge r\u00f5hu korral.<\/div>\n<p>Kasutamiseks toidu-, pruulimis- ja joogit\u00f6\u00f6stuses ning farmaatsia- ja keemiat\u00f6\u00f6stuses vedelate toiduainete, jookide, ravimite, vedelike jms \u00fclekande- ja segamispumbana. T\u00fc\u00fcpilised rakendused: protsessipump plaatsoojusvahetite, past\u00f6riseerimiss\u00fcsteemide, filtrite, t\u00e4itmismasinate, segistite, deaeraatorite, karboniseerimis- ja k\u00f5rgsurvepesus\u00fcsteemide jaoks.<\/p>\n<p><img decoding=\"async\" src=\"https:\/\/www.packopumps.com\/website\/var\/tmp\/image-thumbnails\/0\/6992\/thumb__auto_499317a4cfa638f966e46415b5739936\/NMS_render%20aangeduid.png\" \/><\/p>\n<div class=\"kenmerken\">\n<ol>\n<li>Suur tihendikamber vedeliku ringluse tagamiseks tihendi \u00fcmber<\/li>\n<li>Tugev disain t\u00e4nu avatud vormitud tiivikutele ja hajutitele<\/li>\n<li>Avatud tiivikud: mootori laagritel pole aksiaalset j\u00f5udu<\/li>\n<li>Monobloki versioon standardsete IEC mootoritega<\/li>\n<\/ol>\n<p><a href=\"https:\/\/www.packopumps.com\/en\/products\/centrifugal\/nms\" target=\"_blank\" rel=\"noopener\">https:\/\/www.packopumps.com\/en\/products\/centrifugal\/nms<\/a><\/p>\n<\/div>\n","protected":false},"excerpt":{"rendered":"<p><span style=\"color: #282828;\">Mitmeastmeline pump<\/span><\/p>\n<table>\n<tbody>\n<tr>\n<td>Maks.\u00a0vooluhulk<\/td>\n<td>50 m\u00b3 \/ h<\/td>\n<\/tr>\n<tr>\n<td>Maks.\u00a0s\u00fcnnituspea<\/td>\n<td>215 m<\/td>\n<\/tr>\n<tr>\n<td>Maks.\u00a0toote viskoossus<\/td>\n<td>250 cP<\/td>\n<\/tr>\n<tr>\n<td>max mootori v\u00f5imsus<\/td>\n<td>45 kW<\/td>\n<\/tr>\n<\/tbody>\n<\/table>\n<p>&nbsp;<\/p>\n","protected":false},"featured_media":7889,"comment_status":"closed","ping_status":"closed","template":"","meta":[],"product_brand":[],"product_cat":[270,272],"product_tag":[],"class_list":{"0":"post-10871","1":"product","2":"type-product","3":"status-publish","4":"has-post-thumbnail","6":"product_cat-packo-ru","7":"product_cat-272","9":"first","10":"instock","11":"taxable","12":"shipping-taxable","13":"product-type-simple"},"_links":{"self":[{"href":"https:\/\/hekes.ee\/ru\/wp-json\/wp\/v2\/product\/10871","targetHints":{"allow":["GET"]}}],"collection":[{"href":"https:\/\/hekes.ee\/ru\/wp-json\/wp\/v2\/product"}],"about":[{"href":"https:\/\/hekes.ee\/ru\/wp-json\/wp\/v2\/types\/product"}],"replies":[{"embeddable":true,"href":"https:\/\/hekes.ee\/ru\/wp-json\/wp\/v2\/comments?post=10871"}],"wp:featuredmedia":[{"embeddable":true,"href":"https:\/\/hekes.ee\/ru\/wp-json\/wp\/v2\/media\/7889"}],"wp:attachment":[{"href":"https:\/\/hekes.ee\/ru\/wp-json\/wp\/v2\/media?parent=10871"}],"wp:term":[{"taxonomy":"product_brand","embeddable":true,"href":"https:\/\/hekes.ee\/ru\/wp-json\/wp\/v2\/product_brand?post=10871"},{"taxonomy":"product_cat","embeddable":true,"href":"https:\/\/hekes.ee\/ru\/wp-json\/wp\/v2\/product_cat?post=10871"},{"taxonomy":"product_tag","embeddable":true,"href":"https:\/\/hekes.ee\/ru\/wp-json\/wp\/v2\/product_tag?post=10871"}],"curies":[{"name":"wp","href":"https:\/\/api.w.org\/{rel}","templated":true}]}}