{"id":10870,"date":"2021-04-05T10:50:17","date_gmt":"2021-04-05T10:50:17","guid":{"rendered":"https:\/\/hekes.ee\/toode\/series-np60\/"},"modified":"2021-04-05T10:50:17","modified_gmt":"2021-04-05T10:50:17","slug":"series-np60","status":"publish","type":"product","link":"https:\/\/hekes.ee\/ru\/toode\/series-np60\/","title":{"rendered":"Series NP60"},"content":{"rendered":"<div class=\"kenmerken-uitleg\">\n<p>NP60 sarja Packo roostevabast terasest tsentrifugaalpumbad on meie tasukohased t\u00f6\u00f6stuspumbad. Neil on avatud tiivikud. Selle seeriaga saavutatakse tavaliselt k\u00f5rge efektiivsus, mille tulemuseks on teie tootmisprotsessi jaoks v\u00e4iksem energiatarbimine.\u00a0T\u00e4nu modulaarsele kontseptsioonile tagab see ka lihtsa hoolduse.<\/p>\n<p>NP60 pumpa kasutatakse peamiselt puhaste ja kergelt saastunud vedelike jaoks, mille maksimaalne viskoossus on 500 cP. Neid kasutatakse sageli protsessipumbana tekstiili pesemiseks, veepuhastuseks, aga ka lahustite, alkoholide ja kemikaalide pumpamiseks<\/p>\n<\/div>\n<p><img decoding=\"async\" src=\"https:\/\/www.packopumps.com\/website\/var\/tmp\/image-thumbnails\/0\/6934\/thumb__auto_c6945f6fbfdd9238651b7973519e8db7\/NP60_render%20aangeduid.png\" \/><\/p>\n<div class=\"kenmerken\">\n<ol>\n<li>Pressitud roostevabast terasest minimaalse paksusega 2 mm<\/li>\n<li>Avatud tiivikud<\/li>\n<li>Suur tihendikamber vedeliku ringluse tagamiseks tihendi \u00fcmber<\/li>\n<li>Monobloki versioon standardsete IEC mootoritega<\/li>\n<\/ol>\n<p><a href=\"https:\/\/www.packopumps.com\/en\/products\/centrifugal\/np60\" target=\"_blank\" rel=\"noopener\">https:\/\/www.packopumps.com\/en\/products\/centrifugal\/np60<\/a><\/p>\n<\/div>\n","protected":false},"excerpt":{"rendered":"<p><span style=\"color: #282828;\">T\u00f6\u00f6stuslik pump<\/span><\/p>\n<table>\n<tbody>\n<tr>\n<td>Maks.\u00a0vooluhulk<\/td>\n<td>40 m\u00b3 \/ h<\/td>\n<\/tr>\n<tr>\n<td>Maks.\u00a0s\u00fcnnituspea<\/td>\n<td>27 m<\/td>\n<\/tr>\n<tr>\n<td>Maks.\u00a0toote viskoossus<\/td>\n<td>500 cP<\/td>\n<\/tr>\n<tr>\n<td>max mootori v\u00f5imsus<\/td>\n<td>2,2 kW<\/td>\n<\/tr>\n<\/tbody>\n<\/table>\n<p>&nbsp;<\/p>\n","protected":false},"featured_media":7576,"comment_status":"closed","ping_status":"closed","template":"","meta":[],"product_brand":[],"product_cat":[270,272],"product_tag":[],"class_list":{"0":"post-10870","1":"product","2":"type-product","3":"status-publish","4":"has-post-thumbnail","6":"product_cat-packo-ru","7":"product_cat-272","9":"first","10":"instock","11":"taxable","12":"shipping-taxable","13":"product-type-simple"},"_links":{"self":[{"href":"https:\/\/hekes.ee\/ru\/wp-json\/wp\/v2\/product\/10870","targetHints":{"allow":["GET"]}}],"collection":[{"href":"https:\/\/hekes.ee\/ru\/wp-json\/wp\/v2\/product"}],"about":[{"href":"https:\/\/hekes.ee\/ru\/wp-json\/wp\/v2\/types\/product"}],"replies":[{"embeddable":true,"href":"https:\/\/hekes.ee\/ru\/wp-json\/wp\/v2\/comments?post=10870"}],"wp:featuredmedia":[{"embeddable":true,"href":"https:\/\/hekes.ee\/ru\/wp-json\/wp\/v2\/media\/7576"}],"wp:attachment":[{"href":"https:\/\/hekes.ee\/ru\/wp-json\/wp\/v2\/media?parent=10870"}],"wp:term":[{"taxonomy":"product_brand","embeddable":true,"href":"https:\/\/hekes.ee\/ru\/wp-json\/wp\/v2\/product_brand?post=10870"},{"taxonomy":"product_cat","embeddable":true,"href":"https:\/\/hekes.ee\/ru\/wp-json\/wp\/v2\/product_cat?post=10870"},{"taxonomy":"product_tag","embeddable":true,"href":"https:\/\/hekes.ee\/ru\/wp-json\/wp\/v2\/product_tag?post=10870"}],"curies":[{"name":"wp","href":"https:\/\/api.w.org\/{rel}","templated":true}]}}