{"id":10869,"date":"2021-04-05T11:31:19","date_gmt":"2021-04-05T11:31:19","guid":{"rendered":"https:\/\/hekes.ee\/toode\/series-php2\/"},"modified":"2021-04-05T11:31:19","modified_gmt":"2021-04-05T11:31:19","slug":"series-php2","status":"publish","type":"product","link":"https:\/\/hekes.ee\/ru\/toode\/series-php2\/","title":{"rendered":"Series PHP2"},"content":{"rendered":"<div class=\"kenmerken-uitleg\">\n<p>PHP2 seeria Packo 3A sertifitseeritud farmaatsiaprotsesside pumpa kasutatakse farmaatsia-, biotehnoloogia- ja pooljuhit\u00f6\u00f6stuse k\u00f5ige n\u00f5udlikumates steriilsetes rakendustes. Nendel t\u00e4iesti ise puhastuvatel pumpadel on roostevabast terasest 316L pumba korpused, mis on valmistatud paksust k\u00fclmvaltsitud terasest, 100% poorideta ja v\u00e4ga siledad. Pumpadel on t\u00e4ielikult freesitud avatud tiivikud, mis on valmistatud 1,4435 materjalist.<\/p>\n<p>T\u00e4nu poorideta disainile ja elektropoleerimisele kui l\u00f5plikule pinnat\u00f6\u00f6tlusele on PHP2 pumbasari ideaalselt puhastatav, mille tulemuseks on teie tootmisprotsessi usaldusv\u00e4\u00e4rne komponent. Need t\u00e4iuslikult puhastatavad protsessipumbad on ideaalne lahendus puhastatud vee ringlusse laskmiseks, puhastamiseks jne. T\u00fc\u00fcpilised vedelikud on PW, WFI, CIP, siirupid jne.<\/p>\n<\/div>\n<p><img decoding=\"async\" src=\"https:\/\/www.packopumps.com\/website\/var\/tmp\/image-thumbnails\/0\/7036\/thumb__auto_499317a4cfa638f966e46415b5739936\/PHP2_render%20aangeduid.png\" \/><\/p>\n<div class=\"kenmerken\">\n<ol>\n<li>Elektropoleeritud, ise puhastuv konstruktsioon, puudub O-r\u00f5ngaste \u00fcmber v\u00e4ikeste vahede t\u00f5ttu bakterite oht<\/li>\n<li>K\u00fclmvaltsitud roostevabast terasest plaat 2B kvaliteediga, eriti sile<\/li>\n<li>T\u00e4iesti t\u00fchjendatav<\/li>\n<li>Suur tihendikamber tihendi t\u00e4iuslikuks puhastamiseks<\/li>\n<li>Monobloki versioon standardsete IEC mootoritega<\/li>\n<\/ol>\n<p><a href=\"https:\/\/www.packopumps.com\/en\/products\/centrifugal\/php2\" target=\"_blank\" rel=\"noopener\">https:\/\/www.packopumps.com\/en\/products\/centrifugal\/php2<\/a><\/p>\n<\/div>\n","protected":false},"excerpt":{"rendered":"<p><span style=\"color: #282828;\">3A sertifikaadiga farmaatsiaprotsessi pump<\/span><\/p>\n<table>\n<tbody>\n<tr>\n<td>Maks.\u00a0vooluhulk<\/td>\n<td>110 m\u00b3 \/ h<\/td>\n<\/tr>\n<tr>\n<td>Maks.\u00a0s\u00fcnnituspea<\/td>\n<td>110 m<\/td>\n<\/tr>\n<tr>\n<td>Maks.\u00a0toote viskoossus<\/td>\n<td>1000 cP<\/td>\n<\/tr>\n<tr>\n<td>max mootori v\u00f5imsus<\/td>\n<td>45 kW<\/td>\n<\/tr>\n<\/tbody>\n<\/table>\n<p>&nbsp;<\/p>\n","protected":false},"featured_media":7894,"comment_status":"closed","ping_status":"closed","template":"","meta":[],"product_brand":[],"product_cat":[270,272],"product_tag":[],"class_list":{"0":"post-10869","1":"product","2":"type-product","3":"status-publish","4":"has-post-thumbnail","6":"product_cat-packo-ru","7":"product_cat-272","9":"first","10":"instock","11":"taxable","12":"shipping-taxable","13":"product-type-simple"},"_links":{"self":[{"href":"https:\/\/hekes.ee\/ru\/wp-json\/wp\/v2\/product\/10869","targetHints":{"allow":["GET"]}}],"collection":[{"href":"https:\/\/hekes.ee\/ru\/wp-json\/wp\/v2\/product"}],"about":[{"href":"https:\/\/hekes.ee\/ru\/wp-json\/wp\/v2\/types\/product"}],"replies":[{"embeddable":true,"href":"https:\/\/hekes.ee\/ru\/wp-json\/wp\/v2\/comments?post=10869"}],"wp:featuredmedia":[{"embeddable":true,"href":"https:\/\/hekes.ee\/ru\/wp-json\/wp\/v2\/media\/7894"}],"wp:attachment":[{"href":"https:\/\/hekes.ee\/ru\/wp-json\/wp\/v2\/media?parent=10869"}],"wp:term":[{"taxonomy":"product_brand","embeddable":true,"href":"https:\/\/hekes.ee\/ru\/wp-json\/wp\/v2\/product_brand?post=10869"},{"taxonomy":"product_cat","embeddable":true,"href":"https:\/\/hekes.ee\/ru\/wp-json\/wp\/v2\/product_cat?post=10869"},{"taxonomy":"product_tag","embeddable":true,"href":"https:\/\/hekes.ee\/ru\/wp-json\/wp\/v2\/product_tag?post=10869"}],"curies":[{"name":"wp","href":"https:\/\/api.w.org\/{rel}","templated":true}]}}