{"id":10868,"date":"2021-04-05T10:12:56","date_gmt":"2021-04-05T10:12:56","guid":{"rendered":"https:\/\/hekes.ee\/toode\/series-prp2\/"},"modified":"2021-04-05T10:12:56","modified_gmt":"2021-04-05T10:12:56","slug":"series-prp2","status":"publish","type":"product","link":"https:\/\/hekes.ee\/ru\/toode\/series-prp2\/","title":{"rendered":"Series PRP2"},"content":{"rendered":"<div class=\"kenmerken-uitleg\">\n<p>PRP2 seeria pumbad on t\u00e4iesti puhastatavad EHEDG ja 3A sertifitseeritud vee emulsiooni pumbad ning neid kasutatakse peamiselt vedeliku ja \u00f5hu segu pumpamiseks. Nendel t\u00e4iesti ise puhastuvad pumbad on roostevabast terasest 316L pumba korpused, mis on valmistatud paksust k\u00fclmvaltsitud terasest, 100% poorideta ja v\u00e4ga siledad. Pumpadel on t\u00e4ielikult freesitud avatud tiivikud, mis on valmistatud 1,4435 materjalist.<\/p>\n<p>T\u00e4nu poorideta disainile ja elektropoleerimisele kui l\u00f5plikule pinnat\u00f6\u00f6tlusele on PRP2 pumbasari t\u00e4iesti puhastuv, mille tulemuseks on teie tootmisprotsessi usaldusv\u00e4\u00e4rne komponent. T\u00e4nu tavap\u00e4rasele tsentrifugaalpumbale rajatud ainulaadse vee emulsiooni konstruktsiooniga sobivad PRP2-seeriad eriti CIP-tagasipumbana!<\/p>\n<\/div>\n<p><img decoding=\"async\" src=\"https:\/\/www.packopumps.com\/website\/var\/tmp\/image-thumbnails\/0\/7037\/thumb__auto_499317a4cfa638f966e46415b5739936\/PRP2_render%20aangeduid.png\" \/><\/p>\n<div class=\"kenmerken\">\n<ol>\n<li>Ainulaadne vee emusliooni kontseptsioon koos puhastatava \u00f5huseparaatoriga<\/li>\n<li>\u00f5huseparaator pumba korpuses tagab \u00f5hu evakueerimise<\/li>\n<li>Elektropoleeritud, kergesti puhastatav konstruktsioon, puudub O-r\u00f5ngaste \u00fcmber v\u00e4ikeste vahede v\u00e4ltimise t\u00f5ttu bakterite oht<\/li>\n<li>T\u00e4iesti t\u00fchjendatav<\/li>\n<li>Monobloki versioon standardsete IEC mootoritega<\/li>\n<\/ol>\n<p><a href=\"https:\/\/www.packopumps.com\/en\/products\/centrifugal\/prp2\" target=\"_blank\" rel=\"noopener\">https:\/\/www.packopumps.com\/en\/products\/centrifugal\/prp2<\/a><\/p>\n<\/div>\n","protected":false},"excerpt":{"rendered":"<p><span style=\"color: #282828;\">3A sertifikaadiga \u00f5hut\u00f6\u00f6tluspump<\/span><\/p>\n<table>\n<tbody>\n<tr>\n<td>Maks.\u00a0vooluhulk<\/td>\n<td>105 m\u00b3 \/ h<\/td>\n<\/tr>\n<tr>\n<td>Maks.\u00a0s\u00fcnnituspea<\/td>\n<td>75 m<\/td>\n<\/tr>\n<tr>\n<td>Maks.\u00a0toote viskoossus<\/td>\n<td>10 cP<\/td>\n<\/tr>\n<tr>\n<td>max mootori v\u00f5imsus<\/td>\n<td>22 kW<\/td>\n<\/tr>\n<\/tbody>\n<\/table>\n<p>&nbsp;<\/p>\n","protected":false},"featured_media":7898,"comment_status":"closed","ping_status":"closed","template":"","meta":[],"product_brand":[],"product_cat":[270,272],"product_tag":[],"class_list":{"0":"post-10868","1":"product","2":"type-product","3":"status-publish","4":"has-post-thumbnail","6":"product_cat-packo-ru","7":"product_cat-272","9":"first","10":"instock","11":"taxable","12":"shipping-taxable","13":"product-type-simple"},"_links":{"self":[{"href":"https:\/\/hekes.ee\/ru\/wp-json\/wp\/v2\/product\/10868","targetHints":{"allow":["GET"]}}],"collection":[{"href":"https:\/\/hekes.ee\/ru\/wp-json\/wp\/v2\/product"}],"about":[{"href":"https:\/\/hekes.ee\/ru\/wp-json\/wp\/v2\/types\/product"}],"replies":[{"embeddable":true,"href":"https:\/\/hekes.ee\/ru\/wp-json\/wp\/v2\/comments?post=10868"}],"wp:featuredmedia":[{"embeddable":true,"href":"https:\/\/hekes.ee\/ru\/wp-json\/wp\/v2\/media\/7898"}],"wp:attachment":[{"href":"https:\/\/hekes.ee\/ru\/wp-json\/wp\/v2\/media?parent=10868"}],"wp:term":[{"taxonomy":"product_brand","embeddable":true,"href":"https:\/\/hekes.ee\/ru\/wp-json\/wp\/v2\/product_brand?post=10868"},{"taxonomy":"product_cat","embeddable":true,"href":"https:\/\/hekes.ee\/ru\/wp-json\/wp\/v2\/product_cat?post=10868"},{"taxonomy":"product_tag","embeddable":true,"href":"https:\/\/hekes.ee\/ru\/wp-json\/wp\/v2\/product_tag?post=10868"}],"curies":[{"name":"wp","href":"https:\/\/api.w.org\/{rel}","templated":true}]}}