{"id":10867,"date":"2021-04-05T10:10:34","date_gmt":"2021-04-05T10:10:34","guid":{"rendered":"https:\/\/hekes.ee\/toode\/series-vpcp\/"},"modified":"2021-04-05T10:10:34","modified_gmt":"2021-04-05T10:10:34","slug":"series-vpcp","status":"publish","type":"product","link":"https:\/\/hekes.ee\/ru\/toode\/series-vpcp\/","title":{"rendered":"Series VPCP"},"content":{"rendered":"<div class=\"kenmerken-uitleg\">\n<p>VPCP seeria Packo roostevabast terasest pumbad on kartulite, k\u00f6\u00f6giviljade, rannakarpide, krevettide jms \u00f5rna ja kahjustusteta pumpamiseks. Kuna neil on suur auk ja spetsiaalselt v\u00e4lja t\u00f6\u00f6tatud t\u00f6\u00f6ratta tera, tagavad need teie toote terveks j\u00e4\u00e4mise.<\/p>\n<p>Packo VPCP pumbasari on spetsiaalselt ette n\u00e4htud kartulite ja k\u00f6\u00f6giviljade ning mereandide, n\u00e4iteks rannakarpide, kukeseene ja krevettide kahjustusteta pumpamiseks. VPCP pumpa saab kasutada n\u00e4iteks laastuliinides ja k\u00f6\u00f6giviljade tarnimiseks blan\u0161eerimisliinidele.<\/p>\n<\/div>\n<p><img decoding=\"async\" src=\"https:\/\/www.packopumps.com\/website\/var\/tmp\/image-thumbnails\/0\/7001\/thumb__auto_499317a4cfa638f966e46415b5739936\/VPCP_render%20aangeduid.png\" \/><\/p>\n<div class=\"kenmerken\">\n<ol>\n<li>Elektropoleeritud, k\u00f5rge korrosioonikindlus, rooste puudub<\/li>\n<li>Spetsiaalselt kujundatud suure avaga tera: pumpamine ilma tootekahjustusteta<\/li>\n<li>Dupleksne varras tagab tera kiire ja lihtsa eemaldamise<\/li>\n<li>L\u00fckandkonstruktsioon: pumpa saab h\u00f5lpsasti tagasi l\u00fckata, kui pump j\u00e4\u00e4b torus\u00fcsteemi: l\u00fchikesed seisakud<\/li>\n<\/ol>\n<p><a href=\"https:\/\/www.packopumps.com\/en\/products\/centrifugal\/vpcp\" target=\"_blank\" rel=\"noopener\">https:\/\/www.packopumps.com\/en\/products\/centrifugal\/vpcp<\/a><\/p>\n<\/div>\n","protected":false},"excerpt":{"rendered":"<p><span style=\"color: #282828;\">Suur vaba l\u00e4bip\u00e4\u00e4s<\/span><\/p>\n<table>\n<tbody>\n<tr>\n<td>Maks.\u00a0vooluhulk<\/td>\n<td>1000 m\u00b3 \/ h<\/td>\n<\/tr>\n<tr>\n<td>Maks.\u00a0s\u00fcnnituspea<\/td>\n<td>20 m<\/td>\n<\/tr>\n<tr>\n<td>Maks.\u00a0toote viskoossus<\/td>\n<td>100 cP<\/td>\n<\/tr>\n<tr>\n<td>max mootori v\u00f5imsus<\/td>\n<td>55 kW<\/td>\n<\/tr>\n<\/tbody>\n<\/table>\n<p>&nbsp;<\/p>\n","protected":false},"featured_media":7595,"comment_status":"closed","ping_status":"closed","template":"","meta":[],"product_brand":[],"product_cat":[270,272],"product_tag":[],"class_list":{"0":"post-10867","1":"product","2":"type-product","3":"status-publish","4":"has-post-thumbnail","6":"product_cat-packo-ru","7":"product_cat-272","9":"first","10":"instock","11":"taxable","12":"shipping-taxable","13":"product-type-simple"},"_links":{"self":[{"href":"https:\/\/hekes.ee\/ru\/wp-json\/wp\/v2\/product\/10867","targetHints":{"allow":["GET"]}}],"collection":[{"href":"https:\/\/hekes.ee\/ru\/wp-json\/wp\/v2\/product"}],"about":[{"href":"https:\/\/hekes.ee\/ru\/wp-json\/wp\/v2\/types\/product"}],"replies":[{"embeddable":true,"href":"https:\/\/hekes.ee\/ru\/wp-json\/wp\/v2\/comments?post=10867"}],"wp:featuredmedia":[{"embeddable":true,"href":"https:\/\/hekes.ee\/ru\/wp-json\/wp\/v2\/media\/7595"}],"wp:attachment":[{"href":"https:\/\/hekes.ee\/ru\/wp-json\/wp\/v2\/media?parent=10867"}],"wp:term":[{"taxonomy":"product_brand","embeddable":true,"href":"https:\/\/hekes.ee\/ru\/wp-json\/wp\/v2\/product_brand?post=10867"},{"taxonomy":"product_cat","embeddable":true,"href":"https:\/\/hekes.ee\/ru\/wp-json\/wp\/v2\/product_cat?post=10867"},{"taxonomy":"product_tag","embeddable":true,"href":"https:\/\/hekes.ee\/ru\/wp-json\/wp\/v2\/product_tag?post=10867"}],"curies":[{"name":"wp","href":"https:\/\/api.w.org\/{rel}","templated":true}]}}