{"id":10866,"date":"2021-04-05T10:09:29","date_gmt":"2021-04-05T10:09:29","guid":{"rendered":"https:\/\/hekes.ee\/toode\/series-imo\/"},"modified":"2024-04-29T14:46:12","modified_gmt":"2024-04-29T14:46:12","slug":"series-imo","status":"publish","type":"product","link":"https:\/\/hekes.ee\/ru\/toode\/series-imo\/","title":{"rendered":"Series IMO"},"content":{"rendered":"<div class=\"kenmerken-uitleg\">\n<p>IMO seeria Packo sisestuspumbad on konsoolpumbad, mis sobivad vedelike pumpamiseks temperatuuriga kuni 200 \u00b0 C. See muudab need eriti sobivaks raskesti suletavate vedelike, n\u00e4iteks v\u00e4rvide, lakkide, galvaaniliste kattekihtide, kuuma praadimis\u00f5li jne pumpamiseks. Pumbad on saadaval pistikpumpadena maksimaalse pikkusega kuni 0,5 m.<\/p>\n<p>Sobib eriti raskesti suletavate vedelike, n\u00e4iteks kuni 200 \u00b0 C kuuma praadimis\u00f5li \u00f5li pumpamiseks. Neid kasutatakse ka t\u00f6\u00f6stusreovee, n\u00e4iteks CIP, hapete, kondensaadi jne pumpamiseks.<\/p>\n<\/div>\n<p><img decoding=\"async\" src=\"https:\/\/www.packopumps.com\/website\/var\/tmp\/image-thumbnails\/0\/7024\/thumb__auto_b1798ef1d027c2a895dfe1b43e0a00ab\/IMO_render%20aangeduid.png\" \/><\/p>\n<p>&nbsp;<\/p>\n<div class=\"kenmerken\">\n<ol>\n<li>Standardsete IEC mootorite kasutamine<\/li>\n<li>\u00dchenduse puhastamiseks<\/li>\n<li>Koonusvarras p\u00f6\u00f6rdus tahkest materjalist<\/li>\n<li>Tugev laternat\u00fckk &#8212; stabiilne konstruktsioon mootori ja pumba korpuse vahel.\u00a0Kaitseb pumba v\u00f5lli.<\/li>\n<li>\u00dclevoolu m\u00f6\u00f6daviik<\/li>\n<li>Konsoolip\u00f5him\u00f5te = vedelikuga kokku puutumata tihendeid ega liuglaagreid.\u00a0See v\u00e4hendab tegevuskulusid ja tootmise seisakute riski.<br \/>\nP\u00f5hilaagrite puudumine t\u00e4hendab, et sukeldatud laagrite m\u00e4\u00e4rimiseks pole vaja \u00f5li- ega veetorustikke.<\/li>\n<\/ol>\n<p><a href=\"https:\/\/www.packopumps.com\/en\/products\/centrifugal\/imo\" target=\"_blank\" rel=\"noopener\">https:\/\/www.packopumps.com\/en\/products\/centrifugal\/imo<\/a><\/p>\n<\/div>\n","protected":false},"excerpt":{"rendered":"<p><span style=\"color: #282828;\">Konsoolipump kuni 200 \u00b0 C kuuma praadimis\u00f5li jaoks<\/span><\/p>\n<table>\n<tbody>\n<tr>\n<td>Maks.\u00a0vooluhulk<\/td>\n<td>1000 m\u00b3 \/ h<\/td>\n<\/tr>\n<tr>\n<td>Maks. tarnepea<\/td>\n<td>60 m<\/td>\n<\/tr>\n<tr>\n<td>Maks.\u00a0toote viskoossus<\/td>\n<td>1000 cP<\/td>\n<\/tr>\n<tr>\n<td>max mootori v\u00f5imsus<\/td>\n<td>132 kW<\/td>\n<\/tr>\n<\/tbody>\n<\/table>\n<p>&nbsp;<\/p>\n","protected":false},"featured_media":7623,"comment_status":"closed","ping_status":"closed","template":"","meta":[],"product_brand":[],"product_cat":[270,272],"product_tag":[],"class_list":{"0":"post-10866","1":"product","2":"type-product","3":"status-publish","4":"has-post-thumbnail","6":"product_cat-packo-ru","7":"product_cat-272","9":"first","10":"instock","11":"taxable","12":"shipping-taxable","13":"product-type-simple"},"_links":{"self":[{"href":"https:\/\/hekes.ee\/ru\/wp-json\/wp\/v2\/product\/10866","targetHints":{"allow":["GET"]}}],"collection":[{"href":"https:\/\/hekes.ee\/ru\/wp-json\/wp\/v2\/product"}],"about":[{"href":"https:\/\/hekes.ee\/ru\/wp-json\/wp\/v2\/types\/product"}],"replies":[{"embeddable":true,"href":"https:\/\/hekes.ee\/ru\/wp-json\/wp\/v2\/comments?post=10866"}],"wp:featuredmedia":[{"embeddable":true,"href":"https:\/\/hekes.ee\/ru\/wp-json\/wp\/v2\/media\/7623"}],"wp:attachment":[{"href":"https:\/\/hekes.ee\/ru\/wp-json\/wp\/v2\/media?parent=10866"}],"wp:term":[{"taxonomy":"product_brand","embeddable":true,"href":"https:\/\/hekes.ee\/ru\/wp-json\/wp\/v2\/product_brand?post=10866"},{"taxonomy":"product_cat","embeddable":true,"href":"https:\/\/hekes.ee\/ru\/wp-json\/wp\/v2\/product_cat?post=10866"},{"taxonomy":"product_tag","embeddable":true,"href":"https:\/\/hekes.ee\/ru\/wp-json\/wp\/v2\/product_tag?post=10866"}],"curies":[{"name":"wp","href":"https:\/\/api.w.org\/{rel}","templated":true}]}}