{"id":10865,"date":"2021-04-05T10:09:06","date_gmt":"2021-04-05T10:09:06","guid":{"rendered":"https:\/\/hekes.ee\/toode\/series-iml\/"},"modified":"2024-04-29T14:44:00","modified_gmt":"2024-04-29T14:44:00","slug":"series-iml","status":"publish","type":"product","link":"https:\/\/hekes.ee\/ru\/toode\/series-iml\/","title":{"rendered":"Series IML"},"content":{"rendered":"<div class=\"kenmerken-uitleg\">\n<p>Packo konsoolseeria IML on m\u00f5eldud paigaldamiseks s\u00fcvendisse v\u00f5i paaki, kus vee alla j\u00e4\u00e4vad ainult pumba korpus ja tiivik.\u00a0Kuna mehaanilist tihendit ja liuglaagrit pole, on konsoolpumbad hoolduss\u00f5bralikud ja v\u00e4hendavad seisakuid.<\/p>\n<p>Nendel tugevatel pumpadel on roostevabast terasest pressitud v\u00f5i valatud kestad 316L ja neile saab paigaldada avatud, poolavatud, suletud ja keerises t\u00f6\u00f6tavad tiivikud.\u00a0T\u00e4nu kindlale konstruktsioonile ja poleeritud disainile on need pumbad teie tootmisprotsessi usaldusv\u00e4\u00e4rne osa.<\/p>\n<p>Packo konsoolpumpa seeriat IML kasutatakse paljudes t\u00f6\u00f6stusharudes ja rakendustes, n\u00e4iteks metallit\u00f6\u00f6stuses, t\u00f6\u00f6stuslikes pihustusseibides, veet\u00f6\u00f6tluses, tsingimis- ja katmist\u00f6\u00f6stuses, keemiat\u00f6\u00f6stuses jne. Nad pumpavad rasva\u00e4rastust, marineerimist ja fosfaate sisaldavaid vedelikke, l\u00e4ga, kuumi \u00f5lisid, protsessij\u00e4\u00e4tmeid ja t\u00f6\u00f6stusj\u00e4\u00e4tmeid, s\u00f6\u00f6vitavaid vedelikke, kondensaati jne.<\/p>\n<\/div>\n<p><img decoding=\"async\" src=\"https:\/\/www.packopumps.com\/website\/var\/tmp\/image-thumbnails\/0\/7004\/thumb__auto_499317a4cfa638f966e46415b5739936\/IML_render%20aangeduid.png\" \/><\/p>\n<p>&nbsp;<\/p>\n<div class=\"kenmerken\">\n<ol>\n<li>Standardsete IEC mootorite kasutamine<\/li>\n<li>Kooniline v\u00f5ll, p\u00f6\u00f6ratud 1 t\u00fckist<\/li>\n<li>Tugev laternat\u00fckk.\u00a0Stabiilne konstruktsioon mootori ja pumba korpuse vahel.\u00a0Kaitseb pumba v\u00f5lli.<\/li>\n<li>Konsoolide konstruktsioon = pole mehaanilisi tihendeid ega liuglaagreid. Madalamad tegevuskulud ja v\u00e4iksem tootmise seisakute v\u00f5imalus. Nende laagrite m\u00e4\u00e4rimiseks pole vaja madalamat laagrit ega \u00f5li- ega veetorustikke.<\/li>\n<li>Vahetatav lab\u00fcrindi tihend lekkekadude v\u00e4hendamiseks v\u00f5lli \u00fcmber. T\u00e4iendav v\u00f5lli kaitse abrasiivsete vedelike eest.<\/li>\n<li>Valikuline: roostevabast terasest alusplaat ja v\u00e4ljalaske k\u00fc\u00fcnarnukk<\/li>\n<\/ol>\n<p><a href=\"https:\/\/www.packopumps.com\/en\/products\/centrifugal\/iml\" target=\"_blank\" rel=\"noopener\">https:\/\/www.packopumps.com\/en\/products\/centrifugal\/iml<\/a><\/p>\n<\/div>\n","protected":false},"excerpt":{"rendered":"<p><span style=\"color: #282828;\">Pistikpump, hooldusvaba<\/span><\/p>\n<table>\n<tbody>\n<tr>\n<td>Maks.\u00a0vooluhulk<\/td>\n<td>1000 m\u00b3 \/ h<\/td>\n<\/tr>\n<tr>\n<td>Maks. tarnepea<\/td>\n<td>60 m<\/td>\n<\/tr>\n<tr>\n<td>Maks.\u00a0toote viskoossus<\/td>\n<td>1000 cP<\/td>\n<\/tr>\n<tr>\n<td>max mootori v\u00f5imsus<\/td>\n<td>132 kW<\/td>\n<\/tr>\n<\/tbody>\n<\/table>\n<p>&nbsp;<\/p>\n","protected":false},"featured_media":7706,"comment_status":"closed","ping_status":"closed","template":"","meta":[],"product_brand":[],"product_cat":[270,272],"product_tag":[],"class_list":{"0":"post-10865","1":"product","2":"type-product","3":"status-publish","4":"has-post-thumbnail","6":"product_cat-packo-ru","7":"product_cat-272","9":"first","10":"instock","11":"taxable","12":"shipping-taxable","13":"product-type-simple"},"_links":{"self":[{"href":"https:\/\/hekes.ee\/ru\/wp-json\/wp\/v2\/product\/10865","targetHints":{"allow":["GET"]}}],"collection":[{"href":"https:\/\/hekes.ee\/ru\/wp-json\/wp\/v2\/product"}],"about":[{"href":"https:\/\/hekes.ee\/ru\/wp-json\/wp\/v2\/types\/product"}],"replies":[{"embeddable":true,"href":"https:\/\/hekes.ee\/ru\/wp-json\/wp\/v2\/comments?post=10865"}],"wp:featuredmedia":[{"embeddable":true,"href":"https:\/\/hekes.ee\/ru\/wp-json\/wp\/v2\/media\/7706"}],"wp:attachment":[{"href":"https:\/\/hekes.ee\/ru\/wp-json\/wp\/v2\/media?parent=10865"}],"wp:term":[{"taxonomy":"product_brand","embeddable":true,"href":"https:\/\/hekes.ee\/ru\/wp-json\/wp\/v2\/product_brand?post=10865"},{"taxonomy":"product_cat","embeddable":true,"href":"https:\/\/hekes.ee\/ru\/wp-json\/wp\/v2\/product_cat?post=10865"},{"taxonomy":"product_tag","embeddable":true,"href":"https:\/\/hekes.ee\/ru\/wp-json\/wp\/v2\/product_tag?post=10865"}],"curies":[{"name":"wp","href":"https:\/\/api.w.org\/{rel}","templated":true}]}}