{"id":10864,"date":"2021-04-05T10:51:35","date_gmt":"2021-04-05T10:51:35","guid":{"rendered":"https:\/\/hekes.ee\/toode\/series-imxl\/"},"modified":"2024-04-29T14:46:47","modified_gmt":"2024-04-29T14:46:47","slug":"series-imxl","status":"publish","type":"product","link":"https:\/\/hekes.ee\/ru\/toode\/series-imxl\/","title":{"rendered":"Series IMXL"},"content":{"rendered":"<div class=\"kenmerken-uitleg\">\n<p>Packo vertikaalsete pumpade seeria IMXL on m\u00f5eldud paigaldamiseks s\u00fcvendisse v\u00f5i paaki, kus vee alla j\u00e4\u00e4vad ainult pumba korpus ja tiivik.\u00a0Pumpade pikkus on 1500 mm, mille v\u00f5ll on vedelikus oleva liuglaagriga toetatud.<\/p>\n<p>Nendel vastupidavatel pumpadel on roostevabast terasest 316L pressitud v\u00f5i valatud pumba korpused ja neid saab varustada avatud, poolavatud, suletud tiivikute ja keeris tiivikutega. T\u00e4nu kindlale konstruktsioonile ja poleeritud disainile on need pumbad teie tootmisprotsessi usaldusv\u00e4\u00e4rne osa.<\/p>\n<p>Packo konsoolpumpa seeriat IMXL kasutatakse paljudes t\u00f6\u00f6stusharudes ja rakendustes, n\u00e4iteks metallit\u00f6\u00f6stuses, t\u00f6\u00f6stuslikes pihustusseibides, veepuhastuses, tsingimis- ja katmist\u00f6\u00f6stuses, keemiat\u00f6\u00f6stuses jne. Nad pumpavad plekke ja fosfaate sisaldavaid rasva\u00e4rastavaid vedelikke, l\u00e4ga, kuuma \u00f5li, protsessij\u00e4\u00e4tmeid ja t\u00f6\u00f6stusj\u00e4\u00e4tmeid, s\u00f6\u00f6vitavaid vedelikke, kondensaati jne.<\/p>\n<\/div>\n<p><img decoding=\"async\" src=\"https:\/\/www.packopumps.com\/website\/var\/tmp\/image-thumbnails\/0\/7005\/thumb__auto_499317a4cfa638f966e46415b5739936\/IMXL_render%20aangeduid.png\" \/><\/p>\n<p>&nbsp;<\/p>\n<div class=\"kenmerken\">\n<ol>\n<li>Standardsete IEC mootorite kasutamine<\/li>\n<li>Kooniline v\u00f5ll, p\u00f6\u00f6ratud 1 t\u00fckist<\/li>\n<li>Tugev laternat\u00fckk.\u00a0Stabiilne konstruktsioon mootori ja pumba korpuse vahel.\u00a0Kaitseb pumba v\u00f5lli.<\/li>\n<li>Komplektis on s\u00fcsinik \/ roostevabast terasest v\u00f5i r\u00e4nikarbiidist \/ r\u00e4nikarbiidist materjalid. See laager ei tohi kuivada, lisana on saadaval \u00f5li v\u00f5i vee loputustorud.<\/li>\n<li>Valikuline: roostevabast terasest alusplaat ja v\u00e4ljalaske k\u00fc\u00fcnarnukk<\/li>\n<\/ol>\n<p><a href=\"https:\/\/www.packopumps.com\/en\/products\/centrifugal\/imxl\" target=\"_blank\" rel=\"noopener\">https:\/\/www.packopumps.com\/en\/products\/centrifugal\/imxl<\/a><\/p>\n<\/div>\n","protected":false},"excerpt":{"rendered":"<p><span style=\"color: #282828;\">Pistikpump kuni 1500 mm, hooldusvaba<\/span><\/p>\n<table>\n<tbody>\n<tr>\n<td>Maks.\u00a0vooluhulk<\/td>\n<td>300 m\u00b3 \/ h<\/td>\n<\/tr>\n<tr>\n<td>Maks. tarnepea<\/td>\n<td>28 m<\/td>\n<\/tr>\n<tr>\n<td>Maks.\u00a0toote viskoossus<\/td>\n<td>1000 cP<\/td>\n<\/tr>\n<tr>\n<td>max mootori v\u00f5imsus<\/td>\n<td>22 kW<\/td>\n<\/tr>\n<\/tbody>\n<\/table>\n<p>&nbsp;<\/p>\n","protected":false},"featured_media":7906,"comment_status":"closed","ping_status":"closed","template":"","meta":[],"product_brand":[],"product_cat":[270,272],"product_tag":[],"class_list":{"0":"post-10864","1":"product","2":"type-product","3":"status-publish","4":"has-post-thumbnail","6":"product_cat-packo-ru","7":"product_cat-272","9":"first","10":"instock","11":"taxable","12":"shipping-taxable","13":"product-type-simple"},"_links":{"self":[{"href":"https:\/\/hekes.ee\/ru\/wp-json\/wp\/v2\/product\/10864","targetHints":{"allow":["GET"]}}],"collection":[{"href":"https:\/\/hekes.ee\/ru\/wp-json\/wp\/v2\/product"}],"about":[{"href":"https:\/\/hekes.ee\/ru\/wp-json\/wp\/v2\/types\/product"}],"replies":[{"embeddable":true,"href":"https:\/\/hekes.ee\/ru\/wp-json\/wp\/v2\/comments?post=10864"}],"wp:featuredmedia":[{"embeddable":true,"href":"https:\/\/hekes.ee\/ru\/wp-json\/wp\/v2\/media\/7906"}],"wp:attachment":[{"href":"https:\/\/hekes.ee\/ru\/wp-json\/wp\/v2\/media?parent=10864"}],"wp:term":[{"taxonomy":"product_brand","embeddable":true,"href":"https:\/\/hekes.ee\/ru\/wp-json\/wp\/v2\/product_brand?post=10864"},{"taxonomy":"product_cat","embeddable":true,"href":"https:\/\/hekes.ee\/ru\/wp-json\/wp\/v2\/product_cat?post=10864"},{"taxonomy":"product_tag","embeddable":true,"href":"https:\/\/hekes.ee\/ru\/wp-json\/wp\/v2\/product_tag?post=10864"}],"curies":[{"name":"wp","href":"https:\/\/api.w.org\/{rel}","templated":true}]}}