{"id":10863,"date":"2021-04-05T10:08:19","date_gmt":"2021-04-05T10:08:19","guid":{"rendered":"https:\/\/hekes.ee\/toode\/series-sfp2-ja-sfp3\/"},"modified":"2021-04-05T10:08:19","modified_gmt":"2021-04-05T10:08:19","slug":"series-sfp2-ja-sfp3","status":"publish","type":"product","link":"https:\/\/hekes.ee\/ru\/toode\/series-sfp2-ja-sfp3\/","title":{"rendered":"Series SFP2 ja SFP3"},"content":{"rendered":"<div class=\"kenmerken-uitleg\">\n<p>K\u00f5rge nihkepumbaga avatud v\u00f5i suletud tiivikud ja patenteeritud staatoriga k\u00f5rge voolu ja r\u00f5hu jaoks. Nihk tekib rootori ja uuendusliku ning optimeeritud perforeeritud staatori vahel. Nihet saab optimeerida ja suurendada kiiruse suurendamisega. Maksimaalsel kiirusel 3600 p \/ min on v\u00f5imalik saavutada nihkem\u00e4\u00e4rasid kuni 100 000 s-1.<\/p>\n<p>Packo nihkesegisti pumpa kasutatakse peamiselt liinisiseseks segamiseks, homogeniseerimiseks ja dispersiooniks.<\/p>\n<p>2 vedeliku segamine:<\/p>\n<ul>\n<li>suure erineva erikaaluga<\/li>\n<li>suure viskoossuse erinevusega v\u00f5i mida on raske segada<\/li>\n<\/ul>\n<p>Hajuta ka:<\/p>\n<ul>\n<li>tahked ained vedelikes ja<\/li>\n<li>gaasi hajutamine vedelikes<\/li>\n<\/ul>\n<\/div>\n<p><img decoding=\"async\" src=\"https:\/\/www.packopumps.com\/website\/var\/tmp\/image-thumbnails\/0\/7038\/thumb__auto_59dde4ee321ca5c16474bf7718e6b215\/SFP2%20-%20SFP3_render%20aangeduid.png\" \/><\/p>\n<div class=\"kenmerken\">\n<ol>\n<li>Elektropoleeritud, h\u00f5lpsasti puhastatav konstruktsioon, ei teki bakteril\u00f5kse, kuna o-r\u00f5ngaste \u00fcmber ei teki v\u00e4ikseid t\u00fchimikke<\/li>\n<li>Pressitud roostevabast terasest 2B kvaliteediga plaat, eriti sile<\/li>\n<li>Suur tihendikamber tihendi t\u00e4iuslikuks puhastamiseks<\/li>\n<li>Monobloki versioon standardsete IEC mootoritega<\/li>\n<\/ol>\n<p><a href=\"https:\/\/www.packopumps.com\/en\/products\/High-shear-pumps\/sfp2-sfp3\" target=\"_blank\" rel=\"noopener\">https:\/\/www.packopumps.com\/en\/products\/High-shear-pumps\/sfp2-sfp3<\/a><\/p>\n<\/div>\n","protected":false},"excerpt":{"rendered":"<table>\n<tbody>\n<tr>\n<td>Maks.\u00a0vooluhulk<\/td>\n<td>200 m\u00b3 \/ h<\/td>\n<\/tr>\n<tr>\n<td>Maks.\u00a0s\u00fcnnituspea<\/td>\n<td>55 m<\/td>\n<\/tr>\n<tr>\n<td>Maks.\u00a0toote viskoossus<\/td>\n<td>1000 cP<\/td>\n<\/tr>\n<tr>\n<td>max mootori v\u00f5imsus<\/td>\n<td>45 kW<\/td>\n<\/tr>\n<\/tbody>\n<\/table>\n<p>&nbsp;<\/p>\n","protected":false},"featured_media":7910,"comment_status":"closed","ping_status":"closed","template":"","meta":[],"product_brand":[],"product_cat":[270,325],"product_tag":[],"class_list":{"0":"post-10863","1":"product","2":"type-product","3":"status-publish","4":"has-post-thumbnail","6":"product_cat-packo-ru","7":"product_cat-325","9":"first","10":"instock","11":"taxable","12":"shipping-taxable","13":"product-type-simple"},"_links":{"self":[{"href":"https:\/\/hekes.ee\/ru\/wp-json\/wp\/v2\/product\/10863","targetHints":{"allow":["GET"]}}],"collection":[{"href":"https:\/\/hekes.ee\/ru\/wp-json\/wp\/v2\/product"}],"about":[{"href":"https:\/\/hekes.ee\/ru\/wp-json\/wp\/v2\/types\/product"}],"replies":[{"embeddable":true,"href":"https:\/\/hekes.ee\/ru\/wp-json\/wp\/v2\/comments?post=10863"}],"wp:featuredmedia":[{"embeddable":true,"href":"https:\/\/hekes.ee\/ru\/wp-json\/wp\/v2\/media\/7910"}],"wp:attachment":[{"href":"https:\/\/hekes.ee\/ru\/wp-json\/wp\/v2\/media?parent=10863"}],"wp:term":[{"taxonomy":"product_brand","embeddable":true,"href":"https:\/\/hekes.ee\/ru\/wp-json\/wp\/v2\/product_brand?post=10863"},{"taxonomy":"product_cat","embeddable":true,"href":"https:\/\/hekes.ee\/ru\/wp-json\/wp\/v2\/product_cat?post=10863"},{"taxonomy":"product_tag","embeddable":true,"href":"https:\/\/hekes.ee\/ru\/wp-json\/wp\/v2\/product_tag?post=10863"}],"curies":[{"name":"wp","href":"https:\/\/api.w.org\/{rel}","templated":true}]}}