{"id":10862,"date":"2021-04-05T10:52:36","date_gmt":"2021-04-05T10:52:36","guid":{"rendered":"https:\/\/hekes.ee\/toode\/fp60-oem-pump\/"},"modified":"2024-04-29T14:41:45","modified_gmt":"2024-04-29T14:41:45","slug":"fp60-oem-pump","status":"publish","type":"product","link":"https:\/\/hekes.ee\/ru\/toode\/fp60-oem-pump\/","title":{"rendered":"FP60 OEM pump"},"content":{"rendered":"<p>FP60 seeria roostevabast terasest tsentrifugaalpumbad Packo on h\u00fcgieenipumbad parima hinna ja kvaliteedi suhtega. Nad on valanud avatud tiivikud. Selle seeriaga saavutatakse \u00fcldine k\u00f5rge kasutegur, mille tulemuseks on v\u00e4iksem energiatarbimine ja sujuvam pumpamine. T\u00e4nu modulaarsele kontseptsioonile on neid ka lihtne hooldada.<\/p>\n<p>FP60 pumpa kasutatakse peamiselt nii puhaste kui ka kergelt saastunud vedelike jaoks maksimaalse viskoossuseni 500 cP.\u00a0Neid kasutatakse sageli tsirkulatsioonipumbana t\u00f6\u00f6stuslikes pesumasinates tekstiilide, pudelite, kastide pesemiseks, samuti lahustite, alkoholide ja kemikaalide pumpamiseks ning veepuhastuseks.<\/p>\n<div class=\"row\"  id=\"row-1071512333\">\n\n\t<div id=\"col-1573646307\" class=\"col medium-8 small-12 large-8\"  >\n\t\t\t\t<div class=\"col-inner\"  >\n\t\t\t\n\t\t\t\n\t<div class=\"img has-hover x md-x lg-x y md-y lg-y\" id=\"image_655947338\">\n\t\t\t\t\t\t\t\t<div class=\"img-inner dark\" >\n\t\t\t<img loading=\"lazy\" decoding=\"async\" width=\"600\" height=\"363\" src=\"https:\/\/hekes.ee\/wp-content\/uploads\/2021\/03\/FP60-metpijlen.png\" class=\"attachment-large size-large\" alt=\"\" srcset=\"https:\/\/hekes.ee\/wp-content\/uploads\/2021\/03\/FP60-metpijlen.png 600w, https:\/\/hekes.ee\/wp-content\/uploads\/2021\/03\/FP60-metpijlen-510x309.png 510w\" sizes=\"auto, (max-width: 600px) 100vw, 600px\" \/>\t\t\t\t\t\t\n\t\t\t\t\t<\/div>\n\t\t\t\t\t\t\t\t\n<style>\n#image_655947338 {\n  width: 100%;\n}\n<\/style>\n\t<\/div>\n\t\n\t\t<\/div>\n\t\t\t\t\t<\/div>\n\n\t\n\n\t<div id=\"col-1710502421\" class=\"col medium-4 small-12 large-4\"  >\n\t\t\t\t<div class=\"col-inner\"  >\n\t\t\t\n\t\t\t\n<div class=\"row\">\n<div class=\"colm1-2\">\n<p>1 Soovi korral saab imemis- ja t\u00fchjendus\u00fchendusi muuta<\/p>\n<p>2 Pressitud roostevaba teras, mille paksus on v\u00e4hemalt 2 mm<\/p>\n<p>3 Valage avatud ventilaatorid kadunud vaha meetodil<\/p>\n<p>4 Suur tihendikamber vedeliku ringluse tagamiseks tihendi \u00fcmber<\/p>\n<\/div>\n<\/div>\n<div class=\"row\">\n<div class=\"colm1-2\"><\/div>\n<\/div>\n\t\t<\/div>\n\t\t\t\t\t<\/div>\n\n\t\n<\/div>\n<p><a href=\"https:\/\/www.packopumps.com\/en\/products\/oem-solutions\/FP60-OEM-pump\" target=\"_blank\" rel=\"noopener\">https:\/\/www.packopumps.com\/en\/products\/oem-solutions\/FP60-OEM-pump<\/a><\/p>\n","protected":false},"excerpt":{"rendered":"<table>\n<tbody>\n<tr>\n<td>Maks.\u00a0vooluhulk<\/td>\n<td>40 m\u00b3 \/ h<\/td>\n<\/tr>\n<tr>\n<td>Maks. t\u00f5stek\u00f5rgus<\/td>\n<td>27 m<\/td>\n<\/tr>\n<tr>\n<td>Maks.\u00a0toote viskoossus<\/td>\n<td>500 cP<\/td>\n<\/tr>\n<tr>\n<td>Max mootori v\u00f5imsus<\/td>\n<td>1,5 kW<\/td>\n<\/tr>\n<\/tbody>\n<\/table>\n<p>&nbsp;<\/p>\n","protected":false},"featured_media":7914,"comment_status":"closed","ping_status":"closed","template":"","meta":[],"product_brand":[],"product_cat":[270,324],"product_tag":[],"class_list":{"0":"post-10862","1":"product","2":"type-product","3":"status-publish","4":"has-post-thumbnail","6":"product_cat-packo-ru","7":"product_cat-324","9":"first","10":"instock","11":"taxable","12":"shipping-taxable","13":"product-type-simple"},"_links":{"self":[{"href":"https:\/\/hekes.ee\/ru\/wp-json\/wp\/v2\/product\/10862","targetHints":{"allow":["GET"]}}],"collection":[{"href":"https:\/\/hekes.ee\/ru\/wp-json\/wp\/v2\/product"}],"about":[{"href":"https:\/\/hekes.ee\/ru\/wp-json\/wp\/v2\/types\/product"}],"replies":[{"embeddable":true,"href":"https:\/\/hekes.ee\/ru\/wp-json\/wp\/v2\/comments?post=10862"}],"wp:featuredmedia":[{"embeddable":true,"href":"https:\/\/hekes.ee\/ru\/wp-json\/wp\/v2\/media\/7914"}],"wp:attachment":[{"href":"https:\/\/hekes.ee\/ru\/wp-json\/wp\/v2\/media?parent=10862"}],"wp:term":[{"taxonomy":"product_brand","embeddable":true,"href":"https:\/\/hekes.ee\/ru\/wp-json\/wp\/v2\/product_brand?post=10862"},{"taxonomy":"product_cat","embeddable":true,"href":"https:\/\/hekes.ee\/ru\/wp-json\/wp\/v2\/product_cat?post=10862"},{"taxonomy":"product_tag","embeddable":true,"href":"https:\/\/hekes.ee\/ru\/wp-json\/wp\/v2\/product_tag?post=10862"}],"curies":[{"name":"wp","href":"https:\/\/api.w.org\/{rel}","templated":true}]}}