{"id":10854,"date":"2021-04-19T12:26:00","date_gmt":"2021-04-19T12:26:00","guid":{"rendered":"https:\/\/hekes.ee\/toode\/cw474-seeria-vahelduvvoolu-induktsioonmootoritega\/"},"modified":"2024-04-29T13:55:42","modified_gmt":"2024-04-29T13:55:42","slug":"cw474-seeria-vahelduvvoolu-induktsioonmootoritega","status":"publish","type":"product","link":"https:\/\/hekes.ee\/ru\/toode\/cw474-seeria-vahelduvvoolu-induktsioonmootoritega\/","title":{"rendered":"CW474 seeria &#8212; vahelduvvoolu induktsioonmootoritega"},"content":{"rendered":"<p><span style=\"color: #282828; font-size: 110%;\">Vahelduvvoolu induktsioonmootoritega membraanpumbad pidevaks t\u00f6\u00f6ks vee v\u00f5i kemikaalide pumpamiseks<\/span><\/p>\n<table class=\"centre-column-categories-table\" summary=\"\">\n<tbody>\n<tr class=\"centre-column-categories-table-row\">\n<td colspan=\"2\">\n<div class=\"centre-column-categories-table-top-row-spacer\"><\/div>\n<\/td>\n<\/tr>\n<tr class=\"centre-column-categories-table-row\">\n<td class=\"centre-column-categories-table-cell-left\">\n<div class=\"centre-column-categories-table-cell-content-box\">\n<div class=\"centre-column-categories-table-cell-content-box-content\">\n<div class=\"centre-column-categories-table-product-description\"><a class=\"centre-column-categories-table-product-code-link\" title=\"Self-priming diaphragm pump 230v\/1\/50Hz\" href=\"https:\/\/www.jabscoshop.com\/flojet-industrial-products\/cw474-series-with-ac-induction-motors\/cw474-024-self-priming-diaphragm-pump-230v150hz.htm\" target=\"_blank\" rel=\"noopener\">CW474-024<\/a><br \/>\n<a class=\"centre-column-categories-table-product-link\" title=\"Self-priming diaphragm pump 230v\/1\/50Hz\" href=\"https:\/\/www.jabscoshop.com\/flojet-industrial-products\/cw474-series-with-ac-induction-motors\/cw474-024-self-priming-diaphragm-pump-230v150hz.htm\" target=\"_blank\" rel=\"noopener\">Self-priming diaphragm pump 230v\/1\/50Hz<\/a><\/div>\n<div class=\"centre-column-categories-table-product-image\"><a title=\"Self-priming diaphragm pump 230v\/1\/50Hz\" href=\"https:\/\/www.jabscoshop.com\/flojet-industrial-products\/cw474-series-with-ac-induction-motors\/cw474-024-self-priming-diaphragm-pump-230v150hz.htm\" target=\"_blank\" rel=\"noopener\"><img decoding=\"async\" id=\"itemimg4131\" title=\"Self-priming diaphragm pump 230v\/1\/50Hz\" src=\"https:\/\/www.jabscoshop.com\/images\/cw474pic.jpg.axd?width=90&amp;height=90\" width=\"90\" \/><\/a>13lpm, Santoprene\/EPDM<\/div>\n<\/div>\n<\/div>\n<\/td>\n<td class=\"centre-column-categories-table-cell-right\">\n<div class=\"centre-column-categories-table-cell-content-box\">\n<div class=\"centre-column-categories-table-cell-content-box-content\">\n<div class=\"centre-column-categories-table-product-description\"><a class=\"centre-column-categories-table-product-code-link\" title=\"Self-priming diaphragm pump 230v\/1\/50Hz\" href=\"https:\/\/www.jabscoshop.com\/flojet-industrial-products\/cw474-series-with-ac-induction-motors\/cw474-025-self-priming-diaphragm-pump-230v150hz.htm\" target=\"_blank\" rel=\"noopener\">CW474-025<\/a><br \/>\n<a class=\"centre-column-categories-table-product-link\" title=\"Self-priming diaphragm pump 230v\/1\/50Hz\" href=\"https:\/\/www.jabscoshop.com\/flojet-industrial-products\/cw474-series-with-ac-induction-motors\/cw474-025-self-priming-diaphragm-pump-230v150hz.htm\" target=\"_blank\" rel=\"noopener\">Self-priming diaphragm pump 230v\/1\/50Hz<\/a><\/div>\n<div class=\"centre-column-categories-table-product-image\"><a title=\"Self-priming diaphragm pump 230v\/1\/50Hz\" href=\"https:\/\/www.jabscoshop.com\/flojet-industrial-products\/cw474-series-with-ac-induction-motors\/cw474-025-self-priming-diaphragm-pump-230v150hz.htm\" target=\"_blank\" rel=\"noopener\"><img decoding=\"async\" id=\"itemimg4132\" title=\"Self-priming diaphragm pump 230v\/1\/50Hz\" src=\"https:\/\/www.jabscoshop.com\/images\/cw474pic.jpg.axd?width=90&amp;height=90\" width=\"90\" \/><\/a>13lpm, Geolast\/Viton<\/div>\n<\/div>\n<\/div>\n<\/td>\n<\/tr>\n<tr class=\"centre-column-categories-table-row\">\n<td colspan=\"2\">\n<div class=\"centre-column-categories-table-row-divider\"><\/div>\n<\/td>\n<\/tr>\n<tr class=\"centre-column-categories-table-row\">\n<td colspan=\"2\">\n<div class=\"centre-column-categories-table-top-row-spacer\"><\/div>\n<\/td>\n<\/tr>\n<tr class=\"centre-column-categories-table-row\">\n<td class=\"centre-column-categories-table-cell-left\">\n<div class=\"centre-column-categories-table-cell-content-box\">\n<div class=\"centre-column-categories-table-cell-content-box-content\">\n<div class=\"centre-column-categories-table-product-description\">\n<p><a class=\"centre-column-categories-table-product-code-link\" title=\"Self-priming diaphragm pump 230v\/1\/50Hz\" href=\"https:\/\/www.jabscoshop.com\/flojet-industrial-products\/cw474-series-with-ac-induction-motors\/cw474-034-self-priming-diaphragm-pump-230v150hz.htm\" target=\"_blank\" rel=\"noopener\">CW474-034<\/a><br \/>\n<a class=\"centre-column-categories-table-product-link\" title=\"Self-priming diaphragm pump 230v\/1\/50Hz\" href=\"https:\/\/www.jabscoshop.com\/flojet-industrial-products\/cw474-series-with-ac-induction-motors\/cw474-034-self-priming-diaphragm-pump-230v150hz.htm\" target=\"_blank\" rel=\"noopener\">Self-priming diaphragm pump 230v\/1\/50Hz<\/a><\/p>\n<div class=\"centre-column-categories-stock-status-amount\">\n<div class=\"centre-column-categories-price\">\u00a3 304.68 ex. VAT<\/div>\n<\/div>\n<\/div>\n<div class=\"centre-column-categories-table-product-image\"><a title=\"Self-priming diaphragm pump 230v\/1\/50Hz\" href=\"https:\/\/www.jabscoshop.com\/flojet-industrial-products\/cw474-series-with-ac-induction-motors\/cw474-034-self-priming-diaphragm-pump-230v150hz.htm\" target=\"_blank\" rel=\"noopener\"><img decoding=\"async\" id=\"itemimg4134\" title=\"Self-priming diaphragm pump 230v\/1\/50Hz\" src=\"https:\/\/www.jabscoshop.com\/images\/cw474pic.jpg.axd?width=90&amp;height=90\" width=\"90\" \/><\/a><\/div>\n<div class=\"centre-column-categories-notes\">17lpm, Santoprene\/EPDM<\/div>\n<\/div>\n<\/div>\n<\/td>\n<td class=\"centre-column-categories-table-cell-right\">\n<div class=\"centre-column-categories-table-cell-content-box\">\n<div class=\"centre-column-categories-table-cell-content-box-content\">\n<div class=\"centre-column-categories-table-product-description\">\n<p><a class=\"centre-column-categories-table-product-code-link\" title=\"Self-priming diaphragm pump 230v\/1\/50Hz\" href=\"https:\/\/www.jabscoshop.com\/flojet-industrial-products\/cw474-series-with-ac-induction-motors\/cw474-035-self-priming-diaphragm-pump-230v150hz.htm\" target=\"_blank\" rel=\"noopener\">CW474-035<\/a><br \/>\n<a class=\"centre-column-categories-table-product-link\" title=\"Self-priming diaphragm pump 230v\/1\/50Hz\" href=\"https:\/\/www.jabscoshop.com\/flojet-industrial-products\/cw474-series-with-ac-induction-motors\/cw474-035-self-priming-diaphragm-pump-230v150hz.htm\" target=\"_blank\" rel=\"noopener\">Self-priming diaphragm pump 230v\/1\/50Hz<\/a><\/p>\n<div class=\"centre-column-categories-stock-status-amount\">\n<div class=\"centre-column-categories-price\">\u00a3 304.68 ex. VAT<\/div>\n<\/div>\n<\/div>\n<div class=\"centre-column-categories-table-product-image\"><a title=\"Self-priming diaphragm pump 230v\/1\/50Hz\" href=\"https:\/\/www.jabscoshop.com\/flojet-industrial-products\/cw474-series-with-ac-induction-motors\/cw474-035-self-priming-diaphragm-pump-230v150hz.htm\" target=\"_blank\" rel=\"noopener\"><img decoding=\"async\" id=\"itemimg4133\" title=\"Self-priming diaphragm pump 230v\/1\/50Hz\" src=\"https:\/\/www.jabscoshop.com\/images\/cw474pic.jpg.axd?width=90&amp;height=90\" width=\"90\" \/><\/a><\/div>\n<div class=\"centre-column-categories-notes\">17lpm, Geolast\/Viton<\/div>\n<\/div>\n<\/div>\n<\/td>\n<\/tr>\n<tr class=\"centre-column-categories-table-row\">\n<td colspan=\"2\">\n<div class=\"centre-column-categories-table-row-divider\"><\/div>\n<\/td>\n<\/tr>\n<tr class=\"centre-column-categories-table-row\">\n<td colspan=\"2\">\n<div class=\"centre-column-categories-table-top-row-spacer\"><\/div>\n<\/td>\n<\/tr>\n<tr class=\"centre-column-categories-table-row\">\n<td class=\"centre-column-categories-table-cell-left\">\n<div class=\"centre-column-categories-table-cell-content-box\">\n<div class=\"centre-column-categories-table-cell-content-box-content\">\n<div class=\"centre-column-categories-table-product-description\"><a class=\"centre-column-categories-table-product-code-link\" title=\"Self-priming Pressure System 230v\/1\/50Hz\" href=\"https:\/\/www.jabscoshop.com\/flojet-industrial-products\/cw474-series-with-ac-induction-motors\/cw474-422-self-priming-pressure-system-230v150hz-.htm\" target=\"_blank\" rel=\"noopener\">CW474-422<\/a><br \/>\n<a class=\"centre-column-categories-table-product-link\" title=\"Self-priming Pressure System 230v\/1\/50Hz\" href=\"https:\/\/www.jabscoshop.com\/flojet-industrial-products\/cw474-series-with-ac-induction-motors\/cw474-422-self-priming-pressure-system-230v150hz-.htm\" target=\"_blank\" rel=\"noopener\">Self-priming Pressure System 230v\/1\/50Hz<\/a><\/div>\n<div class=\"centre-column-categories-table-product-image\"><a title=\"Self-priming Pressure System 230v\/1\/50Hz\" href=\"https:\/\/www.jabscoshop.com\/flojet-industrial-products\/cw474-series-with-ac-induction-motors\/cw474-422-self-priming-pressure-system-230v150hz-.htm\" target=\"_blank\" rel=\"noopener\"><img decoding=\"async\" id=\"itemimg7372\" title=\"Self-priming Pressure System 230v\/1\/50Hz\" src=\"https:\/\/www.jabscoshop.com\/images\/CW474-424%20v2.jpg.axd?width=90&amp;height=90\" width=\"90\" \/><\/a><\/div>\n<div class=\"centre-column-categories-notes\">13lpm, Santoprene\/Viton<\/div>\n<\/div>\n<\/div>\n<\/td>\n<td class=\"centre-column-categories-table-cell-right\">\n<div class=\"centre-column-categories-table-cell-content-box\">\n<div class=\"centre-column-categories-table-cell-content-box-content\">\n<div class=\"centre-column-categories-table-product-description\"><a class=\"centre-column-categories-table-product-code-link\" title=\"Self-priming Pressure System 230v\/1\/50Hz\" href=\"https:\/\/www.jabscoshop.com\/flojet-industrial-products\/cw474-series-with-ac-induction-motors\/cw474-424-self-priming-pressure-system-230v150hz.htm\" target=\"_blank\" rel=\"noopener\">CW474-424<\/a><br \/>\n<a class=\"centre-column-categories-table-product-link\" title=\"Self-priming Pressure System 230v\/1\/50Hz\" href=\"https:\/\/www.jabscoshop.com\/flojet-industrial-products\/cw474-series-with-ac-induction-motors\/cw474-424-self-priming-pressure-system-230v150hz.htm\" target=\"_blank\" rel=\"noopener\">Self-priming Pressure System 230v\/1\/50Hz<\/a><\/div>\n<div class=\"centre-column-categories-table-product-image\"><a title=\"Self-priming Pressure System 230v\/1\/50Hz\" href=\"https:\/\/www.jabscoshop.com\/flojet-industrial-products\/cw474-series-with-ac-induction-motors\/cw474-424-self-priming-pressure-system-230v150hz.htm\" target=\"_blank\" rel=\"noopener\"><img decoding=\"async\" id=\"itemimg4139\" title=\"Self-priming Pressure System 230v\/1\/50Hz\" src=\"https:\/\/www.jabscoshop.com\/images\/CW474-424%20v2.jpg.axd?width=90&amp;height=90\" width=\"90\" \/><\/a><\/div>\n<div class=\"centre-column-categories-notes\">13lpm, Santoprene\/EPDM<\/div>\n<\/div>\n<\/div>\n<\/td>\n<\/tr>\n<tr class=\"centre-column-categories-table-row\">\n<td colspan=\"2\">\n<div class=\"centre-column-categories-table-row-divider\"><\/div>\n<\/td>\n<\/tr>\n<tr class=\"centre-column-categories-table-row\">\n<td colspan=\"2\">\n<div class=\"centre-column-categories-table-top-row-spacer\"><\/div>\n<\/td>\n<\/tr>\n<tr class=\"centre-column-categories-table-row\">\n<td class=\"centre-column-categories-table-cell-left\">\n<div class=\"centre-column-categories-table-cell-content-box\">\n<div class=\"centre-column-categories-table-cell-content-box-content\">\n<div class=\"centre-column-categories-table-product-description\"><a class=\"centre-column-categories-table-product-code-link\" title=\"Self-priming Pressure System 230v\/1\/50Hz\" href=\"https:\/\/www.jabscoshop.com\/flojet-industrial-products\/cw474-series-with-ac-induction-motors\/cw474-434-self-priming-pressure-system-230v150hz.htm\" target=\"_blank\" rel=\"noopener\">CW474-434<\/a><br \/>\n<a class=\"centre-column-categories-table-product-link\" title=\"Self-priming Pressure System 230v\/1\/50Hz\" href=\"https:\/\/www.jabscoshop.com\/flojet-industrial-products\/cw474-series-with-ac-induction-motors\/cw474-434-self-priming-pressure-system-230v150hz.htm\" target=\"_blank\" rel=\"noopener\">Self-priming Pressure System 230v\/1\/50Hz<\/a><\/div>\n<div class=\"centre-column-categories-table-product-image\"><a title=\"Self-priming Pressure System 230v\/1\/50Hz\" href=\"https:\/\/www.jabscoshop.com\/flojet-industrial-products\/cw474-series-with-ac-induction-motors\/cw474-434-self-priming-pressure-system-230v150hz.htm\" target=\"_blank\" rel=\"noopener\"><img decoding=\"async\" id=\"itemimg4140\" title=\"Self-priming Pressure System 230v\/1\/50Hz\" src=\"https:\/\/www.jabscoshop.com\/images\/CW474-424%20v2.jpg.axd?width=90&amp;height=90\" width=\"90\" \/><\/a><\/div>\n<div class=\"centre-column-categories-notes\">17lpm, Santoprene\/EPDM<\/div>\n<\/div>\n<\/div>\n<\/td>\n<\/tr>\n<\/tbody>\n<\/table>\n","protected":false},"excerpt":{"rendered":"<p><img loading=\"lazy\" decoding=\"async\" class=\"size-full wp-image-8190 alignleft\" src=\"https:\/\/hekes.ee\/wp-content\/uploads\/2021\/04\/flojet_small_logo.gif\" alt=\"\" width=\"150\" height=\"30\" \/><\/p>\n","protected":false},"featured_media":8196,"comment_status":"closed","ping_status":"closed","template":"","meta":[],"product_brand":[],"product_cat":[266,267],"product_tag":[],"class_list":{"0":"post-10854","1":"product","2":"type-product","3":"status-publish","4":"has-post-thumbnail","6":"product_cat-jabsco-ru","7":"product_cat-flojet--","9":"first","10":"instock","11":"taxable","12":"shipping-taxable","13":"product-type-simple"},"_links":{"self":[{"href":"https:\/\/hekes.ee\/ru\/wp-json\/wp\/v2\/product\/10854","targetHints":{"allow":["GET"]}}],"collection":[{"href":"https:\/\/hekes.ee\/ru\/wp-json\/wp\/v2\/product"}],"about":[{"href":"https:\/\/hekes.ee\/ru\/wp-json\/wp\/v2\/types\/product"}],"replies":[{"embeddable":true,"href":"https:\/\/hekes.ee\/ru\/wp-json\/wp\/v2\/comments?post=10854"}],"wp:featuredmedia":[{"embeddable":true,"href":"https:\/\/hekes.ee\/ru\/wp-json\/wp\/v2\/media\/8196"}],"wp:attachment":[{"href":"https:\/\/hekes.ee\/ru\/wp-json\/wp\/v2\/media?parent=10854"}],"wp:term":[{"taxonomy":"product_brand","embeddable":true,"href":"https:\/\/hekes.ee\/ru\/wp-json\/wp\/v2\/product_brand?post=10854"},{"taxonomy":"product_cat","embeddable":true,"href":"https:\/\/hekes.ee\/ru\/wp-json\/wp\/v2\/product_cat?post=10854"},{"taxonomy":"product_tag","embeddable":true,"href":"https:\/\/hekes.ee\/ru\/wp-json\/wp\/v2\/product_tag?post=10854"}],"curies":[{"name":"wp","href":"https:\/\/api.w.org\/{rel}","templated":true}]}}