{"id":10849,"date":"2021-04-19T12:24:09","date_gmt":"2021-04-19T12:24:09","guid":{"rendered":"https:\/\/hekes.ee\/toode\/porandahooldusseadmed\/"},"modified":"2024-04-29T14:31:16","modified_gmt":"2024-04-29T14:31:16","slug":"porandahooldusseadmed","status":"publish","type":"product","link":"https:\/\/hekes.ee\/ru\/toode\/porandahooldusseadmed\/","title":{"rendered":"P\u00f5randahooldusseadmed"},"content":{"rendered":"<p><span lang=\"et\" style=\"color: #282828; font-size: 110%;\">Pumbad kommertskasutusse kuuluvate vaibapuhastusmasinate, iseliikuvate k\u00f5vakattepuhastite, veepritses\u00fcsteemide ja vaipade eelt\u00f6\u00f6tluspihustite jaoks<\/span><\/p>\n<table class=\"centre-column-categories-table\" summary=\"\">\n<tbody>\n<tr class=\"centre-column-categories-table-row\">\n<td class=\"centre-column-categories-table-cell-left\">\n<div class=\"centre-column-categories-table-cell-content-box\">\n<div class=\"centre-column-categories-table-cell-content-box-content\">\n<div class=\"centre-column-categories-table-product-description\"><a class=\"centre-column-categories-table-product-code-link\" title=\"Self-priming diaphragm pump 12 volt d.c.\" href=\"https:\/\/www.jabscoshop.com\/flojet-industrial-products\/duplex-ii-series\/d3121b1211ar-self-priming-diaphragm-pump-12-volt-dc.htm\" target=\"_blank\" rel=\"noopener\">D3121B1211AR<\/a><br \/>\n<a class=\"centre-column-categories-table-product-link\" title=\"Self-priming diaphragm pump 12 volt d.c.\" href=\"https:\/\/www.jabscoshop.com\/flojet-industrial-products\/duplex-ii-series\/d3121b1211ar-self-priming-diaphragm-pump-12-volt-dc.htm\" target=\"_blank\" rel=\"noopener\">Self-priming diaphragm pump 12 volt d.c.<\/a><\/div>\n<div class=\"centre-column-categories-table-product-image\"><a title=\"Self-priming diaphragm pump 12 volt d.c.\" href=\"https:\/\/www.jabscoshop.com\/flojet-industrial-products\/duplex-ii-series\/d3121b1211ar-self-priming-diaphragm-pump-12-volt-dc.htm\" target=\"_blank\" rel=\"noopener\"><img decoding=\"async\" id=\"itemimg3967\" title=\"Self-priming diaphragm pump 12 volt d.c.\" src=\"https:\/\/www.jabscoshop.com\/images\/D3121B1211AR.jpg.axd?width=90&amp;height=90\" width=\"90\" \/><\/a><\/div>\n<\/div>\n<\/div>\n<\/td>\n<td class=\"centre-column-categories-table-cell-right\">\n<div class=\"centre-column-categories-table-cell-content-box\">\n<div class=\"centre-column-categories-table-cell-content-box-content\">\n<div class=\"centre-column-categories-table-product-description\"><a class=\"centre-column-categories-table-product-code-link\" title=\"Self-priming diaphragm pump 24 volt d.c.\" href=\"https:\/\/www.jabscoshop.com\/flojet-industrial-products\/duplex-ii-series\/d3231h5011ar-self-priming-diaphragm-pump-24-volt-dc.htm\" target=\"_blank\" rel=\"noopener\">D3231H5011AR<\/a><br \/>\n<a class=\"centre-column-categories-table-product-link\" title=\"Self-priming diaphragm pump 24 volt d.c.\" href=\"https:\/\/www.jabscoshop.com\/flojet-industrial-products\/duplex-ii-series\/d3231h5011ar-self-priming-diaphragm-pump-24-volt-dc.htm\" target=\"_blank\" rel=\"noopener\">Self-priming diaphragm pump 24 volt d.c.<\/a><\/div>\n<div class=\"centre-column-categories-table-product-image\"><a title=\"Self-priming diaphragm pump 24 volt d.c.\" href=\"https:\/\/www.jabscoshop.com\/flojet-industrial-products\/duplex-ii-series\/d3231h5011ar-self-priming-diaphragm-pump-24-volt-dc.htm\" target=\"_blank\" rel=\"noopener\"><img decoding=\"async\" id=\"itemimg3970\" title=\"Self-priming diaphragm pump 24 volt d.c.\" src=\"https:\/\/www.jabscoshop.com\/images\/D3231H5011AR.jpg.axd?width=90&amp;height=90\" width=\"90\" \/><\/a><\/div>\n<\/div>\n<\/div>\n<\/td>\n<\/tr>\n<tr class=\"centre-column-categories-table-row\">\n<td colspan=\"2\">\n<div class=\"centre-column-categories-table-row-divider\"><\/div>\n<\/td>\n<\/tr>\n<tr class=\"centre-column-categories-table-row\">\n<td colspan=\"2\">\n<div class=\"centre-column-categories-table-top-row-spacer\"><\/div>\n<\/td>\n<\/tr>\n<tr class=\"centre-column-categories-table-row\">\n<td class=\"centre-column-categories-table-cell-left\">\n<div class=\"centre-column-categories-table-cell-content-box\">\n<div class=\"centre-column-categories-table-cell-content-box-content\">\n<div class=\"centre-column-categories-table-product-description\"><a class=\"centre-column-categories-table-product-code-link\" title=\"Self-priming diaphragm pump 230 volt a.c.\" href=\"https:\/\/www.jabscoshop.com\/flojet-industrial-products\/duplex-ii-series\/d3732b5011arl-self-priming-diaphragm-pump-230-volt-ac.htm\" target=\"_blank\" rel=\"noopener\">D3732B5011ARL<\/a><br \/>\n<a class=\"centre-column-categories-table-product-link\" title=\"Self-priming diaphragm pump 230 volt a.c.\" href=\"https:\/\/www.jabscoshop.com\/flojet-industrial-products\/duplex-ii-series\/d3732b5011arl-self-priming-diaphragm-pump-230-volt-ac.htm\" target=\"_blank\" rel=\"noopener\">Self-priming diaphragm pump 230 volt a.c.<\/a><\/div>\n<div class=\"centre-column-categories-table-product-image\"><a title=\"Self-priming diaphragm pump 230 volt a.c.\" href=\"https:\/\/www.jabscoshop.com\/flojet-industrial-products\/duplex-ii-series\/d3732b5011arl-self-priming-diaphragm-pump-230-volt-ac.htm\" target=\"_blank\" rel=\"noopener\"><img decoding=\"async\" id=\"itemimg3968\" title=\"Self-priming diaphragm pump 230 volt a.c.\" src=\"https:\/\/www.jabscoshop.com\/images\/D3732H5011ARL.jpg.axd?width=90&amp;height=90\" width=\"90\" \/><\/a><\/div>\n<\/div>\n<\/div>\n<\/td>\n<td class=\"centre-column-categories-table-cell-right\">\n<div class=\"centre-column-categories-table-cell-content-box\">\n<div class=\"centre-column-categories-table-cell-content-box-content\">\n<div class=\"centre-column-categories-table-product-description\"><a class=\"centre-column-categories-table-product-code-link\" title=\"PUMP 230V S\/E 3C SW35\" href=\"https:\/\/www.jabscoshop.com\/flojet-industrial-products\/quad-4000-series\/r4300530a-pump-230v-se-3c-sw35.htm\" target=\"_blank\" rel=\"noopener\">R4300530A<\/a><br \/>\n<a class=\"centre-column-categories-table-product-link\" title=\"PUMP 230V S\/E 3C SW35\" href=\"https:\/\/www.jabscoshop.com\/flojet-industrial-products\/quad-4000-series\/r4300530a-pump-230v-se-3c-sw35.htm\" target=\"_blank\" rel=\"noopener\">PUMP 230V S\/E 3C SW35<\/a><\/div>\n<div class=\"centre-column-categories-table-product-image\"><a title=\"PUMP 230V S\/E 3C SW35\" href=\"https:\/\/www.jabscoshop.com\/flojet-industrial-products\/quad-4000-series\/r4300530a-pump-230v-se-3c-sw35.htm\" target=\"_blank\" rel=\"noopener\"><img decoding=\"async\" id=\"itemimg7002\" title=\"PUMP 230V S\/E 3C SW35\" src=\"https:\/\/www.jabscoshop.com\/images\/R4300538A.jpg.axd?width=90&amp;height=90\" width=\"90\" \/><\/a><\/div>\n<\/div>\n<\/div>\n<\/td>\n<\/tr>\n<tr class=\"centre-column-categories-table-row\">\n<td colspan=\"2\">\n<div class=\"centre-column-categories-table-row-divider\"><\/div>\n<\/td>\n<\/tr>\n<tr class=\"centre-column-categories-table-row\">\n<td colspan=\"2\">\n<div class=\"centre-column-categories-table-top-row-spacer\"><\/div>\n<\/td>\n<\/tr>\n<tr class=\"centre-column-categories-table-row\">\n<td class=\"centre-column-categories-table-cell-left\">\n<div class=\"centre-column-categories-table-cell-content-box\">\n<div class=\"centre-column-categories-table-cell-content-box-content\">\n<div class=\"centre-column-categories-table-product-description\"><a class=\"centre-column-categories-table-product-code-link\" title=\"MPU 230v\" href=\"https:\/\/www.jabscoshop.com\/flojet-industrial-products\/quad-4000-series\/r4325243a-mpu-230v.htm\" target=\"_blank\" rel=\"noopener\">R4325243A<\/a><br \/>\n<a class=\"centre-column-categories-table-product-link\" title=\"MPU 230v\" href=\"https:\/\/www.jabscoshop.com\/flojet-industrial-products\/quad-4000-series\/r4325243a-mpu-230v.htm\" target=\"_blank\" rel=\"noopener\">MPU 230v<\/a><\/div>\n<div class=\"centre-column-categories-table-product-image\"><a title=\"MPU 230v\" href=\"https:\/\/www.jabscoshop.com\/flojet-industrial-products\/quad-4000-series\/r4325243a-mpu-230v.htm\" target=\"_blank\" rel=\"noopener\"><img decoding=\"async\" id=\"itemimg3963\" title=\"MPU 230v\" src=\"https:\/\/www.jabscoshop.com\/images\/R4325243A.jpg.axd?width=90&amp;height=90\" width=\"90\" \/><\/a><\/div>\n<\/div>\n<\/div>\n<\/td>\n<td class=\"centre-column-categories-table-cell-right\">\n<div class=\"centre-column-categories-table-cell-content-box\">\n<div class=\"centre-column-categories-table-cell-content-box-content\">\n<div class=\"centre-column-categories-table-product-description\"><a class=\"centre-column-categories-table-product-code-link\" title=\"Versijet High Capacity Self-Priming Diaphragm Pump 12 volt d.c.\" href=\"https:\/\/www.jabscoshop.com\/flojet-industrial-products\/agricultural-spraying\/r8400134a-versijet-high-capacity-self-priming-diaphragm-pump-12-volt-dc.htm\" target=\"_blank\" rel=\"noopener\">R8400134A<\/a><br \/>\n<a class=\"centre-column-categories-table-product-link\" title=\"Versijet High Capacity Self-Priming Diaphragm Pump 12 volt d.c.\" href=\"https:\/\/www.jabscoshop.com\/flojet-industrial-products\/agricultural-spraying\/r8400134a-versijet-high-capacity-self-priming-diaphragm-pump-12-volt-dc.htm\" target=\"_blank\" rel=\"noopener\">Versijet High Capacity Self-Priming Diaphragm Pump 12 volt d.c.<\/a><\/div>\n<div class=\"centre-column-categories-table-product-image\"><a title=\"Versijet High Capacity Self-Priming Diaphragm Pump 12 volt d.c.\" href=\"https:\/\/www.jabscoshop.com\/flojet-industrial-products\/agricultural-spraying\/r8400134a-versijet-high-capacity-self-priming-diaphragm-pump-12-volt-dc.htm\" target=\"_blank\" rel=\"noopener\"><img decoding=\"async\" id=\"itemimg7391\" title=\"Versijet High Capacity Self-Priming Diaphragm Pump 12 volt d.c.\" src=\"https:\/\/www.jabscoshop.com\/images\/r8400pic.jpg.axd?width=90&amp;height=90\" width=\"90\" \/><\/a><\/div>\n<div class=\"centre-column-categories-notes\">Connections 15mm (1\/2&#8243;) Hose<\/div>\n<\/div>\n<\/div>\n<\/td>\n<\/tr>\n<tr class=\"centre-column-categories-table-row\">\n<td colspan=\"2\">\n<div class=\"centre-column-categories-table-row-divider\"><\/div>\n<\/td>\n<\/tr>\n<tr class=\"centre-column-categories-table-row\">\n<td colspan=\"2\">\n<div class=\"centre-column-categories-table-top-row-spacer\"><\/div>\n<\/td>\n<\/tr>\n<tr class=\"centre-column-categories-table-row\">\n<td class=\"centre-column-categories-table-cell-left\">\n<div class=\"centre-column-categories-table-cell-content-box\">\n<div class=\"centre-column-categories-table-cell-content-box-content\">\n<div class=\"centre-column-categories-table-product-description\"><a class=\"centre-column-categories-table-product-code-link\" title=\"Versijet High Capacity Self-Priming Diaphragm Pump 12 volt d.c.\" href=\"https:\/\/www.jabscoshop.com\/flojet-industrial-products\/agricultural-spraying\/r8400144a-versijet-high-capacity-self-priming-diaphragm-pump-12-volt-dc.htm\" target=\"_blank\" rel=\"noopener\">R8400144A<\/a><br \/>\n<a class=\"centre-column-categories-table-product-link\" title=\"Versijet High Capacity Self-Priming Diaphragm Pump 12 volt d.c.\" href=\"https:\/\/www.jabscoshop.com\/flojet-industrial-products\/agricultural-spraying\/r8400144a-versijet-high-capacity-self-priming-diaphragm-pump-12-volt-dc.htm\" target=\"_blank\" rel=\"noopener\">Versijet High Capacity Self-Priming Diaphragm Pump 12 volt d.c.<\/a><\/div>\n<div class=\"centre-column-categories-table-product-image\"><a title=\"Versijet High Capacity Self-Priming Diaphragm Pump 12 volt d.c.\" href=\"https:\/\/www.jabscoshop.com\/flojet-industrial-products\/agricultural-spraying\/r8400144a-versijet-high-capacity-self-priming-diaphragm-pump-12-volt-dc.htm\" target=\"_blank\" rel=\"noopener\"><img decoding=\"async\" id=\"itemimg7388\" title=\"Versijet High Capacity Self-Priming Diaphragm Pump 12 volt d.c.\" src=\"https:\/\/www.jabscoshop.com\/images\/r8400pic.jpg.axd?width=90&amp;height=90\" width=\"90\" \/><\/a><\/div>\n<div class=\"centre-column-categories-table-product-image\">Connections 15mm (1\/2&#8243;) Hose<\/div>\n<\/div>\n<\/div>\n<\/td>\n<td class=\"centre-column-categories-table-cell-right\">\n<div class=\"centre-column-categories-table-cell-content-box\">\n<div class=\"centre-column-categories-table-cell-content-box-content\">\n<div class=\"centre-column-categories-table-product-description\"><a class=\"centre-column-categories-table-product-code-link\" title=\"Versijet High Capacity Self-Priming Diaphragm Pump 24 volt d.c.\" href=\"https:\/\/www.jabscoshop.com\/flojet-industrial-products\/agricultural-spraying\/r8400334a-versijet-high-capacity-self-priming-diaphragm-pump-24-volt-dc.htm\" target=\"_blank\" rel=\"noopener\">R8400334A<\/a><br \/>\n<a class=\"centre-column-categories-table-product-link\" title=\"Versijet High Capacity Self-Priming Diaphragm Pump 24 volt d.c.\" href=\"https:\/\/www.jabscoshop.com\/flojet-industrial-products\/agricultural-spraying\/r8400334a-versijet-high-capacity-self-priming-diaphragm-pump-24-volt-dc.htm\" target=\"_blank\" rel=\"noopener\">Versijet High Capacity Self-Priming Diaphragm Pump 24 volt d.c.<\/a><\/div>\n<div class=\"centre-column-categories-table-product-image\"><a title=\"Versijet High Capacity Self-Priming Diaphragm Pump 24 volt d.c.\" href=\"https:\/\/www.jabscoshop.com\/flojet-industrial-products\/agricultural-spraying\/r8400334a-versijet-high-capacity-self-priming-diaphragm-pump-24-volt-dc.htm\" target=\"_blank\" rel=\"noopener\"><img decoding=\"async\" id=\"itemimg7390\" title=\"Versijet High Capacity Self-Priming Diaphragm Pump 24 volt d.c.\" src=\"https:\/\/www.jabscoshop.com\/images\/r8400pic.jpg.axd?width=90&amp;height=90\" width=\"90\" \/><\/a><\/div>\n<div class=\"centre-column-categories-notes\">Connections 15mm (1\/2&#8243;) Hose<\/div>\n<\/div>\n<\/div>\n<\/td>\n<\/tr>\n<tr class=\"centre-column-categories-table-row\">\n<td colspan=\"2\">\n<div class=\"centre-column-categories-table-row-divider\"><\/div>\n<\/td>\n<\/tr>\n<tr class=\"centre-column-categories-table-row\">\n<td colspan=\"2\">\n<div class=\"centre-column-categories-table-top-row-spacer\"><\/div>\n<\/td>\n<\/tr>\n<tr class=\"centre-column-categories-table-row\">\n<td class=\"centre-column-categories-table-cell-left\">\n<div class=\"centre-column-categories-table-cell-content-box\">\n<div class=\"centre-column-categories-table-cell-content-box-content\">\n<div class=\"centre-column-categories-table-product-description\"><a class=\"centre-column-categories-table-product-code-link\" title=\"Versijet High Capacity Self-Priming Diaphragm Pump 24 volt d.c.\" href=\"https:\/\/www.jabscoshop.com\/flojet-industrial-products\/agricultural-spraying\/r8400344a-versijet-high-capacity-self-priming-diaphragm-pump-24-volt-dc.htm\" target=\"_blank\" rel=\"noopener\">R8400344A<\/a><br \/>\n<a class=\"centre-column-categories-table-product-link\" title=\"Versijet High Capacity Self-Priming Diaphragm Pump 24 volt d.c.\" href=\"https:\/\/www.jabscoshop.com\/flojet-industrial-products\/agricultural-spraying\/r8400344a-versijet-high-capacity-self-priming-diaphragm-pump-24-volt-dc.htm\" target=\"_blank\" rel=\"noopener\">Versijet High Capacity Self-Priming Diaphragm Pump 24 volt d.c.<\/a><\/div>\n<div class=\"centre-column-categories-table-product-image\"><a title=\"Versijet High Capacity Self-Priming Diaphragm Pump 24 volt d.c.\" href=\"https:\/\/www.jabscoshop.com\/flojet-industrial-products\/agricultural-spraying\/r8400344a-versijet-high-capacity-self-priming-diaphragm-pump-24-volt-dc.htm\" target=\"_blank\" rel=\"noopener\"><img decoding=\"async\" id=\"itemimg7389\" title=\"Versijet High Capacity Self-Priming Diaphragm Pump 24 volt d.c.\" src=\"https:\/\/www.jabscoshop.com\/images\/r8400pic.jpg.axd?width=90&amp;height=90\" width=\"90\" \/><\/a><\/div>\n<div class=\"centre-column-categories-notes\">Connections 15mm (1\/2&#8243;) Hose<\/div>\n<\/div>\n<\/div>\n<\/td>\n<td class=\"centre-column-categories-table-cell-right\">\n<div class=\"centre-column-categories-table-cell-content-box\">\n<div class=\"centre-column-categories-table-cell-content-box-content\">\n<div class=\"centre-column-categories-table-product-description\"><a class=\"centre-column-categories-table-product-code-link\" title=\"Versijet High Capacity Self-Priming Diaphragm Pump 12 volt d.c.\" href=\"https:\/\/www.jabscoshop.com\/flojet-industrial-products\/agricultural-spraying\/r8600134a-versijet-high-capacity-self-priming-diaphragm-pump-12-volt-dc-.htm\" target=\"_blank\" rel=\"noopener\">R8600134A<\/a><br \/>\n<a class=\"centre-column-categories-table-product-link\" title=\"Versijet High Capacity Self-Priming Diaphragm Pump 12 volt d.c.\" href=\"https:\/\/www.jabscoshop.com\/flojet-industrial-products\/agricultural-spraying\/r8600134a-versijet-high-capacity-self-priming-diaphragm-pump-12-volt-dc-.htm\" target=\"_blank\" rel=\"noopener\">Versijet High Capacity Self-Priming Diaphragm Pump 12 volt d.c.<\/a><\/div>\n<div class=\"centre-column-categories-table-product-image\"><a title=\"Versijet High Capacity Self-Priming Diaphragm Pump 12 volt d.c.\" href=\"https:\/\/www.jabscoshop.com\/flojet-industrial-products\/agricultural-spraying\/r8600134a-versijet-high-capacity-self-priming-diaphragm-pump-12-volt-dc-.htm\" target=\"_blank\" rel=\"noopener\"><img decoding=\"async\" id=\"itemimg7603\" title=\"Versijet High Capacity Self-Priming Diaphragm Pump 12 volt d.c.\" src=\"https:\/\/www.jabscoshop.com\/images\/r8400pic.jpg.axd?width=90&amp;height=90\" width=\"90\" \/><\/a><\/div>\n<div class=\"centre-column-categories-notes\">Connections 19mm (3\/4&#8243;) Hose<\/div>\n<\/div>\n<\/div>\n<\/td>\n<\/tr>\n<tr class=\"centre-column-categories-table-row\">\n<td colspan=\"2\">\n<div class=\"centre-column-categories-table-row-divider\"><\/div>\n<\/td>\n<\/tr>\n<tr class=\"centre-column-categories-table-row\">\n<td colspan=\"2\">\n<div class=\"centre-column-categories-table-top-row-spacer\"><\/div>\n<\/td>\n<\/tr>\n<tr class=\"centre-column-categories-table-row\">\n<td class=\"centre-column-categories-table-cell-left\">\n<div class=\"centre-column-categories-table-cell-content-box\">\n<div class=\"centre-column-categories-table-cell-content-box-content\">\n<div class=\"centre-column-categories-table-product-description\"><a class=\"centre-column-categories-table-product-code-link\" title=\"Versijet High Capacity Self-Priming Diaphragm Pump 12 volt d.c.\" href=\"https:\/\/www.jabscoshop.com\/flojet-industrial-products\/agricultural-spraying\/r8600144a-versijet-high-capacity-self-priming-diaphragm-pump-12-volt-dc.htm\" target=\"_blank\" rel=\"noopener\">R8600144A<\/a><br \/>\n<a class=\"centre-column-categories-table-product-link\" title=\"Versijet High Capacity Self-Priming Diaphragm Pump 12 volt d.c.\" href=\"https:\/\/www.jabscoshop.com\/flojet-industrial-products\/agricultural-spraying\/r8600144a-versijet-high-capacity-self-priming-diaphragm-pump-12-volt-dc.htm\" target=\"_blank\" rel=\"noopener\">Versijet High Capacity Self-Priming Diaphragm Pump 12 volt d.c.<\/a><\/div>\n<div class=\"centre-column-categories-table-product-image\"><a title=\"Versijet High Capacity Self-Priming Diaphragm Pump 12 volt d.c.\" href=\"https:\/\/www.jabscoshop.com\/flojet-industrial-products\/agricultural-spraying\/r8600144a-versijet-high-capacity-self-priming-diaphragm-pump-12-volt-dc.htm\" target=\"_blank\" rel=\"noopener\"><img decoding=\"async\" id=\"itemimg7600\" title=\"Versijet High Capacity Self-Priming Diaphragm Pump 12 volt d.c.\" src=\"https:\/\/www.jabscoshop.com\/images\/r8400pic.jpg.axd?width=90&amp;height=90\" width=\"90\" \/><\/a><\/div>\n<div class=\"centre-column-categories-notes\">Connections 19mm (3\/4&#8243;) Hose<\/div>\n<\/div>\n<\/div>\n<\/td>\n<td class=\"centre-column-categories-table-cell-right\">\n<div class=\"centre-column-categories-table-cell-content-box\">\n<div class=\"centre-column-categories-table-cell-content-box-content\">\n<div class=\"centre-column-categories-table-product-description\"><a class=\"centre-column-categories-table-product-code-link\" title=\"Versijet High Capacity Self-Priming Diaphragm Pump 24 volt d.c.\" href=\"https:\/\/www.jabscoshop.com\/flojet-industrial-products\/agricultural-spraying\/r8600334a-versijet-high-capacity-self-priming-diaphragm-pump-24-volt-dc-.htm\" target=\"_blank\" rel=\"noopener\">R8600334A<\/a><br \/>\n<a class=\"centre-column-categories-table-product-link\" title=\"Versijet High Capacity Self-Priming Diaphragm Pump 24 volt d.c.\" href=\"https:\/\/www.jabscoshop.com\/flojet-industrial-products\/agricultural-spraying\/r8600334a-versijet-high-capacity-self-priming-diaphragm-pump-24-volt-dc-.htm\" target=\"_blank\" rel=\"noopener\">Versijet High Capacity Self-Priming Diaphragm Pump 24 volt d.c.<\/a><\/div>\n<div class=\"centre-column-categories-table-product-image\"><a title=\"Versijet High Capacity Self-Priming Diaphragm Pump 24 volt d.c.\" href=\"https:\/\/www.jabscoshop.com\/flojet-industrial-products\/agricultural-spraying\/r8600334a-versijet-high-capacity-self-priming-diaphragm-pump-24-volt-dc-.htm\" target=\"_blank\" rel=\"noopener\"><img decoding=\"async\" id=\"itemimg7604\" title=\"Versijet High Capacity Self-Priming Diaphragm Pump 24 volt d.c.\" src=\"https:\/\/www.jabscoshop.com\/images\/r8400pic.jpg.axd?width=90&amp;height=90\" width=\"90\" \/><\/a><\/div>\n<div class=\"centre-column-categories-notes\">Connections 19mm (3\/4&#8243;) Hose<\/div>\n<\/div>\n<\/div>\n<\/td>\n<\/tr>\n<tr class=\"centre-column-categories-table-row\">\n<td colspan=\"2\">\n<div class=\"centre-column-categories-table-row-divider\"><\/div>\n<\/td>\n<\/tr>\n<tr class=\"centre-column-categories-table-row\">\n<td colspan=\"2\">\n<div class=\"centre-column-categories-table-top-row-spacer\"><\/div>\n<\/td>\n<\/tr>\n<tr class=\"centre-column-categories-table-row\">\n<td class=\"centre-column-categories-table-cell-left\">\n<div class=\"centre-column-categories-table-cell-content-box\">\n<div class=\"centre-column-categories-table-cell-content-box-content\">\n<div class=\"centre-column-categories-table-product-description\"><a class=\"centre-column-categories-table-product-code-link\" title=\"Versijet High Capacity Self-Priming Diaphragm Pump 24 volt d.c.\" href=\"https:\/\/www.jabscoshop.com\/flojet-industrial-products\/agricultural-spraying\/r8600344a-versijet-high-capacity-self-priming-diaphragm-pump-24-volt-dc.htm\" target=\"_blank\" rel=\"noopener\">R8600344A<\/a><br \/>\n<a class=\"centre-column-categories-table-product-link\" title=\"Versijet High Capacity Self-Priming Diaphragm Pump 24 volt d.c.\" href=\"https:\/\/www.jabscoshop.com\/flojet-industrial-products\/agricultural-spraying\/r8600344a-versijet-high-capacity-self-priming-diaphragm-pump-24-volt-dc.htm\" target=\"_blank\" rel=\"noopener\">Versijet High Capacity Self-Priming Diaphragm Pump 24 volt d.c.<\/a><\/div>\n<div class=\"centre-column-categories-table-product-image\"><a title=\"Versijet High Capacity Self-Priming Diaphragm Pump 24 volt d.c.\" href=\"https:\/\/www.jabscoshop.com\/flojet-industrial-products\/agricultural-spraying\/r8600344a-versijet-high-capacity-self-priming-diaphragm-pump-24-volt-dc.htm\" target=\"_blank\" rel=\"noopener\"><img decoding=\"async\" id=\"itemimg7601\" title=\"Versijet High Capacity Self-Priming Diaphragm Pump 24 volt d.c.\" src=\"https:\/\/www.jabscoshop.com\/images\/r8400pic.jpg.axd?width=90&amp;height=90\" width=\"90\" \/><\/a><\/div>\n<div class=\"centre-column-categories-notes\">Connections 19mm (3\/4&#8243;) Hose<\/div>\n<\/div>\n<\/div>\n<\/td>\n<\/tr>\n<\/tbody>\n<\/table>\n","protected":false},"excerpt":{"rendered":"<p><img loading=\"lazy\" decoding=\"async\" class=\"alignnone size-full wp-image-8190\" src=\"https:\/\/hekes.ee\/wp-content\/uploads\/2021\/04\/flojet_small_logo.gif\" alt=\"\" width=\"150\" height=\"30\" \/><\/p>\n","protected":false},"featured_media":8226,"comment_status":"closed","ping_status":"closed","template":"","meta":[],"product_brand":[],"product_cat":[266,267],"product_tag":[],"class_list":{"0":"post-10849","1":"product","2":"type-product","3":"status-publish","4":"has-post-thumbnail","6":"product_cat-jabsco-ru","7":"product_cat-flojet--","9":"first","10":"instock","11":"taxable","12":"shipping-taxable","13":"product-type-simple"},"_links":{"self":[{"href":"https:\/\/hekes.ee\/ru\/wp-json\/wp\/v2\/product\/10849","targetHints":{"allow":["GET"]}}],"collection":[{"href":"https:\/\/hekes.ee\/ru\/wp-json\/wp\/v2\/product"}],"about":[{"href":"https:\/\/hekes.ee\/ru\/wp-json\/wp\/v2\/types\/product"}],"replies":[{"embeddable":true,"href":"https:\/\/hekes.ee\/ru\/wp-json\/wp\/v2\/comments?post=10849"}],"wp:featuredmedia":[{"embeddable":true,"href":"https:\/\/hekes.ee\/ru\/wp-json\/wp\/v2\/media\/8226"}],"wp:attachment":[{"href":"https:\/\/hekes.ee\/ru\/wp-json\/wp\/v2\/media?parent=10849"}],"wp:term":[{"taxonomy":"product_brand","embeddable":true,"href":"https:\/\/hekes.ee\/ru\/wp-json\/wp\/v2\/product_brand?post=10849"},{"taxonomy":"product_cat","embeddable":true,"href":"https:\/\/hekes.ee\/ru\/wp-json\/wp\/v2\/product_cat?post=10849"},{"taxonomy":"product_tag","embeddable":true,"href":"https:\/\/hekes.ee\/ru\/wp-json\/wp\/v2\/product_tag?post=10849"}],"curies":[{"name":"wp","href":"https:\/\/api.w.org\/{rel}","templated":true}]}}