{"id":10843,"date":"2021-04-05T10:07:15","date_gmt":"2021-04-05T10:07:15","guid":{"rendered":"https:\/\/hekes.ee\/toode\/series-rmo\/"},"modified":"2021-04-05T10:07:15","modified_gmt":"2021-04-05T10:07:15","slug":"series-rmo","status":"publish","type":"product","link":"https:\/\/hekes.ee\/ru\/toode\/series-rmo\/","title":{"rendered":"Series RMO"},"content":{"rendered":"<div class=\"kenmerken-uitleg\">\n<p>Need sarjad on spetsiaalselt toodetud veoautodele paigaldamiseks ja on valmistatud roostevabast terasest laagrikinnitusele.\u00a0Need v\u00f5ivad olla varustatud h\u00fcdraulilise v\u00f5i elektrimootoriga. Elektrimootoriga varustatud pumbad v\u00f5ivad t\u00f6\u00f6tada veoki akude abil ja neid saab ehitada monoblokk-konstruktsioonina. Nendel t\u00e4iesti puhastatavatel pumpadel on 316L pumba korpus, mis koosneb paksest k\u00fclmvaltsitud plaadist, 100% poorivaba ja v\u00e4ga sile. M\u00f5nel on valatud pumba korpus, mille tulemuseks on veelgi tugevam konstruktsioon.<\/p>\n<p>RMO-seeriat kasutatakse veoautodes toiduainet\u00f6\u00f6stuses vedelike, n\u00e4iteks piima, \u00f5lle ja veini pumpamiseks. Neid saab kasutada ka AD Blue, joogivee ja muude vedelike k\u00e4sitlemiseks.<\/p>\n<\/div>\n<p><img decoding=\"async\" src=\"https:\/\/www.packopumps.com\/website\/var\/tmp\/image-thumbnails\/0\/7035\/thumb__auto_499317a4cfa638f966e46415b5739936\/RMO_render%20aangeduid.png\" \/><\/p>\n<div class=\"kenmerken\">\n<ol>\n<li>Elektropoleeritud, h\u00f5lpsasti puhastatav konstruktsioon, ei teki bakteririski, kuna o-r\u00f5ngaste \u00fcmber ei teki v\u00e4ikseid t\u00fchimikke<\/li>\n<li>Pressitud v\u00f5i valatud roostevaba teras, vastupidav disain<\/li>\n<li>Suur tihendikamber tihendi t\u00e4iuslikuks puhastamiseks<\/li>\n<li>H\u00fcdromootorile sobiv valatud tahke laagrihoidja<\/li>\n<\/ol>\n<p><a href=\"https:\/\/www.packopumps.com\/en\/products\/oem-solutions\/rmo\" target=\"_blank\" rel=\"noopener\">https:\/\/www.packopumps.com\/en\/products\/oem-solutions\/rmo<\/a><\/p>\n<\/div>\n","protected":false},"excerpt":{"rendered":"<p><span style=\"color: #282828;\">Piima kogumispump veoautodele ja haagistele<\/span><\/p>\n<table>\n<tbody>\n<tr>\n<td>Maks.\u00a0vooluhulk<\/td>\n<td>250 m\u00b3 \/ h<\/td>\n<\/tr>\n<tr>\n<td>Maks.\u00a0s\u00fcnnituspea<\/td>\n<td>30 m<\/td>\n<\/tr>\n<tr>\n<td>Maks.\u00a0toote viskoossus<\/td>\n<td>1000 cP<\/td>\n<\/tr>\n<\/tbody>\n<\/table>\n<p>&nbsp;<\/p>\n","protected":false},"featured_media":7520,"comment_status":"closed","ping_status":"closed","template":"","meta":[],"product_brand":[],"product_cat":[270,324],"product_tag":[],"class_list":{"0":"post-10843","1":"product","2":"type-product","3":"status-publish","4":"has-post-thumbnail","6":"product_cat-packo-ru","7":"product_cat-324","9":"first","10":"instock","11":"taxable","12":"shipping-taxable","13":"product-type-simple"},"_links":{"self":[{"href":"https:\/\/hekes.ee\/ru\/wp-json\/wp\/v2\/product\/10843","targetHints":{"allow":["GET"]}}],"collection":[{"href":"https:\/\/hekes.ee\/ru\/wp-json\/wp\/v2\/product"}],"about":[{"href":"https:\/\/hekes.ee\/ru\/wp-json\/wp\/v2\/types\/product"}],"replies":[{"embeddable":true,"href":"https:\/\/hekes.ee\/ru\/wp-json\/wp\/v2\/comments?post=10843"}],"wp:featuredmedia":[{"embeddable":true,"href":"https:\/\/hekes.ee\/ru\/wp-json\/wp\/v2\/media\/7520"}],"wp:attachment":[{"href":"https:\/\/hekes.ee\/ru\/wp-json\/wp\/v2\/media?parent=10843"}],"wp:term":[{"taxonomy":"product_brand","embeddable":true,"href":"https:\/\/hekes.ee\/ru\/wp-json\/wp\/v2\/product_brand?post=10843"},{"taxonomy":"product_cat","embeddable":true,"href":"https:\/\/hekes.ee\/ru\/wp-json\/wp\/v2\/product_cat?post=10843"},{"taxonomy":"product_tag","embeddable":true,"href":"https:\/\/hekes.ee\/ru\/wp-json\/wp\/v2\/product_tag?post=10843"}],"curies":[{"name":"wp","href":"https:\/\/api.w.org\/{rel}","templated":true}]}}