{"id":10827,"date":"2021-10-10T07:25:11","date_gmt":"2021-10-10T07:25:11","guid":{"rendered":"https:\/\/hekes.ee\/toode\/2190\/"},"modified":"2024-04-29T15:12:53","modified_gmt":"2024-04-29T15:12:53","slug":"2190","status":"publish","type":"product","link":"https:\/\/hekes.ee\/ru\/toode\/2190\/","title":{"rendered":"2190"},"content":{"rendered":"<table width=\"313\">\n<tbody>\n<tr>\n<td width=\"109\">2190.010<\/td>\n<td width=\"103\">2190.320<\/td>\n<td width=\"101\">2190.390<\/td>\n<\/tr>\n<tr>\n<td>25 kW<\/td>\n<td>23 kW<\/td>\n<td>22 kW<\/td>\n<\/tr>\n<tr>\n<td>4&#8243;<\/td>\n<td>4&#8243;<\/td>\n<td>4&#8243;<\/td>\n<\/tr>\n<tr>\n<td>pH 5-8<\/td>\n<td>pH 6-11<\/td>\n<td>pH 2-10<\/td>\n<\/tr>\n<\/tbody>\n<\/table>\n<p id=\"tw-target-text\" class=\"tw-data-text tw-text-large XcVN5d tw-ta\" dir=\"ltr\" data-placeholder=\"T\u00f5lge\"><span class=\"Y2IQFc\" lang=\"et\">TOOTE OMADUSED<\/span><\/p>\n<ul>\n<li class=\"tw-data-text tw-text-large XcVN5d tw-ta\" dir=\"ltr\" data-placeholder=\"T\u00f5lge\"><span class=\"Y2IQFc\" lang=\"et\">Materjalide variandid on alumiiniumi, malmi v\u00f5i roostevaba terast<br \/>\n<\/span><\/li>\n<li class=\"tw-data-text tw-text-large XcVN5d tw-ta\" dir=\"ltr\" data-placeholder=\"T\u00f5lge\"><span class=\"Y2IQFc\" lang=\"et\">R\u00f5huomadused: HT<br \/>\n<\/span><\/li>\n<li class=\"tw-data-text tw-text-large XcVN5d tw-ta\" dir=\"ltr\" data-placeholder=\"T\u00f5lge\"><span class=\"Y2IQFc\" lang=\"et\">T\u00f6\u00f6ratas &#8212; poolavatud v\u00f5i suletud<br \/>\n<\/span><\/li>\n<li class=\"tw-data-text tw-text-large XcVN5d tw-ta\" dir=\"ltr\" data-placeholder=\"T\u00f5lge\"><span class=\"Y2IQFc\" lang=\"et\">Duraspin<br \/>\n<\/span><\/li>\n<li class=\"tw-data-text tw-text-large XcVN5d tw-ta\" dir=\"ltr\" data-placeholder=\"T\u00f5lge\"><span class=\"Y2IQFc\" lang=\"et\">Trimmi kruvi<br \/>\n<\/span><\/li>\n<li class=\"tw-data-text tw-text-large XcVN5d tw-ta\" dir=\"ltr\" data-placeholder=\"T\u00f5lge\"><span class=\"Y2IQFc\" lang=\"et\">Spin Out<br \/>\n<\/span><\/li>\n<li class=\"tw-data-text tw-text-large XcVN5d tw-ta\" dir=\"ltr\" data-placeholder=\"T\u00f5lge\"><span class=\"Y2IQFc\" lang=\"et\">Pinnat\u00f6\u00f6tlus materjal, nitriili v\u00f5i pol\u00fcuretaani<\/span><\/li>\n<\/ul>\n<h3>T\u00fchjenduspump Kaevandustele<\/h3>\n<p id=\"tw-target-text\" class=\"tw-data-text tw-text-large XcVN5d tw-ta\" dir=\"ltr\" data-placeholder=\"T\u00f5lge\"><span class=\"Y2IQFc\" lang=\"et\">Pump Flygt 2190 kasutab maailmakuulsat BIBO pumba disaini ja on aastak\u00fcmneid teeninud kaevandust\u00f6\u00f6stust. See on vastupidav ja usaldusv\u00e4\u00e4rne pump.<\/span><\/p>\n<h3 id=\"tw-target-text\" class=\"tw-data-text tw-text-large XcVN5d tw-ta\" dir=\"ltr\" data-placeholder=\"T\u00f5lge\"><span class=\"Y2IQFc\" lang=\"et\">Kulumiskindlus<\/span><\/h3>\n<p class=\"tw-data-text tw-text-large XcVN5d tw-ta\" dir=\"ltr\" data-placeholder=\"T\u00f5lge\"><span class=\"Y2IQFc\" lang=\"et\"> Spetsiaalselt projekteeritud poolavatud v\u00f5i suletud tiivikud koos Dura Spin tiivikutega, mis on saadaval k\u00f5vast rauast (60 HRC) v\u00f5i roostevabast terasest (SS329). Flygt Spin-out konstruktsiooniga h\u00fcdros\u00fcsteem v\u00e4hendab abrasiivide hulka tihendi\u00f5\u00f5nes koos volframkarbiidist topeltmehaanilise tihendiga.<\/span><\/p>\n<h3 id=\"tw-target-text\" class=\"tw-data-text tw-text-large XcVN5d tw-ta\" dir=\"ltr\" data-placeholder=\"T\u00f5lge\"><span class=\"Y2IQFc\" lang=\"et\">Parem teenindus<\/span><\/h3>\n<p class=\"tw-data-text tw-text-large XcVN5d tw-ta\" dir=\"ltr\" data-placeholder=\"T\u00f5lge\"><span class=\"Y2IQFc\" lang=\"et\"> Kooniline v\u00f5lli reguleerimiskruvi koos Dura tsentrifuugiga, suletud tiivik ja t\u00e4iustatud kaabli sissep\u00e4\u00e4s h\u00f5lbustavad hooldust ja pikendavad pumba eluiga.<\/span><\/p>\n<h3 id=\"tw-target-text\" class=\"tw-data-text tw-text-large XcVN5d tw-ta\" dir=\"ltr\" data-placeholder=\"T\u00f5lge\"><span class=\"Y2IQFc\" lang=\"et\">Alumiinium<\/span><\/h3>\n<p class=\"tw-data-text tw-text-large XcVN5d tw-ta\" dir=\"ltr\" data-placeholder=\"T\u00f5lge\"><span class=\"Y2IQFc\" lang=\"et\">Vastupidavad ja usaldusv\u00e4\u00e4rsed alumiiniumist kerged pumbad valmistati h\u00f5lpsaks k\u00e4sitsemiseks ja liikumiseks. Piisavalt karm abrasiivsete vedelikega kaevandusrakenduste k\u00e4sitlemiseks.<\/span><\/p>\n<h3 id=\"tw-target-text\" class=\"tw-data-text tw-text-large XcVN5d tw-ta\" dir=\"ltr\" data-placeholder=\"T\u00f5lge\"><span class=\"Y2IQFc\" lang=\"et\">Malm<\/span><\/h3>\n<p class=\"tw-data-text tw-text-large XcVN5d tw-ta\" dir=\"ltr\" data-placeholder=\"T\u00f5lge\"><span class=\"Y2IQFc\" lang=\"et\"> Malm, mis on valmistatud vastupidavate ja usaldusv\u00e4\u00e4rsete pumpade jaoks; piisavalt vastupidav nii abrasiividega t\u00e4idetud vedelike kui ka kloriide sisaldava vee k\u00e4sitlemiseks.<\/span><\/p>\n<h3 id=\"tw-target-text\" class=\"tw-data-text tw-text-large XcVN5d tw-ta\" dir=\"ltr\" data-placeholder=\"T\u00f5lge\"><span class=\"Y2IQFc\" lang=\"et\">Roostevaba teras<\/span><\/h3>\n<p class=\"tw-data-text tw-text-large XcVN5d tw-ta\" dir=\"ltr\" data-placeholder=\"T\u00f5lge\"><span class=\"Y2IQFc\" lang=\"et\"> Roostevabast terasest pumbad on t\u00f5eliselt kulumiskindlad ja mitmek\u00fclgsed, taluvad t\u00f5husalt karmi, abrasiivseid ja s\u00f6\u00f6vitavaid vedelikke. Kasutatakse t\u00e4iustatud t\u00f6\u00f6kohtades, kus teised pumbad on madalama korrosioonikindlusega ja taluvad suuri pH taseme erinevusi.<\/span><\/p>\n<h3 id=\"tw-target-text\" class=\"tw-data-text tw-text-large XcVN5d tw-ta\" dir=\"ltr\" data-placeholder=\"T\u00f5lge\"><span class=\"Y2IQFc\" lang=\"et\">Heakskiidud<\/span><\/h3>\n<p class=\"tw-data-text tw-text-large XcVN5d tw-ta\" dir=\"ltr\" data-placeholder=\"T\u00f5lge\"><span class=\"Y2IQFc\" lang=\"et\"> Malmist seeria pumbad on saadaval plahvatuskindlates versioonides vastavalt IECEx I eeskirjadele.<\/span><\/p>\n","protected":false},"excerpt":{"rendered":"<ul>\n<li>T\u00fchjenduspump kaevandustele<\/li>\n<li>4&#8243;<\/li>\n<li>22-25 kW<\/li>\n<li>pH 2-11<\/li>\n<\/ul>\n","protected":false},"featured_media":9154,"comment_status":"closed","ping_status":"closed","template":"","meta":[],"product_brand":[],"product_cat":[299],"product_tag":[],"class_list":{"0":"post-10827","1":"product","2":"type-product","3":"status-publish","4":"has-post-thumbnail","6":"product_cat-2000-seeria-ru","8":"first","9":"instock","10":"taxable","11":"shipping-taxable","12":"product-type-simple"},"_links":{"self":[{"href":"https:\/\/hekes.ee\/ru\/wp-json\/wp\/v2\/product\/10827","targetHints":{"allow":["GET"]}}],"collection":[{"href":"https:\/\/hekes.ee\/ru\/wp-json\/wp\/v2\/product"}],"about":[{"href":"https:\/\/hekes.ee\/ru\/wp-json\/wp\/v2\/types\/product"}],"replies":[{"embeddable":true,"href":"https:\/\/hekes.ee\/ru\/wp-json\/wp\/v2\/comments?post=10827"}],"wp:featuredmedia":[{"embeddable":true,"href":"https:\/\/hekes.ee\/ru\/wp-json\/wp\/v2\/media\/9154"}],"wp:attachment":[{"href":"https:\/\/hekes.ee\/ru\/wp-json\/wp\/v2\/media?parent=10827"}],"wp:term":[{"taxonomy":"product_brand","embeddable":true,"href":"https:\/\/hekes.ee\/ru\/wp-json\/wp\/v2\/product_brand?post=10827"},{"taxonomy":"product_cat","embeddable":true,"href":"https:\/\/hekes.ee\/ru\/wp-json\/wp\/v2\/product_cat?post=10827"},{"taxonomy":"product_tag","embeddable":true,"href":"https:\/\/hekes.ee\/ru\/wp-json\/wp\/v2\/product_tag?post=10827"}],"curies":[{"name":"wp","href":"https:\/\/api.w.org\/{rel}","templated":true}]}}