{"id":11645,"date":"2023-01-07T19:58:20","date_gmt":"2023-01-07T19:58:20","guid":{"rendered":""},"modified":"2023-01-07T19:58:21","modified_gmt":"2023-01-07T19:58:21","slug":"%d0%ba%d0%be%d0%bc%d0%bf%d0%b0%d0%ba%d1%82%d0%bd%d1%8b%d0%b9-%d0%bf%d0%b5%d1%80%d0%b8%d1%81%d1%82%d0%b0%d0%bb%d1%82%d0%b8%d1%87%d0%b5%d1%81%d0%ba%d0%b8%d0%b9-%d0%bd%d0%b0%d1%81%d0%be%d1%81","status":"publish","type":"page","link":"https:\/\/hekes.ee\/ru\/%d1%81%d0%bf%d0%b5%d1%86%d0%bd%d0%b0%d1%81%d0%be%d1%81%d1%8b-%d0%b8-%d0%be%d0%b1%d0%be%d1%80%d1%83%d0%b4%d0%be%d0%b2%d0%b0%d0%bd%d0%b8%d0%b5\/%d0%ba%d0%be%d0%bc%d0%bf%d0%b0%d0%ba%d1%82%d0%bd%d1%8b%d0%b9-%d0%bf%d0%b5%d1%80%d0%b8%d1%81%d1%82%d0%b0%d0%bb%d1%82%d0%b8%d1%87%d0%b5%d1%81%d0%ba%d0%b8%d0%b9-%d0%bd%d0%b0%d1%81%d0%be%d1%81\/","title":{"rendered":"\u041a\u043e\u043c\u043f\u0430\u043a\u0442\u043d\u044b\u0439 \u043f\u0435\u0440\u0438\u0441\u0442\u0430\u043b\u0442\u0438\u0447\u0435\u0441\u043a\u0438\u0439 \u043d\u0430\u0441\u043e\u0441"},"content":{"rendered":"<div class=\"slider-wrapper relative\" id=\"slider-1368809237\" >\n    <div class=\"slider slider-nav-circle slider-nav-large slider-nav-light slider-style-normal\"\n        data-flickity-options='{\n            \"cellAlign\": \"center\",\n            \"imagesLoaded\": true,\n            \"lazyLoad\": 1,\n            \"freeScroll\": false,\n            \"wrapAround\": true,\n            \"autoPlay\": false,\n            \"pauseAutoPlayOnHover\" : true,\n            \"prevNextButtons\": true,\n            \"contain\" : true,\n            \"adaptiveHeight\" : true,\n            \"dragThreshold\" : 10,\n            \"percentPosition\": true,\n            \"pageDots\": false,\n            \"rightToLeft\": false,\n            \"draggable\": true,\n            \"selectedAttraction\": 0.1,\n            \"parallax\" : 0,\n            \"friction\": 0.6        }'\n        >\n        \n\n  <div class=\"banner has-hover\" id=\"banner-1605017454\">\n          <div class=\"banner-inner fill\">\n        <div class=\"banner-bg fill\" >\n            <img loading=\"lazy\" decoding=\"async\" width=\"1020\" height=\"283\" src=\"https:\/\/hekes.ee\/wp-content\/uploads\/2021\/02\/verdeflex-pilt-2-1400x389.png\" class=\"bg attachment-large size-large\" alt=\"\" \/>                        <div class=\"overlay\"><\/div>            \n                    <\/div>\n\t\t\n        <div class=\"banner-layers container\">\n            <div class=\"fill banner-link\"><\/div>            \n   <div id=\"text-box-818280173\" class=\"text-box banner-layer x100 md-x100 lg-x100 y90 md-y90 lg-y90 res-text\">\n                                <div class=\"text-box-content text box-shadow-5 dark\">\n              \n\t<div class=\"is-border\"\n\t\tstyle=\"border-width:0px 0px 0px 0px;\">\n\t<\/div>\n              <div class=\"text-inner text-center\">\n                  \n<h2 class=\"uppercase\">\u041a\u043e\u043c\u043f\u0430\u043a\u0442\u043d\u044b\u0439 \u043f\u0435\u0440\u0438\u0441\u0442\u0430\u043b\u0442\u0438\u0447\u0435\u0441\u043a\u0438\u0439 \u043d\u0430\u0441\u043e\u0441<\/h2>\n              <\/div>\n           <\/div>\n                            \n<style>\n#text-box-818280173 {\n  margin: 1px 0px 0px 0px;\n  width: 60%;\n}\n#text-box-818280173 .text-box-content {\n  background-color: rgb(50, 137, 163);\n  font-size: 55%;\n}\n#text-box-818280173 .text-inner {\n  padding: 10px 0px 10px 0px;\n}\n@media (min-width:550px) {\n  #text-box-818280173 {\n    width: 54%;\n  }\n}\n<\/style>\n    <\/div>\n \n        <\/div>\n      <\/div>\n\n            \n<style>\n#banner-1605017454 {\n  padding-top: 300px;\n  background-color: rgb(255, 255, 255);\n}\n#banner-1605017454 .overlay {\n  background-color: rgba(190, 190, 190, 0.2);\n}\n<\/style>\n  <\/div>\n\n\n     <\/div>\n\n     <div class=\"loading-spin dark large centered\"><\/div>\n\n\t<\/div>\n\n\n<div class=\"row align-equal row-box-shadow-3\"  id=\"row-633104929\">\n\n\t<div id=\"col-420265425\" class=\"col medium-3 small-6 large-3\"  >\n\t\t\t\t<div class=\"col-inner\"  >\n\t\t\t\n\t\t\t\n\t<div class=\"box has-hover   has-hover box-text-bottom\" >\n\n\t\t<div class=\"box-image\" >\n\t\t\t<a href=\"https:\/\/hekes.ee\/ru\/toode\/verderflex-vantage-5000\/\" >\t\t\t<div class=\"\" >\n\t\t\t\t<img loading=\"lazy\" decoding=\"async\" width=\"726\" height=\"594\" src=\"https:\/\/hekes.ee\/wp-content\/uploads\/2021\/02\/Verderflex\u00ae-Vantage-5000.jpg\" class=\"attachment- size-\" alt=\"\" srcset=\"https:\/\/hekes.ee\/wp-content\/uploads\/2021\/02\/Verderflex\u00ae-Vantage-5000.jpg 726w, https:\/\/hekes.ee\/wp-content\/uploads\/2021\/02\/Verderflex\u00ae-Vantage-5000-510x417.jpg 510w, https:\/\/hekes.ee\/wp-content\/uploads\/2021\/02\/Verderflex\u00ae-Vantage-5000-489x400.jpg 489w\" sizes=\"auto, (max-width: 726px) 100vw, 726px\" \/>\t\t\t\t\t\t\t\t\t\t\t<\/div>\n\t\t\t<\/a>\t\t<\/div>\n\n\t\t<div class=\"box-text text-center\" >\n\t\t\t<div class=\"box-text-inner\">\n\t\t\t\t\n<h4><a href=\"https:\/\/hekes.ee\/ru\/toode\/verderflex-vantage-5000\/\"><span style=\"color: #50b848;\">Verderflex\u00ae Vantage 5000<\/span><\/a><\/h4>\n<div>Verderflex Vantage 5000 perekond on t\u00e4pse doseerimise ja v\u00e4ljastuspumpade j\u00e4rgmine p\u00f5lvkond. Need \u00fchendavad kuni 7-baarise t\u00fchjendusr\u00f5hu t\u00e4psuse koos intuitiivse puutetundliku ekraaniga kasutajaliidesega, 30-pardalise m\u00e4luga, reaalajas kella ja USB-andmete varunduspordiga. Kaugjuhtimissignaali v\u00f5imalused h\u00f5lmavad 0\u201310 V, 4\u201320 mA, Modbus\u00ae ja Profibus\u00ae koos valikulise mitme opto-isoleeritud voltivaba sisendi ja v\u00e4ljundiga, mis v\u00f5imaldab Vantage 5000-l moodustada abrasiivsete, v\u00e4liste gaasilised, keemiliselt agressiivsed, nihutustundlikud v\u00f5i habras kemikaalid, toitained ja pH reguleerimise s\u00fcsteemid.<\/div>\n<div><\/div>\n<div><strong>Max vooluhulk: 6600 ml \/ min<\/strong><\/div>\n<div><strong>Maksimaalne r\u00f5hk: 7 baari<\/strong><\/div>\n\t\t\t<\/div>\n\t\t<\/div>\n\t<\/div>\n\t\n\t\t<\/div>\n\t\t\t\t\t<\/div>\n\n\t\n\n\t<div id=\"col-908502252\" class=\"col medium-3 small-6 large-3\"  >\n\t\t\t\t<div class=\"col-inner\"  >\n\t\t\t\n\t\t\t\n\t<div class=\"box has-hover   has-hover box-text-bottom\" >\n\n\t\t<div class=\"box-image\" >\n\t\t\t<a href=\"https:\/\/hekes.ee\/ru\/toode\/verderflex-vantage-3000\/\" >\t\t\t<div class=\"\" >\n\t\t\t\t<img loading=\"lazy\" decoding=\"async\" width=\"726\" height=\"594\" src=\"https:\/\/hekes.ee\/wp-content\/uploads\/2021\/02\/Verderflex\u00ae-Vantage-3000.jpg\" class=\"attachment- size-\" alt=\"\" srcset=\"https:\/\/hekes.ee\/wp-content\/uploads\/2021\/02\/Verderflex\u00ae-Vantage-3000.jpg 726w, https:\/\/hekes.ee\/wp-content\/uploads\/2021\/02\/Verderflex\u00ae-Vantage-3000-510x417.jpg 510w, https:\/\/hekes.ee\/wp-content\/uploads\/2021\/02\/Verderflex\u00ae-Vantage-3000-489x400.jpg 489w\" sizes=\"auto, (max-width: 726px) 100vw, 726px\" \/>\t\t\t\t\t\t\t\t\t\t\t<\/div>\n\t\t\t<\/a>\t\t<\/div>\n\n\t\t<div class=\"box-text text-center\" >\n\t\t\t<div class=\"box-text-inner\">\n\t\t\t\t\n<h4><span style=\"color: #50b848;\"><a style=\"color: #50b848;\" href=\"https:\/\/hekes.ee\/ru\/toode\/verderflex-vantage-3000\/\">Verderflex\u00ae Vantage 3000<\/a><\/span><\/h4>\n<div>Verderflex Vantage 3000 tootevalik on h\u00f5lpsasti kasutatav, madala kuni keskmise vooluhulgaga, 2 baariga torupumbad farmaatsias, laboris ja kerget\u00f6\u00f6stuses. Need kompaktsed pumbad sobivad lauale ja sobivad ideaalselt abrasiivsete, nihutundlike ja viskoossete vedelike \u00fclekandmiseks, doseerimiseks v\u00f5i m\u00f5\u00f5tmiseks.<\/div>\n<div><\/div>\n<div><strong>Max vooluhulk: 3250 ml \/ min<\/strong><\/div>\n<div><strong>Maksimaalne r\u00f5hk: 2 baari<\/strong><\/div>\n\t\t\t<\/div>\n\t\t<\/div>\n\t<\/div>\n\t\n\t\t<\/div>\n\t\t\t\t\t<\/div>\n\n\t\n\n\t<div id=\"col-439710953\" class=\"col medium-3 small-6 large-3\"  >\n\t\t\t\t<div class=\"col-inner\"  >\n\t\t\t\n\t\t\t\n\t<div class=\"box has-hover   has-hover box-text-bottom\" >\n\n\t\t<div class=\"box-image\" >\n\t\t\t<a href=\"https:\/\/hekes.ee\/ru\/toode\/verderflex-economy\/\" >\t\t\t<div class=\"\" >\n\t\t\t\t<img loading=\"lazy\" decoding=\"async\" width=\"726\" height=\"594\" src=\"https:\/\/hekes.ee\/wp-content\/uploads\/2021\/02\/Verderflex-Economy-1.jpg\" class=\"attachment- size-\" alt=\"\" srcset=\"https:\/\/hekes.ee\/wp-content\/uploads\/2021\/02\/Verderflex-Economy-1.jpg 726w, https:\/\/hekes.ee\/wp-content\/uploads\/2021\/02\/Verderflex-Economy-1-510x417.jpg 510w, https:\/\/hekes.ee\/wp-content\/uploads\/2021\/02\/Verderflex-Economy-1-489x400.jpg 489w\" sizes=\"auto, (max-width: 726px) 100vw, 726px\" \/>\t\t\t\t\t\t\t\t\t\t\t<\/div>\n\t\t\t<\/a>\t\t<\/div>\n\n\t\t<div class=\"box-text text-center\" >\n\t\t\t<div class=\"box-text-inner\">\n\t\t\t\t\n<h4><span style=\"color: #50b848;\"><a style=\"color: #50b848;\" href=\"https:\/\/hekes.ee\/ru\/toode\/verderflex-economy\/\">Verderflex Economy<\/a><\/span><\/h4>\n<div>Verderflex Economy torupumpade valikut on lihtne kasutada, vahelduva kasutusega torude pumbad koos lihtsate kiiruse juhtimisega. See kompaktne vahemik on ideaalne kasutamiseks laboris ja protsessikeskkondades, pakkudes t\u00e4pset vooluhulka ja pidevat doseerimist kuni 8000 ml \/ min<\/div>\n<div><\/div>\n<div><strong>Max vooluhulk: 8000 ml \/ min<\/strong><\/div>\n<div><strong>Maksimaalne r\u00f5hk: 2 baari<\/strong><\/div>\n\t\t\t<\/div>\n\t\t<\/div>\n\t<\/div>\n\t\n\t\t<\/div>\n\t\t\t\t\t<\/div>\n\n\t\n\n\t<div id=\"col-1661556395\" class=\"col medium-3 small-6 large-3\"  >\n\t\t\t\t<div class=\"col-inner\"  >\n\t\t\t\n\t\t\t\n\t<div class=\"box has-hover   has-hover box-text-bottom\" >\n\n\t\t<div class=\"box-image\" >\n\t\t\t<a href=\"https:\/\/hekes.ee\/ru\/toode\/verderflex-vp\/\" >\t\t\t<div class=\"\" >\n\t\t\t\t<img loading=\"lazy\" decoding=\"async\" width=\"726\" height=\"594\" src=\"https:\/\/hekes.ee\/wp-content\/uploads\/2021\/02\/verdeflex-vp-1.jpg\" class=\"attachment- size-\" alt=\"\" srcset=\"https:\/\/hekes.ee\/wp-content\/uploads\/2021\/02\/verdeflex-vp-1.jpg 726w, https:\/\/hekes.ee\/wp-content\/uploads\/2021\/02\/verdeflex-vp-1-510x417.jpg 510w, https:\/\/hekes.ee\/wp-content\/uploads\/2021\/02\/verdeflex-vp-1-489x400.jpg 489w\" sizes=\"auto, (max-width: 726px) 100vw, 726px\" \/>\t\t\t\t\t\t\t\t\t\t\t<\/div>\n\t\t\t<\/a>\t\t<\/div>\n\n\t\t<div class=\"box-text text-center\" >\n\t\t\t<div class=\"box-text-inner\">\n\t\t\t\t\n<h4><a href=\"https:\/\/hekes.ee\/ru\/toode\/verderflex-vp\/\"><span style=\"color: #50b848;\">Verderflex\u00ae VP<\/span><\/a><\/h4>\n<div>VP tootevalik on spetsiaalsed madala vooluhulgaga doseerimistorupumbad koos sisseehitatud juhtimisseadmetega, mida toetavad t\u00e4iendavad instrumendid ja lisaseadmed. Pumbad sobivad ideaalselt v\u00e4ikeste iseseisvate doseerimiss\u00fcsteemide jaoks.<\/div>\n<div><\/div>\n<div><strong>Max vooluhulk: 4 l \/ h<\/strong><\/div>\n<div><strong>Maksimaalne r\u00f5hk: 3 baari<\/strong><\/div>\n\t\t\t<\/div>\n\t\t<\/div>\n\t<\/div>\n\t\n\t\t<\/div>\n\t\t\t\t\t<\/div>\n\n\t\n<\/div>\n","protected":false},"excerpt":{"rendered":"","protected":false},"author":2,"featured_media":0,"parent":11542,"menu_order":36,"comment_status":"closed","ping_status":"closed","template":"page-blank.php","meta":{"footnotes":""},"class_list":["post-11645","page","type-page","status-publish","hentry"],"_links":{"self":[{"href":"https:\/\/hekes.ee\/ru\/wp-json\/wp\/v2\/pages\/11645","targetHints":{"allow":["GET"]}}],"collection":[{"href":"https:\/\/hekes.ee\/ru\/wp-json\/wp\/v2\/pages"}],"about":[{"href":"https:\/\/hekes.ee\/ru\/wp-json\/wp\/v2\/types\/page"}],"author":[{"embeddable":true,"href":"https:\/\/hekes.ee\/ru\/wp-json\/wp\/v2\/users\/2"}],"replies":[{"embeddable":true,"href":"https:\/\/hekes.ee\/ru\/wp-json\/wp\/v2\/comments?post=11645"}],"version-history":[{"count":3,"href":"https:\/\/hekes.ee\/ru\/wp-json\/wp\/v2\/pages\/11645\/revisions"}],"predecessor-version":[{"id":11648,"href":"https:\/\/hekes.ee\/ru\/wp-json\/wp\/v2\/pages\/11645\/revisions\/11648"}],"up":[{"embeddable":true,"href":"https:\/\/hekes.ee\/ru\/wp-json\/wp\/v2\/pages\/11542"}],"wp:attachment":[{"href":"https:\/\/hekes.ee\/ru\/wp-json\/wp\/v2\/media?parent=11645"}],"curies":[{"name":"wp","href":"https:\/\/api.w.org\/{rel}","templated":true}]}}