{"id":10771,"date":"2022-10-23T10:21:50","date_gmt":"2022-10-23T10:21:50","guid":{"rendered":"https:\/\/hekes.ee\/%d0%bd%d0%b0%d1%81%d0%be%d1%81%d1%8b\/%d1%81%d0%bf%d0%b5%d1%86%d0%bd%d0%b0%d1%81%d0%be%d1%81%d1%8b-%d0%b8-%d0%be%d0%b1%d0%be%d1%80%d1%83%d0%b4%d0%be%d0%b2%d0%b0%d0%bd%d0%b8%d0%b5\/toiduainete-pumbad-liha-kala-ja-frituurioli-jaoks\/"},"modified":"2023-01-07T19:42:22","modified_gmt":"2023-01-07T19:42:22","slug":"toiduainete-pumbad-liha-kala-ja-frituurioli-jaoks","status":"publish","type":"page","link":"https:\/\/hekes.ee\/ru\/%d1%81%d0%bf%d0%b5%d1%86%d0%bd%d0%b0%d1%81%d0%be%d1%81%d1%8b-%d0%b8-%d0%be%d0%b1%d0%be%d1%80%d1%83%d0%b4%d0%be%d0%b2%d0%b0%d0%bd%d0%b8%d0%b5\/toiduainete-pumbad-liha-kala-ja-frituurioli-jaoks\/","title":{"rendered":"\u041f\u0438\u0449\u0435\u0432\u044b\u0435 \u043d\u0430\u0441\u043e\u0441\u044b \u0434\u043b\u044f \u043c\u044f\u0441\u043e, \u0440\u044b\u0431\u044b \u0438 \u0444\u0440\u0438\u0442\u044e\u0440\u043d\u043e\u0433\u043e \u043c\u0430\u0441\u043b\u043e"},"content":{"rendered":"  <div id=\"page-header-1358460188\" class=\"page-header-wrapper\">\n  <div class=\"page-title dark featured-title\">\n\n    \n    <div class=\"page-title-inner container align-center flex-row medium-flex-wrap\" >\n            <div class=\"title-content flex-col flex-right text-right medium-text-center\">\n        <div class=\"title-breadcrumbs pb-half pt-half\"><nav class=\"woocommerce-breadcrumb breadcrumbs \" aria-label=\"Breadcrumb\">\u0413\u043b\u0430\u0432\u043d\u0430\u044f<\/nav><\/div>      <\/div>\n    <\/div>\n\n       <\/div>\n    <\/div>\n  \n\t<div class=\"img has-hover x md-x lg-x y md-y lg-y\" id=\"image_1167869170\">\n\t\t\t\t\t\t\t\t<div class=\"img-inner dark\" >\n\t\t\t<img loading=\"lazy\" decoding=\"async\" width=\"1020\" height=\"135\" src=\"https:\/\/hekes.ee\/wp-content\/uploads\/2021\/03\/Packo-1400x185.png\" class=\"attachment-large size-large\" alt=\"\" srcset=\"https:\/\/hekes.ee\/wp-content\/uploads\/2021\/03\/Packo-1400x185.png 1400w, https:\/\/hekes.ee\/wp-content\/uploads\/2021\/03\/Packo-510x67.png 510w, https:\/\/hekes.ee\/wp-content\/uploads\/2021\/03\/Packo-800x106.png 800w, https:\/\/hekes.ee\/wp-content\/uploads\/2021\/03\/Packo-768x101.png 768w, https:\/\/hekes.ee\/wp-content\/uploads\/2021\/03\/Packo-1536x203.png 1536w, https:\/\/hekes.ee\/wp-content\/uploads\/2021\/03\/Packo.png 1879w\" sizes=\"auto, (max-width: 1020px) 100vw, 1020px\" \/>\t\t\t\t\t\t\n\t\t\t\t\t<\/div>\n\t\t\t\t\t\t\t\t\n<style>\n#image_1167869170 {\n  width: 100%;\n}\n<\/style>\n\t<\/div>\n\t\n<div class=\"row\"  id=\"row-812651408\">\n\n\t<div id=\"col-1913484712\" class=\"col medium-8 small-12 large-8\"  >\n\t\t\t\t<div class=\"col-inner\"  >\n\t\t\t\n\t\t\t\n<h2>\u041f\u0438\u0449\u0435\u0432\u044b\u0435 \u043d\u0430\u0441\u043e\u0441\u044b \u0434\u043b\u044f \u043c\u044f\u0441\u043e, \u0440\u044b\u0431\u044b \u0438 \u0444\u0440\u0438\u0442\u044e\u0440\u043d\u043e\u0433\u043e \u043c\u0430\u0441\u043b\u043e<\/h2>\n<p id=\"tw-target-text\" class=\"tw-data-text tw-text-large XcVN5d tw-ta\" dir=\"ltr\" data-placeholder=\"T\u00f5lge\"><span lang=\"et\" style=\"color: #333333;\">Selles sektoris toimuvad k\u00f5ige raskemad rakendused. Tootmisprotsess &#8212; mereandide transportimine, soolvee t\u00f6\u00f6tlemine, 200 \u00b0 C frit\u00fc\u00fcri\u00f5li pumpamine &#8212; m\u00f5jutab pumpasid. <\/span><\/p>\n<p class=\"tw-data-text tw-text-large XcVN5d tw-ta\" dir=\"ltr\" data-placeholder=\"T\u00f5lge\"><span lang=\"et\" style=\"color: #333333;\">Seet\u00f5ttu on Packo valimiseks mitmeid p\u00f5hjuseid. \u00dcks neist on v\u00e4ga k\u00f5rge vastupidavus ja efektiivsus t\u00f6\u00f6tamisel v\u00e4ga n\u00f5udlikes tingimustes. <\/span><\/p>\n<p class=\"tw-data-text tw-text-large XcVN5d tw-ta\" dir=\"ltr\" data-placeholder=\"T\u00f5lge\"><span lang=\"et\" style=\"color: #333333;\">T\u00fc\u00fcpilised kasutusalad: kala ja mereandide \u00fclekandmine, soolvee, pudru ja praadimis\u00f5li t\u00f6\u00f6tlemine kuni 200 \u00b0 C.<\/span><\/p>\n<h2 id=\"tw-target-text\" class=\"tw-data-text tw-text-large XcVN5d tw-ta\" dir=\"ltr\" data-placeholder=\"T\u00f5lge\"><span lang=\"et\">Meie pumbad liha, kala ja frit\u00fc\u00fcri\u00f5li jaoks:<\/span><\/h2>\n\t\t<\/div>\n\t\t\t\t\t<\/div>\n\n\t\n\n\t<div id=\"col-86600203\" class=\"col medium-4 small-12 large-4\"  >\n\t\t\t\t<div class=\"col-inner dark\" style=\"background-color:rgba(40, 87, 152, 0.84);\" >\n\t\t\t\n\t\t\t\n\n  <div class=\"banner has-hover\" id=\"banner-362125424\">\n          <div class=\"banner-inner fill\">\n        <div class=\"banner-bg fill\" >\n            <img loading=\"lazy\" decoding=\"async\" width=\"578\" height=\"470\" src=\"https:\/\/hekes.ee\/wp-content\/uploads\/2021\/03\/button-imo-series.jpg\" class=\"bg attachment-large size-large\" alt=\"\" \/>                        <div class=\"overlay\"><\/div>            \n                    <\/div>\n\t\t\n        <div class=\"banner-layers container\">\n            <a class=\"fill\" href=\"https:\/\/www.packopumps.com\/en\/products\/centrifugal\/imo\" target=\"_blank\" rel=\"noopener\"><div class=\"fill banner-link\"><\/div><\/a>            \n   <div id=\"text-box-811636210\" class=\"text-box banner-layer x90 md-x90 lg-x90 y50 md-y50 lg-y50 res-text\">\n                                <div class=\"text-box-content text dark\">\n              \n              <div class=\"text-inner text-center\">\n                  \n              <\/div>\n           <\/div>\n                            \n<style>\n#text-box-811636210 {\n  width: 60%;\n}\n#text-box-811636210 .text-box-content {\n  font-size: 100%;\n}\n@media (min-width:550px) {\n  #text-box-811636210 {\n    width: 40%;\n  }\n}\n<\/style>\n    <\/div>\n \n        <\/div>\n      <\/div>\n\n            \n<style>\n#banner-362125424 {\n  padding-top: 306px;\n}\n#banner-362125424 .overlay {\n  background-color: rgba(0, 0, 0, 0.31);\n}\n<\/style>\n  <\/div>\n\n\n\t<div id=\"gap-1128946999\" class=\"gap-element clearfix\" style=\"display:block; height:auto;\">\n\t\t\n<style>\n#gap-1128946999 {\n  padding-top: 9px;\n}\n<\/style>\n\t<\/div>\n\t\n<h4 id=\"tw-target-text\" class=\"tw-data-text tw-text-large XcVN5d tw-ta\" dir=\"ltr\" data-placeholder=\"T\u00f5lge\"><span lang=\"et\">IMO &#8212; kuni 200 \u00b0 C, ilma probleemideta<\/span><\/h4>\n\t\t<\/div>\n\t\t\t\t\n<style>\n#col-86600203 > .col-inner {\n  padding: 19px 0px 2px 19px;\n  margin: 1px 0px 0px 0px;\n}\n<\/style>\n\t<\/div>\n\n\t\n<\/div>\n\n\t<section class=\"section\" id=\"section_715646700\">\n\t\t<div class=\"section-bg fill\" >\n\t\t\t\t\t\t\t\t\t\n\t\t\t\n\n\t\t<\/div>\n\n\t\t\n\n\t\t<div class=\"section-content relative\">\n\t\t\t\n<div class=\"row align-equal row-divided row-box-shadow-1\"  id=\"row-1314881391\">\n\n\t<div id=\"col-1070051527\" class=\"col medium-3 small-6 large-3\"  >\n\t\t\t\t<div class=\"col-inner\"  >\n\t\t\t\n\t\t\t\n\t<div class=\"box has-hover   has-hover box-text-bottom\" >\n\n\t\t<div class=\"box-image\" >\n\t\t\t<a href=\"https:\/\/hekes.ee\/ru\/toode\/series-fp60\/\">\t\t\t<div class=\"\" >\n\t\t\t\t<img loading=\"lazy\" decoding=\"async\" width=\"2560\" height=\"1920\" src=\"https:\/\/hekes.ee\/wp-content\/uploads\/2021\/03\/FP60-right-sticker-scaled.jpg\" class=\"attachment- size-\" alt=\"\" srcset=\"https:\/\/hekes.ee\/wp-content\/uploads\/2021\/03\/FP60-right-sticker-scaled.jpg 2560w, https:\/\/hekes.ee\/wp-content\/uploads\/2021\/03\/FP60-right-sticker-510x383.jpg 510w, https:\/\/hekes.ee\/wp-content\/uploads\/2021\/03\/FP60-right-sticker-533x400.jpg 533w, https:\/\/hekes.ee\/wp-content\/uploads\/2021\/03\/FP60-right-sticker-1067x800.jpg 1067w, https:\/\/hekes.ee\/wp-content\/uploads\/2021\/03\/FP60-right-sticker-768x576.jpg 768w, https:\/\/hekes.ee\/wp-content\/uploads\/2021\/03\/FP60-right-sticker-1536x1152.jpg 1536w, https:\/\/hekes.ee\/wp-content\/uploads\/2021\/03\/FP60-right-sticker-2048x1536.jpg 2048w\" sizes=\"auto, (max-width: 2560px) 100vw, 2560px\" \/>\t\t\t\t\t\t\t\t\t\t\t<\/div>\n\t\t\t<\/a>\t\t<\/div>\n\n\t\t<div class=\"box-text text-center\" >\n\t\t\t<div class=\"box-text-inner\">\n\t\t\t\t\n<h4><span style=\"color: #3366ff;\">Series FP60<\/span><\/h4>\n<p><span style=\"color: #282828;\">\u2022 Max. flow: 40 m\u00b3\/h<\/span><br \/>\n<span style=\"color: #282828;\">\u2022 Max. head: 27\u00a0m<\/span><br \/>\n<span style=\"color: #282828;\">\u2022 Max. viscosity: 500 cP<\/span><br \/>\n<span style=\"color: #282828;\">\u2022 Max. motor power: 2.2 kW<\/span><br \/>\n<a href=\"https:\/\/hekes.ee\/ru\/toode\/series-fp60\/\" class=\"button alert expand\" style=\"border-radius:99px;\">\n\t<i class=\"icon-angle-right\" aria-hidden=\"true\"><\/i>\t<span>FP60<\/span>\n\t<\/a>\n\n\t\t\t<\/div>\n\t\t<\/div>\n\t<\/div>\n\t\n\t\t<\/div>\n\t\t\t\t\t<\/div>\n\n\t\n\n\t<div id=\"col-8237370\" class=\"col medium-3 small-6 large-3\"  >\n\t\t\t\t<div class=\"col-inner\"  >\n\t\t\t\n\t\t\t\n\t<div class=\"box has-hover   has-hover box-text-bottom\" >\n\n\t\t<div class=\"box-image\" >\n\t\t\t<a href=\"https:\/\/hekes.ee\/ru\/toode\/series-fp1\/\">\t\t\t<div class=\"\" >\n\t\t\t\t<img loading=\"lazy\" decoding=\"async\" width=\"1575\" height=\"1181\" src=\"https:\/\/hekes.ee\/wp-content\/uploads\/2021\/03\/FP1-right-sticker.jpg\" class=\"attachment- size-\" alt=\"\" srcset=\"https:\/\/hekes.ee\/wp-content\/uploads\/2021\/03\/FP1-right-sticker.jpg 1575w, https:\/\/hekes.ee\/wp-content\/uploads\/2021\/03\/FP1-right-sticker-510x382.jpg 510w, https:\/\/hekes.ee\/wp-content\/uploads\/2021\/03\/FP1-right-sticker-533x400.jpg 533w, https:\/\/hekes.ee\/wp-content\/uploads\/2021\/03\/FP1-right-sticker-1067x800.jpg 1067w, https:\/\/hekes.ee\/wp-content\/uploads\/2021\/03\/FP1-right-sticker-768x576.jpg 768w, https:\/\/hekes.ee\/wp-content\/uploads\/2021\/03\/FP1-right-sticker-1536x1152.jpg 1536w\" sizes=\"auto, (max-width: 1575px) 100vw, 1575px\" \/>\t\t\t\t\t\t\t\t\t\t\t<\/div>\n\t\t\t<\/a>\t\t<\/div>\n\n\t\t<div class=\"box-text text-center\" >\n\t\t\t<div class=\"box-text-inner\">\n\t\t\t\t\n<h4><span style=\"color: #3366ff;\">Series FP1<\/span><\/h4>\n<p><span style=\"color: #282828;\">\u2022 Max. flow: 55\u00a0m\u00b3\/h<\/span><br \/>\n<span style=\"color: #282828;\">\u2022 Max. head: 37\u00a0m<\/span><br \/>\n<span style=\"color: #282828;\">\u2022 Max. viscosity: 1000 cP<\/span><br \/>\n<span style=\"color: #282828;\">\u2022 Max. motor power: 5.5 kW<\/span><br \/>\n<a href=\"https:\/\/hekes.ee\/ru\/toode\/series-fp1\/\" class=\"button alert expand\" style=\"border-radius:99px;\">\n\t<i class=\"icon-angle-right\" aria-hidden=\"true\"><\/i>\t<span>FP1<\/span>\n\t<\/a>\n\n\t\t\t<\/div>\n\t\t<\/div>\n\t<\/div>\n\t\n\t\t<\/div>\n\t\t\t\t\t<\/div>\n\n\t\n\n\t<div id=\"col-1552466175\" class=\"col medium-3 small-6 large-3\"  >\n\t\t\t\t<div class=\"col-inner\"  >\n\t\t\t\n\t\t\t\n\t<div class=\"box has-hover   has-hover box-text-bottom\" >\n\n\t\t<div class=\"box-image\" >\n\t\t\t<a href=\"https:\/\/hekes.ee\/ru\/toode\/series-fp2-2\/\">\t\t\t<div class=\"\" >\n\t\t\t\t<img loading=\"lazy\" decoding=\"async\" width=\"2560\" height=\"1920\" src=\"https:\/\/hekes.ee\/wp-content\/uploads\/2021\/03\/FP2-right-sticker-scaled.jpg\" class=\"attachment- size-\" alt=\"\" srcset=\"https:\/\/hekes.ee\/wp-content\/uploads\/2021\/03\/FP2-right-sticker-scaled.jpg 2560w, https:\/\/hekes.ee\/wp-content\/uploads\/2021\/03\/FP2-right-sticker-510x383.jpg 510w, https:\/\/hekes.ee\/wp-content\/uploads\/2021\/03\/FP2-right-sticker-533x400.jpg 533w, https:\/\/hekes.ee\/wp-content\/uploads\/2021\/03\/FP2-right-sticker-1067x800.jpg 1067w, https:\/\/hekes.ee\/wp-content\/uploads\/2021\/03\/FP2-right-sticker-768x576.jpg 768w, https:\/\/hekes.ee\/wp-content\/uploads\/2021\/03\/FP2-right-sticker-1536x1152.jpg 1536w, https:\/\/hekes.ee\/wp-content\/uploads\/2021\/03\/FP2-right-sticker-2048x1536.jpg 2048w\" sizes=\"auto, (max-width: 2560px) 100vw, 2560px\" \/>\t\t\t\t\t\t\t\t\t\t\t<\/div>\n\t\t\t<\/a>\t\t<\/div>\n\n\t\t<div class=\"box-text text-center\" >\n\t\t\t<div class=\"box-text-inner\">\n\t\t\t\t\n<h4><span style=\"color: #3366ff;\">Series FP2<\/span><\/h4>\n<p><span style=\"color: #282828;\">\u2022 Max. flow: 110\u00a0m\u00b3\/h<\/span><br \/>\n<span style=\"color: #282828;\">\u2022 Max. head: 220 m<\/span><br \/>\n<span style=\"color: #282828;\">\u2022 Max. viscosity: 1000 cP<\/span><br \/>\n<span style=\"color: #282828;\">\u2022 Max. motor power: 90\u00a0kW<\/span><br \/>\n<a href=\"https:\/\/hekes.ee\/ru\/toode\/series-fp2-2\/\" class=\"button alert expand\" style=\"border-radius:99px;\">\n\t<i class=\"icon-angle-right\" aria-hidden=\"true\"><\/i>\t<span>FP2<\/span>\n\t<\/a>\n\n\t\t\t<\/div>\n\t\t<\/div>\n\t<\/div>\n\t\n\t\t<\/div>\n\t\t\t\t\t<\/div>\n\n\t\n\n\t<div id=\"col-814558973\" class=\"col medium-3 small-6 large-3\"  >\n\t\t\t\t<div class=\"col-inner\"  >\n\t\t\t\n\t\t\t\n\t<div class=\"box has-hover   has-hover box-text-bottom\" >\n\n\t\t<div class=\"box-image\" >\n\t\t\t<a href=\"https:\/\/hekes.ee\/ru\/toode\/series-fp3\/\">\t\t\t<div class=\"image-cover\" style=\"padding-top:196px;\">\n\t\t\t\t<img loading=\"lazy\" decoding=\"async\" width=\"2560\" height=\"2167\" src=\"https:\/\/hekes.ee\/wp-content\/uploads\/2021\/03\/FP3-right-sticker-scaled.jpg\" class=\"attachment- size-\" alt=\"\" srcset=\"https:\/\/hekes.ee\/wp-content\/uploads\/2021\/03\/FP3-right-sticker-scaled.jpg 2560w, https:\/\/hekes.ee\/wp-content\/uploads\/2021\/03\/FP3-right-sticker-510x432.jpg 510w, https:\/\/hekes.ee\/wp-content\/uploads\/2021\/03\/FP3-right-sticker-472x400.jpg 472w, https:\/\/hekes.ee\/wp-content\/uploads\/2021\/03\/FP3-right-sticker-945x800.jpg 945w, https:\/\/hekes.ee\/wp-content\/uploads\/2021\/03\/FP3-right-sticker-768x650.jpg 768w, https:\/\/hekes.ee\/wp-content\/uploads\/2021\/03\/FP3-right-sticker-1536x1300.jpg 1536w, https:\/\/hekes.ee\/wp-content\/uploads\/2021\/03\/FP3-right-sticker-2048x1734.jpg 2048w\" sizes=\"auto, (max-width: 2560px) 100vw, 2560px\" \/>\t\t\t\t\t\t\t\t\t\t\t<\/div>\n\t\t\t<\/a>\t\t<\/div>\n\n\t\t<div class=\"box-text text-center\" >\n\t\t\t<div class=\"box-text-inner\">\n\t\t\t\t\n<h4><span style=\"color: #3366ff;\">Series FP3<\/span><\/h4>\n<p><span style=\"color: #282828;\">\u2022 Max. flow: 320 m\u00b3\/h<\/span><br \/>\n<span style=\"color: #282828;\">\u2022 Max. head: 120 m<\/span><br \/>\n<span style=\"color: #282828;\">\u2022 Max. viscosity: 1000 cP<\/span><br \/>\n<span style=\"color: #282828;\">\u2022 Max. motor power: 90 kW<\/span><br \/>\n<a href=\"https:\/\/hekes.ee\/ru\/toode\/series-fp3\/\" class=\"button alert expand\" style=\"border-radius:99px;\">\n\t<i class=\"icon-angle-right\" aria-hidden=\"true\"><\/i>\t<span>FP3<\/span>\n\t<\/a>\n\n\t\t\t<\/div>\n\t\t<\/div>\n\t<\/div>\n\t\n\t\t<\/div>\n\t\t\t\t\t<\/div>\n\n\t\n<\/div>\n<div class=\"row align-equal row-divided row-box-shadow-1\"  id=\"row-1384291395\">\n\n\t<div id=\"col-1661386637\" class=\"col medium-3 small-6 large-3\"  >\n\t\t\t\t<div class=\"col-inner\"  >\n\t\t\t\n\t\t\t\n\t<div class=\"box has-hover   has-hover box-text-bottom\" >\n\n\t\t<div class=\"box-image\" >\n\t\t\t<a href=\"https:\/\/hekes.ee\/ru\/toode\/series-iff\/\">\t\t\t<div class=\"\" >\n\t\t\t\t<img loading=\"lazy\" decoding=\"async\" width=\"800\" height=\"600\" src=\"https:\/\/hekes.ee\/wp-content\/uploads\/2021\/03\/IFF.png\" class=\"attachment- size-\" alt=\"\" srcset=\"https:\/\/hekes.ee\/wp-content\/uploads\/2021\/03\/IFF.png 800w, https:\/\/hekes.ee\/wp-content\/uploads\/2021\/03\/IFF-510x383.png 510w, https:\/\/hekes.ee\/wp-content\/uploads\/2021\/03\/IFF-533x400.png 533w, https:\/\/hekes.ee\/wp-content\/uploads\/2021\/03\/IFF-768x576.png 768w\" sizes=\"auto, (max-width: 800px) 100vw, 800px\" \/>\t\t\t\t\t\t\t\t\t\t\t<\/div>\n\t\t\t<\/a>\t\t<\/div>\n\n\t\t<div class=\"box-text text-center\" >\n\t\t\t<div class=\"box-text-inner\">\n\t\t\t\t\n<h4><span style=\"color: #3366ff;\">Series IFF<\/span><\/h4>\n<p><span style=\"color: #282828;\">\u2022 Max. flow: 360 m\u00b3\/h<\/span><br \/>\n<span style=\"color: #282828;\">\u2022 Max. head: 35\u00a0m<\/span><br \/>\n<span style=\"color: #282828;\">\u2022 Max. viscosity: 500 cP<\/span><br \/>\n<span style=\"color: #282828;\">\u2022 Max. motor power: 90 kW<\/span><br \/>\n<a href=\"https:\/\/hekes.ee\/ru\/toode\/series-iff\/\" class=\"button alert expand\" style=\"border-radius:99px;\">\n\t<i class=\"icon-angle-right\" aria-hidden=\"true\"><\/i>\t<span>IFF<\/span>\n\t<\/a>\n\n\t\t\t<\/div>\n\t\t<\/div>\n\t<\/div>\n\t\n\t\t<\/div>\n\t\t\t\t\t<\/div>\n\n\t\n\n\t<div id=\"col-672126276\" class=\"col medium-3 small-6 large-3\"  >\n\t\t\t\t<div class=\"col-inner\"  >\n\t\t\t\n\t\t\t\n\t<div class=\"box has-hover   has-hover box-text-bottom\" >\n\n\t\t<div class=\"box-image\" >\n\t\t\t<a href=\"https:\/\/hekes.ee\/ru\/toode\/series-mff\/\">\t\t\t<div class=\"\" >\n\t\t\t\t<img loading=\"lazy\" decoding=\"async\" width=\"800\" height=\"600\" src=\"https:\/\/hekes.ee\/wp-content\/uploads\/2021\/03\/MCP2.png\" class=\"attachment- size-\" alt=\"\" srcset=\"https:\/\/hekes.ee\/wp-content\/uploads\/2021\/03\/MCP2.png 800w, https:\/\/hekes.ee\/wp-content\/uploads\/2021\/03\/MCP2-510x383.png 510w, https:\/\/hekes.ee\/wp-content\/uploads\/2021\/03\/MCP2-533x400.png 533w, https:\/\/hekes.ee\/wp-content\/uploads\/2021\/03\/MCP2-768x576.png 768w\" sizes=\"auto, (max-width: 800px) 100vw, 800px\" \/>\t\t\t\t\t\t\t\t\t\t\t<\/div>\n\t\t\t<\/a>\t\t<\/div>\n\n\t\t<div class=\"box-text text-center\" >\n\t\t\t<div class=\"box-text-inner\">\n\t\t\t\t\n<h4><span style=\"color: #3366ff;\">Series MFF<\/span><\/h4>\n<p><span style=\"color: #282828;\">\u2022 Max. flow: 750 m\u00b3\/h<\/span><br \/>\n<span style=\"color: #282828;\">\u2022 Max. head: 30\u00a0m<\/span><br \/>\n<span style=\"color: #282828;\">\u2022 Max. viscosity: 500 cP<\/span><br \/>\n<span style=\"color: #282828;\">\u2022 Max. motor power: 250 kW<\/span><br \/>\n<a href=\"https:\/\/hekes.ee\/ru\/toode\/series-mff\/\" class=\"button alert expand\" style=\"border-radius:99px;\">\n\t<i class=\"icon-angle-right\" aria-hidden=\"true\"><\/i>\t<span>MFF<\/span>\n\t<\/a>\n\n\t\t\t<\/div>\n\t\t<\/div>\n\t<\/div>\n\t\n\t\t<\/div>\n\t\t\t\t\t<\/div>\n\n\t\n\n\t<div id=\"col-1001691679\" class=\"col medium-3 small-6 large-3\"  >\n\t\t\t\t<div class=\"col-inner\"  >\n\t\t\t\n\t\t\t\n\t<div class=\"box has-hover   has-hover box-text-bottom\" >\n\n\t\t<div class=\"box-image\" >\n\t\t\t<a href=\"https:\/\/hekes.ee\/ru\/toode\/series-imo\/\">\t\t\t<div class=\"\" >\n\t\t\t\t<img loading=\"lazy\" decoding=\"async\" width=\"600\" height=\"800\" src=\"https:\/\/hekes.ee\/wp-content\/uploads\/2021\/03\/IMO.png\" class=\"attachment- size-\" alt=\"\" srcset=\"https:\/\/hekes.ee\/wp-content\/uploads\/2021\/03\/IMO.png 600w, https:\/\/hekes.ee\/wp-content\/uploads\/2021\/03\/IMO-510x680.png 510w, https:\/\/hekes.ee\/wp-content\/uploads\/2021\/03\/IMO-300x400.png 300w\" sizes=\"auto, (max-width: 600px) 100vw, 600px\" \/>\t\t\t\t\t\t\t\t\t\t\t<\/div>\n\t\t\t<\/a>\t\t<\/div>\n\n\t\t<div class=\"box-text text-center\" >\n\t\t\t<div class=\"box-text-inner\">\n\t\t\t\t\n<h4><span style=\"color: #3366ff;\">IMO Series<\/span><\/h4>\n<p><span style=\"color: #282828;\">\u2022 Max. flow: 1000 m\u00b3\/h<\/span><br \/>\n<span style=\"color: #282828;\">\u2022 Max. head: 60 m<\/span><br \/>\n<span style=\"color: #282828;\">\u2022 Max. liquid temperature: 200\u00b0C<\/span><br \/>\n<span style=\"color: #282828;\">\u2022 Max. motor power: 132\u00a0kW<\/span><br \/>\n<a href=\"https:\/\/hekes.ee\/ru\/toode\/series-imo\/\" class=\"button alert expand\" style=\"border-radius:99px;\">\n\t<i class=\"icon-angle-right\" aria-hidden=\"true\"><\/i>\t<span>IMO<\/span>\n\t<\/a>\n\n\t\t\t<\/div>\n\t\t<\/div>\n\t<\/div>\n\t\n\t\t<\/div>\n\t\t\t\t\t<\/div>\n\n\t\n\n\t<div id=\"col-1218824249\" class=\"col medium-3 small-6 large-3\"  >\n\t\t\t\t<div class=\"col-inner\"  >\n\t\t\t\n\t\t\t\n\t<div class=\"box has-hover   has-hover box-text-bottom\" >\n\n\t\t<div class=\"box-image\" >\n\t\t\t<a href=\"https:\/\/hekes.ee\/ru\/toode\/series-vpcp\/\">\t\t\t<div class=\"\" >\n\t\t\t\t<img loading=\"lazy\" decoding=\"async\" width=\"800\" height=\"600\" src=\"https:\/\/hekes.ee\/wp-content\/uploads\/2021\/03\/VPCP.png\" class=\"attachment- size-\" alt=\"\" srcset=\"https:\/\/hekes.ee\/wp-content\/uploads\/2021\/03\/VPCP.png 800w, https:\/\/hekes.ee\/wp-content\/uploads\/2021\/03\/VPCP-510x383.png 510w, https:\/\/hekes.ee\/wp-content\/uploads\/2021\/03\/VPCP-533x400.png 533w, https:\/\/hekes.ee\/wp-content\/uploads\/2021\/03\/VPCP-768x576.png 768w\" sizes=\"auto, (max-width: 800px) 100vw, 800px\" \/>\t\t\t\t\t\t\t\t\t\t\t<\/div>\n\t\t\t<\/a>\t\t<\/div>\n\n\t\t<div class=\"box-text text-center\" >\n\t\t\t<div class=\"box-text-inner\">\n\t\t\t\t\n<h4><span style=\"color: #3366ff;\">Series VPCP<\/span><\/h4>\n<p><span style=\"color: #282828;\">\u2022 Max. flow: 1000 m\u00b3\/h<\/span><br \/>\n<span style=\"color: #282828;\">\u2022\u00a0Max. head: 20 m<\/span><br \/>\n<span style=\"color: #282828;\">\u2022 Max. passage: 213 mm<\/span><br \/>\n<span style=\"color: #282828;\">\u2022 Max. motor power: 55 kW<\/span><br \/>\n<a href=\"https:\/\/hekes.ee\/ru\/toode\/series-vpcp\/\" class=\"button alert expand\" style=\"border-radius:99px;\">\n\t<i class=\"icon-angle-right\" aria-hidden=\"true\"><\/i>\t<span>VPCP<\/span>\n\t<\/a>\n\n\t\t\t<\/div>\n\t\t<\/div>\n\t<\/div>\n\t\n\t\t<\/div>\n\t\t\t\t\t<\/div>\n\n\t\n<\/div>\n\t\t<\/div>\n\n\t\t\n<style>\n#section_715646700 {\n  padding-top: 30px;\n  padding-bottom: 30px;\n  background-color: rgba(50, 137, 163, 0.14);\n}\n<\/style>\n\t<\/section>\n\t\n","protected":false},"excerpt":{"rendered":"","protected":false},"author":2,"featured_media":0,"parent":11542,"menu_order":27,"comment_status":"closed","ping_status":"closed","template":"page-blank.php","meta":{"footnotes":""},"class_list":["post-10771","page","type-page","status-publish","hentry"],"_links":{"self":[{"href":"https:\/\/hekes.ee\/ru\/wp-json\/wp\/v2\/pages\/10771","targetHints":{"allow":["GET"]}}],"collection":[{"href":"https:\/\/hekes.ee\/ru\/wp-json\/wp\/v2\/pages"}],"about":[{"href":"https:\/\/hekes.ee\/ru\/wp-json\/wp\/v2\/types\/page"}],"author":[{"embeddable":true,"href":"https:\/\/hekes.ee\/ru\/wp-json\/wp\/v2\/users\/2"}],"replies":[{"embeddable":true,"href":"https:\/\/hekes.ee\/ru\/wp-json\/wp\/v2\/comments?post=10771"}],"version-history":[{"count":10,"href":"https:\/\/hekes.ee\/ru\/wp-json\/wp\/v2\/pages\/10771\/revisions"}],"predecessor-version":[{"id":11621,"href":"https:\/\/hekes.ee\/ru\/wp-json\/wp\/v2\/pages\/10771\/revisions\/11621"}],"up":[{"embeddable":true,"href":"https:\/\/hekes.ee\/ru\/wp-json\/wp\/v2\/pages\/11542"}],"wp:attachment":[{"href":"https:\/\/hekes.ee\/ru\/wp-json\/wp\/v2\/media?parent=10771"}],"curies":[{"name":"wp","href":"https:\/\/api.w.org\/{rel}","templated":true}]}}