{"id":10760,"date":"2022-10-23T10:18:46","date_gmt":"2022-10-23T10:18:46","guid":{"rendered":"https:\/\/hekes.ee\/%d0%bd%d0%b0%d1%81%d0%be%d1%81%d1%8b\/%d1%81%d0%bf%d0%b5%d1%86%d0%bd%d0%b0%d1%81%d0%be%d1%81%d1%8b-%d0%b8-%d0%be%d0%b1%d0%be%d1%80%d1%83%d0%b4%d0%be%d0%b2%d0%b0%d0%bd%d0%b8%d0%b5\/toostuslikud-pumbad-heitvee-puhastamiseks-ja-biogaas\/"},"modified":"2023-01-07T19:38:12","modified_gmt":"2023-01-07T19:38:12","slug":"toostuslikud-pumbad-heitvee-puhastamiseks-ja-biogaas","status":"publish","type":"page","link":"https:\/\/hekes.ee\/ru\/%d1%81%d0%bf%d0%b5%d1%86%d0%bd%d0%b0%d1%81%d0%be%d1%81%d1%8b-%d0%b8-%d0%be%d0%b1%d0%be%d1%80%d1%83%d0%b4%d0%be%d0%b2%d0%b0%d0%bd%d0%b8%d0%b5\/toostuslikud-pumbad-heitvee-puhastamiseks-ja-biogaas\/","title":{"rendered":"\u041f\u0440\u043e\u043c\u044b\u0448\u043b\u0435\u043d\u043d\u044b\u0435 \u043d\u0430\u0441\u043e\u0441\u044b \u0434\u043b\u044f \u043e\u0447\u0438\u0449\u0435\u043d\u0438\u044f \u043a\u0430\u043d\u0430\u043b\u0438\u0437\u0430\u0446\u0438\u043e\u043d\u043d\u044b\u0439 \u0432\u043e\u0434\u044b \u0438 \u0431\u0438\u043e\u0433\u0430\u0437"},"content":{"rendered":"  <div id=\"page-header-626719210\" class=\"page-header-wrapper\">\n  <div class=\"page-title dark featured-title\">\n\n    \n    <div class=\"page-title-inner container align-center flex-row medium-flex-wrap\" >\n            <div class=\"title-content flex-col flex-right text-right medium-text-center\">\n        <div class=\"title-breadcrumbs pb-half pt-half\"><nav class=\"woocommerce-breadcrumb breadcrumbs \" aria-label=\"Breadcrumb\">\u0413\u043b\u0430\u0432\u043d\u0430\u044f<\/nav><\/div>      <\/div>\n    <\/div>\n\n       <\/div>\n    <\/div>\n  \n\t<div class=\"img has-hover x md-x lg-x y md-y lg-y\" id=\"image_991834945\">\n\t\t\t\t\t\t\t\t<div class=\"img-inner dark\" >\n\t\t\t<img loading=\"lazy\" decoding=\"async\" width=\"1020\" height=\"135\" src=\"https:\/\/hekes.ee\/wp-content\/uploads\/2021\/03\/Packo-1400x185.png\" class=\"attachment-large size-large\" alt=\"\" srcset=\"https:\/\/hekes.ee\/wp-content\/uploads\/2021\/03\/Packo-1400x185.png 1400w, https:\/\/hekes.ee\/wp-content\/uploads\/2021\/03\/Packo-510x67.png 510w, https:\/\/hekes.ee\/wp-content\/uploads\/2021\/03\/Packo-800x106.png 800w, https:\/\/hekes.ee\/wp-content\/uploads\/2021\/03\/Packo-768x101.png 768w, https:\/\/hekes.ee\/wp-content\/uploads\/2021\/03\/Packo-1536x203.png 1536w, https:\/\/hekes.ee\/wp-content\/uploads\/2021\/03\/Packo.png 1879w\" sizes=\"auto, (max-width: 1020px) 100vw, 1020px\" \/>\t\t\t\t\t\t\n\t\t\t\t\t<\/div>\n\t\t\t\t\t\t\t\t\n<style>\n#image_991834945 {\n  width: 100%;\n}\n<\/style>\n\t<\/div>\n\t\n<div class=\"row\"  id=\"row-1966119188\">\n\n\t<div id=\"col-1009103887\" class=\"col medium-8 small-12 large-8\"  >\n\t\t\t\t<div class=\"col-inner\"  >\n\t\t\t\n\t\t\t\n<h2>\u041f\u0440\u043e\u043c\u044b\u0448\u043b\u0435\u043d\u043d\u044b\u0435 \u043d\u0430\u0441\u043e\u0441\u044b \u0434\u043b\u044f \u043e\u0447\u0438\u0449\u0435\u043d\u0438\u044f \u043a\u0430\u043d\u0430\u043b\u0438\u0437\u0430\u0446\u0438\u043e\u043d\u043d\u044b\u0439 \u0432\u043e\u0434\u044b \u0438 \u0431\u0438\u043e\u0433\u0430\u0437<\/h2>\n<p id=\"tw-target-text\" class=\"tw-data-text tw-text-large XcVN5d tw-ta\" dir=\"ltr\" data-placeholder=\"T\u00f5lge\"><span lang=\"et\" style=\"color: #333333;\">M\u00f5eldes toidu- ja farmaatsiaettev\u00f5tete heitveevoogudele, aga ka gaasipesurite vedeliku puhastamisele, puu- ja k\u00f6\u00f6giviljaj\u00e4\u00e4tmetest biogaasi tootmisele jne. Packo pumpasid iseloomustab madal energiakulu, lihtne hooldada, hea disain. See turg areneb kiiresti ja p\u00f6\u00f6rdub sageli Packo asjatundlikkuse poole oma pumpla arendamisel ja t\u00e4iustamisel.<\/span><\/p>\n<p id=\"tw-target-text\" class=\"tw-data-text tw-text-large XcVN5d tw-ta\" dir=\"ltr\" data-placeholder=\"T\u00f5lge\"><span lang=\"et\" style=\"color: #333333;\"><strong>T\u00fc\u00fcpilised rakendused<\/strong>: CIP-j\u00e4\u00e4tmed, heitvesi, osakeste ja kiududega vesi jne.<\/span><\/p>\n\t\t<\/div>\n\t\t\t\t\t<\/div>\n\n\t\n\n\t<div id=\"col-857973971\" class=\"col medium-4 small-12 large-4\"  >\n\t\t\t\t<div class=\"col-inner\"  >\n\t\t\t\n\t\t\t\n\n\t<section class=\"section\" id=\"section_588699514\">\n\t\t<div class=\"section-bg fill\" >\n\t\t\t\t\t\t\t\t\t\n\t\t\t\n\n\t\t<\/div>\n\n\t\t\n\n\t\t<div class=\"section-content relative\">\n\t\t\t\n<h4 id=\"tw-target-text\" class=\"tw-data-text tw-text-large XcVN5d tw-ta\" dir=\"ltr\" data-placeholder=\"T\u00f5lge\"><span lang=\"et\" style=\"color: #3366ff;\">MFF &#8212; suur l\u00e4bip\u00e4\u00e4s, ummistumata<\/span><\/h4>\n\t<div class=\"img has-hover x md-x lg-x y md-y lg-y\" id=\"image_853495494\">\n\t\t\t\t\t\t\t\t<div class=\"img-inner dark\" >\n\t\t\t<img loading=\"lazy\" decoding=\"async\" width=\"740\" height=\"522\" src=\"https:\/\/hekes.ee\/wp-content\/uploads\/2021\/03\/mff-button.jpg\" class=\"attachment-large size-large\" alt=\"\" srcset=\"https:\/\/hekes.ee\/wp-content\/uploads\/2021\/03\/mff-button.jpg 740w, https:\/\/hekes.ee\/wp-content\/uploads\/2021\/03\/mff-button-510x360.jpg 510w, https:\/\/hekes.ee\/wp-content\/uploads\/2021\/03\/mff-button-567x400.jpg 567w\" sizes=\"auto, (max-width: 740px) 100vw, 740px\" \/>\t\t\t\t\t\t\n\t\t\t\t\t<\/div>\n\t\t\t\t\t\t\t\t\n<style>\n#image_853495494 {\n  width: 100%;\n}\n<\/style>\n\t<\/div>\n\t\n\t\t<\/div>\n\n\t\t\n<style>\n#section_588699514 {\n  padding-top: 30px;\n  padding-bottom: 30px;\n  background-color: rgba(50, 137, 163, 0.23);\n}\n<\/style>\n\t<\/section>\n\t\n\t\t<\/div>\n\t\t\t\t\t<\/div>\n\n\t\n<\/div>\n\n\t<section class=\"section\" id=\"section_1210105033\">\n\t\t<div class=\"section-bg fill\" >\n\t\t\t\t\t\t\t\t\t\n\t\t\t\n\n\t\t<\/div>\n\n\t\t\n\n\t\t<div class=\"section-content relative\">\n\t\t\t\n<div class=\"row row-divided row-box-shadow-1\"  id=\"row-1063643846\">\n\n\t<div id=\"col-1722704307\" class=\"col medium-3 small-6 large-3\"  >\n\t\t\t\t<div class=\"col-inner\"  >\n\t\t\t\n\t\t\t\n\t<div class=\"box has-hover   has-hover box-text-bottom\" >\n\n\t\t<div class=\"box-image\" >\n\t\t\t<a href=\"https:\/\/hekes.ee\/ru\/toode\/series-np60\/\" >\t\t\t<div class=\"\" >\n\t\t\t\t<img loading=\"lazy\" decoding=\"async\" width=\"800\" height=\"600\" src=\"https:\/\/hekes.ee\/wp-content\/uploads\/2021\/03\/NP60.png\" class=\"attachment- size-\" alt=\"\" srcset=\"https:\/\/hekes.ee\/wp-content\/uploads\/2021\/03\/NP60.png 800w, https:\/\/hekes.ee\/wp-content\/uploads\/2021\/03\/NP60-510x383.png 510w, https:\/\/hekes.ee\/wp-content\/uploads\/2021\/03\/NP60-533x400.png 533w, https:\/\/hekes.ee\/wp-content\/uploads\/2021\/03\/NP60-768x576.png 768w\" sizes=\"auto, (max-width: 800px) 100vw, 800px\" \/>\t\t\t\t\t\t\t\t\t\t\t<\/div>\n\t\t\t<\/a>\t\t<\/div>\n\n\t\t<div class=\"box-text text-center\" >\n\t\t\t<div class=\"box-text-inner\">\n\t\t\t\t\n<h4><span style=\"color: #3366ff;\">Series NP60<\/span><\/h4>\n<p><span style=\"color: #282828;\">\u2022 Max. flow: 40 m\u00b3\/h<\/span><br \/>\n<span style=\"color: #282828;\">\u2022 Max. head: 27\u00a0m<\/span><br \/>\n<span style=\"color: #282828;\">\u2022 Max. viscosity: 500 cP<\/span><br \/>\n<span style=\"color: #282828;\">\u2022 Max. motor power: 2.2\u00a0kW<\/span><\/p>\n<a href=\"https:\/\/hekes.ee\/ru\/toode\/series-np60\/\" class=\"button alert expand\" style=\"border-radius:99px;\">\n\t<i class=\"icon-angle-right\" aria-hidden=\"true\"><\/i>\t<span>NP60<\/span>\n\t<\/a>\n\n\t\t\t<\/div>\n\t\t<\/div>\n\t<\/div>\n\t\n\t\t<\/div>\n\t\t\t\t\t<\/div>\n\n\t\n\n\t<div id=\"col-1497553878\" class=\"col medium-3 small-6 large-3\"  >\n\t\t\t\t<div class=\"col-inner\"  >\n\t\t\t\n\t\t\t\n\t<div class=\"box has-hover   has-hover box-text-bottom\" >\n\n\t\t<div class=\"box-image\" >\n\t\t\t<a href=\"https:\/\/hekes.ee\/ru\/toode\/series-mwp2\/\" >\t\t\t<div class=\"\" >\n\t\t\t\t<img loading=\"lazy\" decoding=\"async\" width=\"800\" height=\"600\" src=\"https:\/\/hekes.ee\/wp-content\/uploads\/2021\/03\/MWP2.png\" class=\"attachment- size-\" alt=\"\" srcset=\"https:\/\/hekes.ee\/wp-content\/uploads\/2021\/03\/MWP2.png 800w, https:\/\/hekes.ee\/wp-content\/uploads\/2021\/03\/MWP2-510x383.png 510w, https:\/\/hekes.ee\/wp-content\/uploads\/2021\/03\/MWP2-533x400.png 533w, https:\/\/hekes.ee\/wp-content\/uploads\/2021\/03\/MWP2-768x576.png 768w\" sizes=\"auto, (max-width: 800px) 100vw, 800px\" \/>\t\t\t\t\t\t\t\t\t\t\t<\/div>\n\t\t\t<\/a>\t\t<\/div>\n\n\t\t<div class=\"box-text text-center\" >\n\t\t\t<div class=\"box-text-inner\">\n\t\t\t\t\n<h4><span style=\"color: #3366ff;\">Series MWP2<\/span><\/h4>\n<p><span style=\"color: #282828;\">\u2022 Max. flow: 55\u00a0m\u00b3\/h<\/span><br \/>\n<span style=\"color: #282828;\">\u2022 Max. head: 60 m<\/span><br \/>\n<span style=\"color: #282828;\">\u2022 Max. viscosity: 1000 cP<\/span><br \/>\n<span style=\"color: #282828;\">\u2022 Max. motor power: 11 kW<\/span><\/p>\n<a href=\"https:\/\/hekes.ee\/ru\/toode\/series-mwp2\/\" class=\"button alert expand\" style=\"border-radius:99px;\">\n\t<i class=\"icon-angle-right\" aria-hidden=\"true\"><\/i>\t<span>MWP2<\/span>\n\t<\/a>\n\n\t\t\t<\/div>\n\t\t<\/div>\n\t<\/div>\n\t\n\t\t<\/div>\n\t\t\t\t\t<\/div>\n\n\t\n\n\t<div id=\"col-87068118\" class=\"col medium-3 small-6 large-3\"  >\n\t\t\t\t<div class=\"col-inner\"  >\n\t\t\t\n\t\t\t\n\t<div class=\"box has-hover   has-hover box-text-bottom\" >\n\n\t\t<div class=\"box-image\" >\n\t\t\t<a href=\"https:\/\/hekes.ee\/ru\/toode\/series-iff\/\" >\t\t\t<div class=\"\" >\n\t\t\t\t<img loading=\"lazy\" decoding=\"async\" width=\"800\" height=\"600\" src=\"https:\/\/hekes.ee\/wp-content\/uploads\/2021\/03\/IFF.png\" class=\"attachment- size-\" alt=\"\" srcset=\"https:\/\/hekes.ee\/wp-content\/uploads\/2021\/03\/IFF.png 800w, https:\/\/hekes.ee\/wp-content\/uploads\/2021\/03\/IFF-510x383.png 510w, https:\/\/hekes.ee\/wp-content\/uploads\/2021\/03\/IFF-533x400.png 533w, https:\/\/hekes.ee\/wp-content\/uploads\/2021\/03\/IFF-768x576.png 768w\" sizes=\"auto, (max-width: 800px) 100vw, 800px\" \/>\t\t\t\t\t\t\t\t\t\t\t<\/div>\n\t\t\t<\/a>\t\t<\/div>\n\n\t\t<div class=\"box-text text-center\" >\n\t\t\t<div class=\"box-text-inner\">\n\t\t\t\t\n<h4><span style=\"color: #3366ff;\">Series IFF<\/span><\/h4>\n<p><span style=\"color: #282828;\">\u2022 Max. flow: 360 m\u00b3\/h<\/span><br \/>\n<span style=\"color: #282828;\">\u2022 Max. head: 35\u00a0m<\/span><br \/>\n<span style=\"color: #282828;\">\u2022 Max. viscosity: 500 cP<\/span><br \/>\n<span style=\"color: #282828;\">\u2022 Max. motor power: 90 kW<\/span><\/p>\n<a href=\"https:\/\/hekes.ee\/ru\/toode\/series-iff\/\" class=\"button alert expand\" style=\"border-radius:99px;\">\n\t<i class=\"icon-angle-right\" aria-hidden=\"true\"><\/i>\t<span>IFF<\/span>\n\t<\/a>\n\n\t\t\t<\/div>\n\t\t<\/div>\n\t<\/div>\n\t\n\t\t<\/div>\n\t\t\t\t\t<\/div>\n\n\t\n\n\t<div id=\"col-782978957\" class=\"col medium-3 small-6 large-3\"  >\n\t\t\t\t<div class=\"col-inner\"  >\n\t\t\t\n\t\t\t\n\t<div class=\"box has-hover   has-hover box-text-bottom\" >\n\n\t\t<div class=\"box-image\" >\n\t\t\t<a href=\"https:\/\/hekes.ee\/ru\/toode\/series-mff\/\" >\t\t\t<div class=\"\" >\n\t\t\t\t<img loading=\"lazy\" decoding=\"async\" width=\"800\" height=\"600\" src=\"https:\/\/hekes.ee\/wp-content\/uploads\/2021\/03\/MFF2.png\" class=\"attachment- size-\" alt=\"\" srcset=\"https:\/\/hekes.ee\/wp-content\/uploads\/2021\/03\/MFF2.png 800w, https:\/\/hekes.ee\/wp-content\/uploads\/2021\/03\/MFF2-510x383.png 510w, https:\/\/hekes.ee\/wp-content\/uploads\/2021\/03\/MFF2-533x400.png 533w, https:\/\/hekes.ee\/wp-content\/uploads\/2021\/03\/MFF2-768x576.png 768w\" sizes=\"auto, (max-width: 800px) 100vw, 800px\" \/>\t\t\t\t\t\t\t\t\t\t\t<\/div>\n\t\t\t<\/a>\t\t<\/div>\n\n\t\t<div class=\"box-text text-center\" >\n\t\t\t<div class=\"box-text-inner\">\n\t\t\t\t\n<h4><span style=\"color: #3366ff;\">Series MFF<\/span><\/h4>\n<p><span style=\"color: #282828;\">\u2022 Max. flow: 750 m\u00b3\/h<\/span><br \/>\n<span style=\"color: #282828;\">\u2022 Max. head: 30\u00a0m<\/span><br \/>\n<span style=\"color: #282828;\">\u2022 Max. viscosity: 500 cP<\/span><br \/>\n<span style=\"color: #282828;\">\u2022 Max. motor power: 250 kW<\/span><\/p>\n<a href=\"https:\/\/hekes.ee\/ru\/toode\/series-mff\/\" class=\"button alert expand\" style=\"border-radius:99px;\">\n\t<i class=\"icon-angle-right\" aria-hidden=\"true\"><\/i>\t<span>MFF<\/span>\n\t<\/a>\n\n\t\t\t<\/div>\n\t\t<\/div>\n\t<\/div>\n\t\n\t\t<\/div>\n\t\t\t\t\t<\/div>\n\n\t\n<\/div>\n<div class=\"row row-divided row-box-shadow-1\"  id=\"row-774584900\">\n\n\t<div id=\"col-619338123\" class=\"col medium-3 small-6 large-3\"  >\n\t\t\t\t<div class=\"col-inner\"  >\n\t\t\t\n\t\t\t\n\t<div class=\"box has-hover   has-hover box-text-bottom\" >\n\n\t\t<div class=\"box-image\" >\n\t\t\t<a href=\"https:\/\/hekes.ee\/ru\/toode\/series-icp1\/\" >\t\t\t<div class=\"\" >\n\t\t\t\t<img loading=\"lazy\" decoding=\"async\" width=\"800\" height=\"600\" src=\"https:\/\/hekes.ee\/wp-content\/uploads\/2021\/03\/ICP1.png\" class=\"attachment- size-\" alt=\"\" srcset=\"https:\/\/hekes.ee\/wp-content\/uploads\/2021\/03\/ICP1.png 800w, https:\/\/hekes.ee\/wp-content\/uploads\/2021\/03\/ICP1-510x383.png 510w, https:\/\/hekes.ee\/wp-content\/uploads\/2021\/03\/ICP1-533x400.png 533w, https:\/\/hekes.ee\/wp-content\/uploads\/2021\/03\/ICP1-768x576.png 768w\" sizes=\"auto, (max-width: 800px) 100vw, 800px\" \/>\t\t\t\t\t\t\t\t\t\t\t<\/div>\n\t\t\t<\/a>\t\t<\/div>\n\n\t\t<div class=\"box-text text-center\" >\n\t\t\t<div class=\"box-text-inner\">\n\t\t\t\t\n<h4><span style=\"color: #3366ff;\">Series IPC1<\/span><\/h4>\n<p><span style=\"color: #282828;\">\u2022 Max. flow: 55 m\u00b3\/h<\/span><br \/>\n<span style=\"color: #282828;\">\u2022 Max. head: 37\u00a0m<\/span><br \/>\n<span style=\"color: #282828;\">\u2022 Max. viscosity: 1000 cP<\/span><br \/>\n<span style=\"color: #282828;\">\u2022 Max. motor power: 5.5 kW<\/span><\/p>\n<a href=\"https:\/\/hekes.ee\/ru\/toode\/series-icp1\/\" class=\"button alert expand\" style=\"border-radius:99px;\">\n\t<i class=\"icon-angle-right\" aria-hidden=\"true\"><\/i>\t<span>ICP1<\/span>\n\t<\/a>\n\n\t\t\t<\/div>\n\t\t<\/div>\n\t<\/div>\n\t\n\t\t<\/div>\n\t\t\t\t\t<\/div>\n\n\t\n\n\t<div id=\"col-342018580\" class=\"col medium-3 small-6 large-3\"  >\n\t\t\t\t<div class=\"col-inner\"  >\n\t\t\t\n\t\t\t\n\t<div class=\"box has-hover   has-hover box-text-bottom\" >\n\n\t\t<div class=\"box-image\" >\n\t\t\t<a href=\"https:\/\/hekes.ee\/ru\/toode\/series-icp2\/\" >\t\t\t<div class=\"\" >\n\t\t\t\t<img loading=\"lazy\" decoding=\"async\" width=\"800\" height=\"600\" src=\"https:\/\/hekes.ee\/wp-content\/uploads\/2021\/03\/ICP2.png\" class=\"attachment- size-\" alt=\"\" srcset=\"https:\/\/hekes.ee\/wp-content\/uploads\/2021\/03\/ICP2.png 800w, https:\/\/hekes.ee\/wp-content\/uploads\/2021\/03\/ICP2-510x383.png 510w, https:\/\/hekes.ee\/wp-content\/uploads\/2021\/03\/ICP2-533x400.png 533w, https:\/\/hekes.ee\/wp-content\/uploads\/2021\/03\/ICP2-768x576.png 768w\" sizes=\"auto, (max-width: 800px) 100vw, 800px\" \/>\t\t\t\t\t\t\t\t\t\t\t<\/div>\n\t\t\t<\/a>\t\t<\/div>\n\n\t\t<div class=\"box-text text-center\" >\n\t\t\t<div class=\"box-text-inner\">\n\t\t\t\t\n<h4><span style=\"color: #3366ff;\">Series ICP2<\/span><\/h4>\n<p><span style=\"color: #282828;\">\u2022 Max. flow: 110 m\u00b3\/h<\/span><br \/>\n<span style=\"color: #282828;\">\u2022 Max. head: 220 m<\/span><br \/>\n<span style=\"color: #282828;\">\u2022 Max. viscosity: 1000 cP<\/span><br \/>\n<span style=\"color: #282828;\">\u2022 Max. motor power: 90 kW<\/span><\/p>\n<a href=\"https:\/\/hekes.ee\/ru\/toode\/series-icp2\/\" class=\"button alert expand\" style=\"border-radius:99px;\">\n\t<i class=\"icon-angle-right\" aria-hidden=\"true\"><\/i>\t<span>ICP2<\/span>\n\t<\/a>\n\n\t\t\t<\/div>\n\t\t<\/div>\n\t<\/div>\n\t\n\t\t<\/div>\n\t\t\t\t\t<\/div>\n\n\t\n\n\t<div id=\"col-466318138\" class=\"col medium-3 small-6 large-3\"  >\n\t\t\t\t<div class=\"col-inner\"  >\n\t\t\t\n\t\t\t\n\t<div class=\"box has-hover   has-hover box-text-bottom\" >\n\n\t\t<div class=\"box-image\" >\n\t\t\t<a href=\"https:\/\/hekes.ee\/ru\/toode\/series-icp3\/\" >\t\t\t<div class=\"\" >\n\t\t\t\t<img loading=\"lazy\" decoding=\"async\" width=\"800\" height=\"600\" src=\"https:\/\/hekes.ee\/wp-content\/uploads\/2021\/03\/ICP3.png\" class=\"attachment- size-\" alt=\"\" srcset=\"https:\/\/hekes.ee\/wp-content\/uploads\/2021\/03\/ICP3.png 800w, https:\/\/hekes.ee\/wp-content\/uploads\/2021\/03\/ICP3-510x383.png 510w, https:\/\/hekes.ee\/wp-content\/uploads\/2021\/03\/ICP3-533x400.png 533w, https:\/\/hekes.ee\/wp-content\/uploads\/2021\/03\/ICP3-768x576.png 768w\" sizes=\"auto, (max-width: 800px) 100vw, 800px\" \/>\t\t\t\t\t\t\t\t\t\t\t<\/div>\n\t\t\t<\/a>\t\t<\/div>\n\n\t\t<div class=\"box-text text-center\" >\n\t\t\t<div class=\"box-text-inner\">\n\t\t\t\t\n<h4><span style=\"color: #3366ff;\">Series ICP3<\/span><\/h4>\n<p><span style=\"color: #282828;\">\u2022 Max. flow: 320 m\u00b3\/h<\/span><br \/>\n<span style=\"color: #282828;\">\u2022 Max. head: 120 m<\/span><br \/>\n<span style=\"color: #282828;\">\u2022 Max. viscosity: 1000 cP<\/span><br \/>\n<span style=\"color: #282828;\">\u2022 Max. motor power: 90\u00a0kW<\/span><\/p>\n<a href=\"https:\/\/hekes.ee\/ru\/toode\/series-icp3\/\" class=\"button alert expand\" style=\"border-radius:99px;\">\n\t<i class=\"icon-angle-right\" aria-hidden=\"true\"><\/i>\t<span>ICP3<\/span>\n\t<\/a>\n\n\t\t\t<\/div>\n\t\t<\/div>\n\t<\/div>\n\t\n\t\t<\/div>\n\t\t\t\t\t<\/div>\n\n\t\n\n\t<div id=\"col-1867811239\" class=\"col medium-3 small-6 large-3\"  >\n\t\t\t\t<div class=\"col-inner\"  >\n\t\t\t\n\t\t\t\n\t<div class=\"box has-hover   has-hover box-text-bottom\" >\n\n\t\t<div class=\"box-image\" >\n\t\t\t<a href=\"https:\/\/hekes.ee\/ru\/toode\/series-mcp2\/\" >\t\t\t<div class=\"\" >\n\t\t\t\t<img loading=\"lazy\" decoding=\"async\" width=\"800\" height=\"600\" src=\"https:\/\/hekes.ee\/wp-content\/uploads\/2021\/03\/MCP2.png\" class=\"attachment- size-\" alt=\"\" srcset=\"https:\/\/hekes.ee\/wp-content\/uploads\/2021\/03\/MCP2.png 800w, https:\/\/hekes.ee\/wp-content\/uploads\/2021\/03\/MCP2-510x383.png 510w, https:\/\/hekes.ee\/wp-content\/uploads\/2021\/03\/MCP2-533x400.png 533w, https:\/\/hekes.ee\/wp-content\/uploads\/2021\/03\/MCP2-768x576.png 768w\" sizes=\"auto, (max-width: 800px) 100vw, 800px\" \/>\t\t\t\t\t\t\t\t\t\t\t<\/div>\n\t\t\t<\/a>\t\t<\/div>\n\n\t\t<div class=\"box-text text-center\" >\n\t\t\t<div class=\"box-text-inner\">\n\t\t\t\t\n<h4><span style=\"color: #3366ff;\">Series MCP2<\/span><\/h4>\n<p><span style=\"color: #282828;\">\u2022 Max. flow: 120 m\u00b3\/h<\/span><br \/>\n<span style=\"color: #282828;\">\u2022 Max. head: 65 m<\/span><br \/>\n<span style=\"color: #282828;\">\u2022 Max. viscosity: 1000 cP<\/span><br \/>\n<span style=\"color: #282828;\">\u2022 Max. motor power: 22 kW<\/span><\/p>\n<a href=\"https:\/\/hekes.ee\/ru\/toode\/series-mcp2\/\" class=\"button alert expand\" style=\"border-radius:99px;\">\n\t<i class=\"icon-angle-right\" aria-hidden=\"true\"><\/i>\t<span>MCP2<\/span>\n\t<\/a>\n\n\t\t\t<\/div>\n\t\t<\/div>\n\t<\/div>\n\t\n\t\t<\/div>\n\t\t\t\t\t<\/div>\n\n\t\n<\/div>\n<div class=\"row align-equal row-divided row-box-shadow-1\"  id=\"row-2112957093\">\n\n\t<div id=\"col-1188401023\" class=\"col medium-3 small-6 large-3\"  >\n\t\t\t\t<div class=\"col-inner\"  >\n\t\t\t\n\t\t\t\n\t<div class=\"box has-hover   has-hover box-text-bottom\" >\n\n\t\t<div class=\"box-image\" >\n\t\t\t<a href=\"https:\/\/hekes.ee\/ru\/toode\/series-mcp3\/\" >\t\t\t<div class=\"\" >\n\t\t\t\t<img loading=\"lazy\" decoding=\"async\" width=\"800\" height=\"600\" src=\"https:\/\/hekes.ee\/wp-content\/uploads\/2021\/03\/MCP3.png\" class=\"attachment- size-\" alt=\"\" srcset=\"https:\/\/hekes.ee\/wp-content\/uploads\/2021\/03\/MCP3.png 800w, https:\/\/hekes.ee\/wp-content\/uploads\/2021\/03\/MCP3-510x383.png 510w, https:\/\/hekes.ee\/wp-content\/uploads\/2021\/03\/MCP3-533x400.png 533w, https:\/\/hekes.ee\/wp-content\/uploads\/2021\/03\/MCP3-768x576.png 768w\" sizes=\"auto, (max-width: 800px) 100vw, 800px\" \/>\t\t\t\t\t\t\t\t\t\t\t<\/div>\n\t\t\t<\/a>\t\t<\/div>\n\n\t\t<div class=\"box-text text-center\" >\n\t\t\t<div class=\"box-text-inner\">\n\t\t\t\t\n<h4><span style=\"color: #3366ff;\">Series MCP3<\/span><\/h4>\n<p><span style=\"color: #282828;\">\u2022 Max. flow: 1800 m\u00b3\/h<\/span><br \/>\n<span style=\"color: #282828;\">\u2022 Max. head: 75\u00a0m<\/span><br \/>\n<span style=\"color: #282828;\">\u2022 Max. viscosity: 500 cP<\/span><br \/>\n<span style=\"color: #282828;\">\u2022 Max. motor power: 250 kW<\/span><\/p>\n<a href=\"https:\/\/hekes.ee\/ru\/toode\/series-mcp3\/\" class=\"button alert expand\" style=\"border-radius:99px;\">\n\t<i class=\"icon-angle-right\" aria-hidden=\"true\"><\/i>\t<span>MCP3<\/span>\n\t<\/a>\n\n\t\t\t<\/div>\n\t\t<\/div>\n\t<\/div>\n\t\n\t\t<\/div>\n\t\t\t\t\t<\/div>\n\n\t\n<\/div>\n\t\t<\/div>\n\n\t\t\n<style>\n#section_1210105033 {\n  padding-top: 30px;\n  padding-bottom: 30px;\n  background-color: rgba(50, 137, 163, 0.15);\n}\n<\/style>\n\t<\/section>\n\t\n","protected":false},"excerpt":{"rendered":"","protected":false},"author":2,"featured_media":0,"parent":11542,"menu_order":24,"comment_status":"closed","ping_status":"closed","template":"page-blank.php","meta":{"footnotes":""},"class_list":["post-10760","page","type-page","status-publish","hentry"],"_links":{"self":[{"href":"https:\/\/hekes.ee\/ru\/wp-json\/wp\/v2\/pages\/10760","targetHints":{"allow":["GET"]}}],"collection":[{"href":"https:\/\/hekes.ee\/ru\/wp-json\/wp\/v2\/pages"}],"about":[{"href":"https:\/\/hekes.ee\/ru\/wp-json\/wp\/v2\/types\/page"}],"author":[{"embeddable":true,"href":"https:\/\/hekes.ee\/ru\/wp-json\/wp\/v2\/users\/2"}],"replies":[{"embeddable":true,"href":"https:\/\/hekes.ee\/ru\/wp-json\/wp\/v2\/comments?post=10760"}],"version-history":[{"count":9,"href":"https:\/\/hekes.ee\/ru\/wp-json\/wp\/v2\/pages\/10760\/revisions"}],"predecessor-version":[{"id":11607,"href":"https:\/\/hekes.ee\/ru\/wp-json\/wp\/v2\/pages\/10760\/revisions\/11607"}],"up":[{"embeddable":true,"href":"https:\/\/hekes.ee\/ru\/wp-json\/wp\/v2\/pages\/11542"}],"wp:attachment":[{"href":"https:\/\/hekes.ee\/ru\/wp-json\/wp\/v2\/media?parent=10760"}],"curies":[{"name":"wp","href":"https:\/\/api.w.org\/{rel}","templated":true}]}}