{"id":10757,"date":"2022-10-23T10:17:53","date_gmt":"2022-10-23T10:17:53","guid":{"rendered":"https:\/\/hekes.ee\/%d0%bd%d0%b0%d1%81%d0%be%d1%81%d1%8b\/%d1%81%d0%bf%d0%b5%d1%86%d0%bd%d0%b0%d1%81%d0%be%d1%81%d1%8b-%d0%b8-%d0%be%d0%b1%d0%be%d1%80%d1%83%d0%b4%d0%be%d0%b2%d0%b0%d0%bd%d0%b8%d0%b5\/jabsco-hugieenilised-pumbad-toiduainetetoostusele\/"},"modified":"2023-01-07T19:26:12","modified_gmt":"2023-01-07T19:26:12","slug":"jabsco-hugieenilised-pumbad-toiduainetetoostusele","status":"publish","type":"page","link":"https:\/\/hekes.ee\/ru\/%d1%81%d0%bf%d0%b5%d1%86%d0%bd%d0%b0%d1%81%d0%be%d1%81%d1%8b-%d0%b8-%d0%be%d0%b1%d0%be%d1%80%d1%83%d0%b4%d0%be%d0%b2%d0%b0%d0%bd%d0%b8%d0%b5\/jabsco-hugieenilised-pumbad-toiduainetetoostusele\/","title":{"rendered":"Jabsco h\u00fcgieenilised pumbad toiduainetet\u00f6\u00f6stusele"},"content":{"rendered":"\n  <div class=\"banner has-hover\" id=\"banner-1116698406\">\n          <div class=\"banner-inner fill\">\n        <div class=\"banner-bg fill\" >\n                                                \n\t<div class=\"is-border\"\n\t\tstyle=\"border-width:0px 0px 0px 0px;\">\n\t<\/div>\n                    <\/div>\n\t\t\n        <div class=\"banner-layers container\">\n            <div class=\"fill banner-link\"><\/div>            \n   <div id=\"text-box-653470465\" class=\"text-box banner-layer x0 md-x0 lg-x0 y50 md-y50 lg-y50 res-text\">\n                                <div class=\"text-box-content text \">\n              \n              <div class=\"text-inner text-center\">\n                  \n<h3 class=\"uppercase\"><span style=\"color: #282828;\">jabsco H\u00fcgieenilised pumbad toiduainetet\u00f6\u00f6stusele<\/span><\/h3>\n              <\/div>\n           <\/div>\n                            \n<style>\n#text-box-653470465 .text-inner {\n  padding: 8px 0px 0px 0px;\n}\n#text-box-653470465 {\n  width: 67%;\n}\n#text-box-653470465 .text-box-content {\n  font-size: 70%;\n}\n<\/style>\n    <\/div>\n \n        <\/div>\n      <\/div>\n\n            \n<style>\n#banner-1116698406 {\n  padding-top: 50px;\n  background-color: rgb(197, 229, 249);\n}\n<\/style>\n  <\/div>\n\n\n\t<div id=\"gap-1924756777\" class=\"gap-element clearfix\" style=\"display:block; height:auto;\">\n\t\t\n<style>\n#gap-1924756777 {\n  padding-top: 12px;\n}\n<\/style>\n\t<\/div>\n\t\n<div class=\"row row-collapse align-equal\"  id=\"row-432758606\">\n\n\t<div id=\"col-227969657\" class=\"col medium-4 small-12 large-4\"  >\n\t\t\t\t<div class=\"col-inner\"  >\n\t\t\t\n\t\t\t\n\t<div class=\"img has-hover x md-x lg-x y md-y lg-y\" id=\"image_1613554768\">\n\t\t\t\t\t\t\t\t<div class=\"img-inner dark\" >\n\t\t\t<img loading=\"lazy\" decoding=\"async\" width=\"466\" height=\"521\" src=\"https:\/\/hekes.ee\/wp-content\/uploads\/2021\/04\/image023.png\" class=\"attachment-large size-large\" alt=\"\" srcset=\"https:\/\/hekes.ee\/wp-content\/uploads\/2021\/04\/image023.png 466w, https:\/\/hekes.ee\/wp-content\/uploads\/2021\/04\/image023-358x400.png 358w\" sizes=\"auto, (max-width: 466px) 100vw, 466px\" \/>\t\t\t\t\t\t\n\t\t\t\t\t<\/div>\n\t\t\t\t\t\t\t\t\n<style>\n#image_1613554768 {\n  width: 100%;\n}\n<\/style>\n\t<\/div>\n\t\n\t<div class=\"img has-hover x md-x lg-x y md-y lg-y\" id=\"image_1281336069\">\n\t\t\t\t\t\t\t\t<div class=\"img-inner dark\" style=\"margin:-21px 0px 0px 0px;\">\n\t\t\t<img loading=\"lazy\" decoding=\"async\" width=\"539\" height=\"276\" src=\"https:\/\/hekes.ee\/wp-content\/uploads\/2021\/04\/jabsco-toidu-pumbad.png\" class=\"attachment-large size-large\" alt=\"\" srcset=\"https:\/\/hekes.ee\/wp-content\/uploads\/2021\/04\/jabsco-toidu-pumbad.png 539w, https:\/\/hekes.ee\/wp-content\/uploads\/2021\/04\/jabsco-toidu-pumbad-510x261.png 510w\" sizes=\"auto, (max-width: 539px) 100vw, 539px\" \/>\t\t\t\t\t\t\n\t\t\t\t\t<\/div>\n\t\t\t\t\t\t\t\t\n<style>\n#image_1281336069 {\n  width: 100%;\n}\n<\/style>\n\t<\/div>\n\t\n\t\t<\/div>\n\t\t\t\t\t<\/div>\n\n\t\n\n\t<div id=\"col-383482765\" class=\"col medium-8 small-12 large-8\"  >\n\t\t\t\t<div class=\"col-inner\" style=\"background-color:rgb(216, 247, 247);\" >\n\t\t\t\n\t\t\t\n<p style=\"font-weight: 400;\"><span style=\"color: #282828;\">Jabsco elastse (flexible impeller) t\u00f6\u00f6rattaga pumpade minimaalne liigne segamine pumbas ja madal kiirus v\u00f5imaldavad nii viskoossetel ainetel kui ka pumbatavas vedelikes olevatel tahketel osakestel ilma kahjustusteta l\u00e4bida pumpa.<\/span><\/p>\n<p style=\"font-weight: 400;\"><span style=\"color: #282828;\">T\u00fc\u00fcpilised kasutusalad ja pumbatav aine n\u00e4iteks : \u00a0piim ja \u00a0koore tooted , mis muutuvad kergesti emulgeeruvad ja muudavad sellega koore struktuuri, \u00a0moosid, dzemmid ja tainas, mis sisaldavad puuviljat\u00fckke, rosinaid jne. Neid k\u00e4sitleb Jabsco pump h\u00f5lpsalt, ilma pumbatavat ainet rikkumata.<\/span><\/p>\n<p style=\"font-weight: 400;\"><span style=\"color: #282828;\">Need pumbad on loodud kasutamiseks toiduainete- , farmaatsia- ja kosmeetikat\u00f6\u00f6stuses. H\u00fcgieenilist hammasrataspumpa on v\u00f5imalik lihtsalt puhastada nii manuaalselt kui ka CIP protsessis.<\/span><\/p>\n<p style=\"font-weight: 400;\"><span style=\"color: #282828;\">Jabsco h\u00fcgieenilise pumba Eelised:<\/span><\/p>\n<ul style=\"font-weight: 400;\">\n<li><span style=\"color: #282828;\">Pumpamise protsess on \u201epehme\u201c, aine struktuur j\u00e4\u00e4b l\u00f5hkumata<\/span><\/li>\n<li><span style=\"color: #282828;\">Paindlikud paigalduslahendused<\/span><\/li>\n<li><span style=\"color: #282828;\">Lihtsalt hooldatavad<\/span><\/li>\n<li><span style=\"color: #282828;\">Vastupidavad<\/span><\/li>\n<li><span style=\"color: #282828;\">Kergesti puhastatavad<\/span><\/li>\n<\/ul>\n\t\t<\/div>\n\t\t\t\t\n<style>\n#col-383482765 > .col-inner {\n  padding: 6px 0px 0px 15px;\n}\n<\/style>\n\t<\/div>\n\n\t\n\n<style>\n#row-432758606 > .col > .col-inner {\n  padding: 0px 0px 0px 0px;\n}\n<\/style>\n<\/div>\n<div class=\"row\"  id=\"row-1462352907\">\n\n\t<div id=\"col-1957890117\" class=\"col small-12 large-12\"  >\n\t\t\t\t<div class=\"col-inner\"  >\n\t\t\t\n\t\t\t\n\t<div class=\"img has-hover x md-x lg-x y md-y lg-y\" id=\"image_165144198\">\n\t\t\t\t\t\t\t\t<div class=\"img-inner dark\" >\n\t\t\t<img loading=\"lazy\" decoding=\"async\" width=\"1020\" height=\"606\" src=\"https:\/\/hekes.ee\/wp-content\/uploads\/2021\/04\/jabsco-toidupumbad-4.png\" class=\"attachment-large size-large\" alt=\"\" srcset=\"https:\/\/hekes.ee\/wp-content\/uploads\/2021\/04\/jabsco-toidupumbad-4.png 1254w, https:\/\/hekes.ee\/wp-content\/uploads\/2021\/04\/jabsco-toidupumbad-4-510x303.png 510w, https:\/\/hekes.ee\/wp-content\/uploads\/2021\/04\/jabsco-toidupumbad-4-673x400.png 673w, https:\/\/hekes.ee\/wp-content\/uploads\/2021\/04\/jabsco-toidupumbad-4-768x456.png 768w\" sizes=\"auto, (max-width: 1020px) 100vw, 1020px\" \/>\t\t\t\t\t\t\n\t\t\t\t\t<\/div>\n\t\t\t\t\t\t\t\t\n<style>\n#image_165144198 {\n  width: 100%;\n}\n<\/style>\n\t<\/div>\n\t\n\t\t<\/div>\n\t\t\t\t\t<\/div>\n\n\t\n<\/div>\n\t<div class=\"img has-hover x md-x lg-x y md-y lg-y\" id=\"image_1526429490\">\n\t\t\t\t\t\t\t\t<div class=\"img-inner dark\" >\n\t\t\t<img loading=\"lazy\" decoding=\"async\" width=\"1020\" height=\"636\" src=\"https:\/\/hekes.ee\/wp-content\/uploads\/2021\/04\/jabsco-toidupumbad-5.png\" class=\"attachment-large size-large\" alt=\"\" srcset=\"https:\/\/hekes.ee\/wp-content\/uploads\/2021\/04\/jabsco-toidupumbad-5.png 1279w, https:\/\/hekes.ee\/wp-content\/uploads\/2021\/04\/jabsco-toidupumbad-5-510x318.png 510w, https:\/\/hekes.ee\/wp-content\/uploads\/2021\/04\/jabsco-toidupumbad-5-641x400.png 641w, https:\/\/hekes.ee\/wp-content\/uploads\/2021\/04\/jabsco-toidupumbad-5-768x479.png 768w\" sizes=\"auto, (max-width: 1020px) 100vw, 1020px\" \/>\t\t\t\t\t\t\n\t\t\t\t\t<\/div>\n\t\t\t\t\t\t\t\t\n<style>\n#image_1526429490 {\n  width: 100%;\n}\n<\/style>\n\t<\/div>\n\t\n\t<div class=\"img has-hover x md-x lg-x y md-y lg-y\" id=\"image_1608696754\">\n\t\t\t\t\t\t\t\t<div class=\"img-inner dark\" >\n\t\t\t<img loading=\"lazy\" decoding=\"async\" width=\"1020\" height=\"638\" src=\"https:\/\/hekes.ee\/wp-content\/uploads\/2021\/04\/jabsco-toidupumbad-6.png\" class=\"attachment-large size-large\" alt=\"\" srcset=\"https:\/\/hekes.ee\/wp-content\/uploads\/2021\/04\/jabsco-toidupumbad-6.png 1279w, https:\/\/hekes.ee\/wp-content\/uploads\/2021\/04\/jabsco-toidupumbad-6-510x319.png 510w, https:\/\/hekes.ee\/wp-content\/uploads\/2021\/04\/jabsco-toidupumbad-6-640x400.png 640w, https:\/\/hekes.ee\/wp-content\/uploads\/2021\/04\/jabsco-toidupumbad-6-768x480.png 768w\" sizes=\"auto, (max-width: 1020px) 100vw, 1020px\" \/>\t\t\t\t\t\t\n\t\t\t\t\t<\/div>\n\t\t\t\t\t\t\t\t\n<style>\n#image_1608696754 {\n  width: 100%;\n}\n<\/style>\n\t<\/div>\n\t\n\t<div class=\"img has-hover x md-x lg-x y md-y lg-y\" id=\"image_1749746526\">\n\t\t\t\t\t\t\t\t<div class=\"img-inner dark\" >\n\t\t\t<img loading=\"lazy\" decoding=\"async\" width=\"1020\" height=\"638\" src=\"https:\/\/hekes.ee\/wp-content\/uploads\/2021\/04\/jabsco-toidupumbad-7.png\" class=\"attachment-large size-large\" alt=\"\" srcset=\"https:\/\/hekes.ee\/wp-content\/uploads\/2021\/04\/jabsco-toidupumbad-7.png 1280w, https:\/\/hekes.ee\/wp-content\/uploads\/2021\/04\/jabsco-toidupumbad-7-510x319.png 510w, https:\/\/hekes.ee\/wp-content\/uploads\/2021\/04\/jabsco-toidupumbad-7-640x400.png 640w, https:\/\/hekes.ee\/wp-content\/uploads\/2021\/04\/jabsco-toidupumbad-7-768x480.png 768w\" sizes=\"auto, (max-width: 1020px) 100vw, 1020px\" \/>\t\t\t\t\t\t\n\t\t\t\t\t<\/div>\n\t\t\t\t\t\t\t\t\n<style>\n#image_1749746526 {\n  width: 100%;\n}\n<\/style>\n\t<\/div>\n\t\n","protected":false},"excerpt":{"rendered":"","protected":false},"author":2,"featured_media":0,"parent":11542,"menu_order":23,"comment_status":"closed","ping_status":"closed","template":"","meta":{"footnotes":""},"class_list":["post-10757","page","type-page","status-publish","hentry"],"_links":{"self":[{"href":"https:\/\/hekes.ee\/ru\/wp-json\/wp\/v2\/pages\/10757","targetHints":{"allow":["GET"]}}],"collection":[{"href":"https:\/\/hekes.ee\/ru\/wp-json\/wp\/v2\/pages"}],"about":[{"href":"https:\/\/hekes.ee\/ru\/wp-json\/wp\/v2\/types\/page"}],"author":[{"embeddable":true,"href":"https:\/\/hekes.ee\/ru\/wp-json\/wp\/v2\/users\/2"}],"replies":[{"embeddable":true,"href":"https:\/\/hekes.ee\/ru\/wp-json\/wp\/v2\/comments?post=10757"}],"version-history":[{"count":7,"href":"https:\/\/hekes.ee\/ru\/wp-json\/wp\/v2\/pages\/10757\/revisions"}],"predecessor-version":[{"id":11601,"href":"https:\/\/hekes.ee\/ru\/wp-json\/wp\/v2\/pages\/10757\/revisions\/11601"}],"up":[{"embeddable":true,"href":"https:\/\/hekes.ee\/ru\/wp-json\/wp\/v2\/pages\/11542"}],"wp:attachment":[{"href":"https:\/\/hekes.ee\/ru\/wp-json\/wp\/v2\/media?parent=10757"}],"curies":[{"name":"wp","href":"https:\/\/api.w.org\/{rel}","templated":true}]}}